{"id":3,"date":"2024-08-12T12:57:10","date_gmt":"2024-08-12T12:57:10","guid":{"rendered":"https:\/\/nepsi.leidardev.com\/\/\/\/?page_id=3"},"modified":"2024-10-21T10:40:39","modified_gmt":"2024-10-21T10:40:39","slug":"privacy-policy","status":"publish","type":"page","link":"https:\/\/training.nepsi.eu\/cs\/privacy-policy\/","title":{"rendered":"Z\u00e1sady ochrany osobn\u00edch \u00fadaj\u016f"},"content":{"rendered":"<div class=\"wp-block-c83-section uk-section uk-background-norepeat\">\n<div class=\"wp-block-c83-container uk-container\">\n<h1 class=\"wp-block-c83-post-title uk-text-left\">Z\u00e1sady ochrany osobn\u00edch \u00fadaj\u016f<\/h1>\n\n\n\n<p class=\"wp-block-c83-text uk-text-left translation-block\">Ochrana va\u0161eho soukrom\u00ed je pro n\u00e1s d\u016fle\u017eit\u00e1. Z\u00e1sadou spole\u010dnosti NEPSI je respektovat va\u0161e soukrom\u00ed, pokud jde o ve\u0161ker\u00e9 informace, kter\u00e9 od v\u00e1s p\u0159\u00edpadn\u011b m\u016f\u017eeme shroma\u017e\u010fovat na na\u0161ich webov\u00fdch str\u00e1nk\u00e1ch, <a href=\"https:\/\/www.nepsi.eu\/\" target=\"_self\">https:\/\/www.nepsi.eu\/<\/a> a dal\u0161\u00edch str\u00e1nk\u00e1ch, kter\u00e9 vlastn\u00edme a provozujeme.<\/p>\n\n\n\n<p class=\"wp-block-c83-text uk-text-left\">Osobn\u00ed \u00fadaje po\u017eadujeme pouze tehdy, pokud je to skute\u010dn\u011b nezbytn\u00e9 k tomu, abychom v\u00e1m mohli poskytnout slu\u017ebu. Shroma\u017e\u010fujeme je spravedliv\u00fdmi a z\u00e1konn\u00fdmi prost\u0159edky, s va\u0161\u00edm v\u011bdom\u00edm a souhlasem. Rovn\u011b\u017e v\u00e1m d\u00e1m\u011b v\u011bd\u011bt, pro\u010d je shroma\u017e\u010fujeme a jak budou pou\u017eity.<\/p>\n\n\n\n<p class=\"wp-block-c83-text uk-text-left\">Shrom\u00e1\u017ed\u011bn\u00e9 informace uchov\u00e1v\u00e1me pouze po dobu nezbytn\u011b nutnou k poskytnut\u00ed po\u017eadovan\u00e9 slu\u017eby. \u00dadaje, kter\u00e9 uchov\u00e1v\u00e1me, budeme chr\u00e1nit v r\u00e1mci komer\u010dn\u011b p\u0159ijateln\u00fdch opat\u0159en\u00ed ur\u010den\u00fdch k tomu, abychom zabr\u00e1nili jejich ztr\u00e1t\u011b a kr\u00e1de\u017ei, jako\u017e i neopr\u00e1vn\u011bn\u00e9mu p\u0159\u00edstupu, zve\u0159ejn\u011bn\u00ed, kop\u00edrov\u00e1n\u00ed, pou\u017eit\u00ed nebo \u00faprav\u00e1m.<\/p>\n\n\n\n<p class=\"wp-block-c83-text uk-text-left\">\u017d\u00e1dn\u00e9 osobn\u00ed \u00fadaje nesd\u00edl\u00edme ve\u0159ejn\u011b ani s t\u0159et\u00edmi stranami, s v\u00fdjimkou p\u0159\u00edpad\u016f, kdy to vy\u017eaduje z\u00e1kon.<\/p>\n\n\n\n<p class=\"wp-block-c83-text uk-text-left\">Na\u0161e webov\u00e9 str\u00e1nky mohou odkazovat na extern\u00ed str\u00e1nky, kter\u00e9 neprovozujeme. Upozor\u0148ujeme, \u017ee nem\u00e1me kontrolu nad obsahem a postupy t\u011bchto str\u00e1nek a nem\u016f\u017eeme p\u0159evz\u00edt odpov\u011bdnost za jejich z\u00e1sady ochrany osobn\u00edch \u00fadaj\u016f.<\/p>\n\n\n\n<p class=\"wp-block-c83-text uk-text-left\">Na\u0161i \u017e\u00e1dost o poskytnut\u00ed osobn\u00edch \u00fadaj\u016f m\u016f\u017eete odm\u00edtnout s t\u00edm, \u017ee je mo\u017en\u00e9, \u017ee v\u00e1m nebudeme moci poskytnout n\u011bkter\u00e9 z po\u017eadovan\u00fdch slu\u017eeb.<\/p>\n\n\n\n<p class=\"wp-block-c83-text uk-text-left\">Va\u0161e dal\u0161\u00ed pou\u017e\u00edv\u00e1n\u00ed na\u0161ich webov\u00fdch str\u00e1nek budeme pova\u017eovat za souhlas s na\u0161imi postupy t\u00fdkaj\u00edc\u00edmi se ochrany soukrom\u00ed a osobn\u00edch \u00fadaj\u016f. M\u00e1te-li jak\u00e9koli ot\u00e1zky t\u00fdkaj\u00edc\u00ed se toho, jak nakl\u00e1d\u00e1me s \u00fadaji u\u017eivatel\u016f a osobn\u00edmi informacemi, nev\u00e1hejte n\u00e1s kontaktovat.<br><\/p>\n\n\n\n<p class=\"wp-block-c83-text uk-text-left\">Tyto z\u00e1sady jsou platn\u00e9 od 01.12.2020.<\/p>\n<\/div>\n<\/div>","protected":false},"excerpt":{"rendered":"","protected":false},"author":1,"featured_media":0,"parent":0,"menu_order":0,"comment_status":"closed","ping_status":"closed","template":"","meta":{"footnotes":""},"class_list":["post-3","page","type-page","status-publish","hentry"],"_links":{"self":[{"href":"https:\/\/training.nepsi.eu\/cs\/wp-json\/wp\/v2\/pages\/3","targetHints":{"allow":["GET"]}}],"collection":[{"href":"https:\/\/training.nepsi.eu\/cs\/wp-json\/wp\/v2\/pages"}],"about":[{"href":"https:\/\/training.nepsi.eu\/cs\/wp-json\/wp\/v2\/types\/page"}],"author":[{"embeddable":true,"href":"https:\/\/training.nepsi.eu\/cs\/wp-json\/wp\/v2\/users\/1"}],"replies":[{"embeddable":true,"href":"https:\/\/training.nepsi.eu\/cs\/wp-json\/wp\/v2\/comments?post=3"}],"version-history":[{"count":0,"href":"https:\/\/training.nepsi.eu\/cs\/wp-json\/wp\/v2\/pages\/3\/revisions"}],"wp:attachment":[{"href":"https:\/\/training.nepsi.eu\/cs\/wp-json\/wp\/v2\/media?parent=3"}],"curies":[{"name":"wp","href":"https:\/\/api.w.org\/{rel}","templated":true}]}}