{"id":398,"date":"2024-09-19T10:23:33","date_gmt":"2024-09-19T10:23:33","guid":{"rendered":"https:\/\/nepsi.leidardev.com\/\/\/\/?page_id=398"},"modified":"2025-09-30T09:59:53","modified_gmt":"2025-09-30T09:59:53","slug":"about-us","status":"publish","type":"page","link":"https:\/\/training.nepsi.eu\/cs\/about-us\/","title":{"rendered":"O N\u00c1S"},"content":{"rendered":"<div class=\"wp-block-c83-section uk-section uk-background-norepeat\">\n<div class=\"wp-block-c83-container uk-container\">\n<h1 class=\"wp-block-c83-post-title uk-text-left\">O N\u00c1S<\/h1>\n\n\n\n<p class=\"wp-block-c83-text uk-text-left uk-text-lead\">NEPSI (Evropsk\u00e1 s\u00ed\u0165 pro k\u0159emen) je organizace vytvo\u0159en\u00e1 skupinou evropsk\u00fdch odv\u011btvov\u00fdch profesn\u00edch sdru\u017een\u00ed a odborov\u00fdch svaz\u016f s c\u00edlem sn\u00ed\u017eit expozici d\u00fdchateln\u00e9mu krystalick\u00e9mu k\u0159emeni (RCS) na pracovi\u0161ti.<\/p>\n\n\n\n<p class=\"wp-block-c83-text uk-text-left\">Tato organizace se zam\u011b\u0159uje na prov\u00e1d\u011bn\u00ed dohody o soci\u00e1ln\u00edm dialogu podepsan\u00e9 v roce 2006, kter\u00e1 klade d\u016fraz na podporu zdrav\u00ed a bezpe\u010dnosti pracovn\u00edk\u016f prost\u0159ednictv\u00edm zav\u00e1d\u011bn\u00ed osv\u011bd\u010den\u00fdch postup\u016f p\u0159i manipulaci s materi\u00e1ly obsahuj\u00edc\u00edmi krystalick\u00fd k\u0159emen a jejich pou\u017e\u00edv\u00e1n\u00ed. Pracovn\u00edci v odv\u011btv\u00edch, jako je stavebnictv\u00ed, t\u011b\u017eba nebo v\u00fdroba skla, jsou vystaveni riziku expozice RCS, kter\u00e1 m\u016f\u017ee v\u00e9st k v\u00e1\u017en\u00fdm onemocn\u011bn\u00edm, nap\u0159\u00edklad silik\u00f3ze.<\/p>\n\n\n\n<p class=\"wp-block-c83-text uk-text-left uk-link-text uk-text-custom\">Chcete-li se o NEPSI dozv\u011bd\u011bt v\u00edce nebo n\u00e1s kontaktovat, nav\u0161tivte <a href=\"https:\/\/nepsi.eu\/\" data-type=\"link\" data-id=\"https:\/\/nepsi.eu\/\" target=\"_blank\" rel=\"noreferrer noopener\">nepsi.eu<\/a>.<\/p>\n\n\n\n<div class=\"wp-block-c83-vspace c83-vspace-normal\"><\/div>\n\n\n\n<a class=\"wp-block-c83-button uk-button-primary uk-button uk-button-large\" href=\"https:\/\/nepsi.eu\" target=\"_blank\" rel=\"noopener\" role=\"link\"><span>nepsi.eu<\/span><\/a>\n<\/div>\n<\/div>","protected":false},"excerpt":{"rendered":"<p>NEPSI (Evropsk\u00e1 s\u00ed\u0165 pro k\u0159emen) je organizace vytvo\u0159en\u00e1 skupinou evropsk\u00fdch odv\u011btvov\u00fdch profesn\u00edch sdru\u017een\u00ed a odborov\u00fdch svaz\u016f s c\u00edlem sn\u00ed\u017eit expozici d\u00fdchateln\u00e9mu krystalick\u00e9mu k\u0159emeni (RCS) na pracovi\u0161ti. <\/p>","protected":false},"author":1,"featured_media":0,"parent":0,"menu_order":0,"comment_status":"closed","ping_status":"closed","template":"","meta":{"footnotes":""},"class_list":["post-398","page","type-page","status-publish","hentry"],"_links":{"self":[{"href":"https:\/\/training.nepsi.eu\/cs\/wp-json\/wp\/v2\/pages\/398","targetHints":{"allow":["GET"]}}],"collection":[{"href":"https:\/\/training.nepsi.eu\/cs\/wp-json\/wp\/v2\/pages"}],"about":[{"href":"https:\/\/training.nepsi.eu\/cs\/wp-json\/wp\/v2\/types\/page"}],"author":[{"embeddable":true,"href":"https:\/\/training.nepsi.eu\/cs\/wp-json\/wp\/v2\/users\/1"}],"replies":[{"embeddable":true,"href":"https:\/\/training.nepsi.eu\/cs\/wp-json\/wp\/v2\/comments?post=398"}],"version-history":[{"count":2,"href":"https:\/\/training.nepsi.eu\/cs\/wp-json\/wp\/v2\/pages\/398\/revisions"}],"predecessor-version":[{"id":3146,"href":"https:\/\/training.nepsi.eu\/cs\/wp-json\/wp\/v2\/pages\/398\/revisions\/3146"}],"wp:attachment":[{"href":"https:\/\/training.nepsi.eu\/cs\/wp-json\/wp\/v2\/media?parent=398"}],"curies":[{"name":"wp","href":"https:\/\/api.w.org\/{rel}","templated":true}]}}