{"id":3,"date":"2024-08-12T12:57:10","date_gmt":"2024-08-12T12:57:10","guid":{"rendered":"https:\/\/nepsi.leidardev.com\/\/\/\/?page_id=3"},"modified":"2024-10-21T10:40:39","modified_gmt":"2024-10-21T10:40:39","slug":"privacy-policy","status":"publish","type":"page","link":"https:\/\/training.nepsi.eu\/da\/privacy-policy\/","title":{"rendered":"PRIVATLIVSPOLITIK"},"content":{"rendered":"<div class=\"wp-block-c83-section uk-section uk-background-norepeat\">\n<div class=\"wp-block-c83-container uk-container\">\n<h1 class=\"wp-block-c83-post-title uk-text-left\">PRIVATLIVSPOLITIK<\/h1>\n\n\n\n<p class=\"wp-block-c83-text uk-text-left translation-block\">Dit privatliv er vigtigt for os. Det er NEPSI\u2019s politik at respektere dit privatliv i forbindelse med din oplysninger, som vi kan indsamle om dig via vores hjemmeside, <a href=\"https:\/\/www.nepsi.eu\/\" target=\"_self\">https:\/\/www.nepsi.eu\/<\/a> og andre sider, som vi ejer og driver.<\/p>\n\n\n\n<p class=\"wp-block-c83-text uk-text-left\">Vi beder kun op personoplysninger, n\u00e5r vi virkelig har brug for dem for at kunne levere en service til dig. Vi indsamler dem p\u00e5 en retf\u00e6rdig og lovlig m\u00e5de, med din viden og dit samtykke. Vi giver dig besked om hvorfor vi indsamler dem, og hvordan de vil blive brugt.<\/p>\n\n\n\n<p class=\"wp-block-c83-text uk-text-left\">Vi opbevarer kun indsamlede oplysninger s\u00e5 l\u00e6nge som n\u00f8dvendigt for at kunne give dig den service, som du har bedt om. Vi beskytter de gemte oplysninger med kommercielt accepterede metoder for at forbygge tab og tyveri samt ulovlig adgang, videregivelse, kopiering, anvendelse eller \u00e6ndringer.<\/p>\n\n\n\n<p class=\"wp-block-c83-text uk-text-left\">Vi deler ikke oplysninger, som kan identificere dig som person, offentligt eller med tredjepart, undtagen hvis lovgivningen kr\u00e6ver det.<\/p>\n\n\n\n<p class=\"wp-block-c83-text uk-text-left\">Vores hjemmeside kan indeholde links til eksterne sider, som ikke drives af os. V\u00e6r venligst opm\u00e6rksom p\u00e5, at vi ikke har nogen kontrol over indhold og praksis p\u00e5 disse hjemmesider, og er ikke ansvarlige for og h\u00e6fter ikke for deres respektive privatlivspolitikker.<\/p>\n\n\n\n<p class=\"wp-block-c83-text uk-text-left\">Det st\u00e5r dig frit for at afvise vores anmodning om personoplysninger, hvis du forst\u00e5r, at vi muligvis ikke vil kunne levere noget af den service,som du \u00f8nsker.<\/p>\n\n\n\n<p class=\"wp-block-c83-text uk-text-left\">Din fortsatte anvendelse af vores hjemmeside vil blive betragtet som godkendelse af vores praksis for privatliv og personoplysninger. Hvis du har sp\u00f8rgsm\u00e5l ang\u00e5ende vores h\u00e5ndtering af brugeroplysninger og personoplysninger, er du velkommen til at kontakte os.<br><\/p>\n\n\n\n<p class=\"wp-block-c83-text uk-text-left\">Denne politik g\u00e6lder fra 01\/12\/2020.<\/p>\n<\/div>\n<\/div>","protected":false},"excerpt":{"rendered":"","protected":false},"author":1,"featured_media":0,"parent":0,"menu_order":0,"comment_status":"closed","ping_status":"closed","template":"","meta":{"footnotes":""},"class_list":["post-3","page","type-page","status-publish","hentry"],"_links":{"self":[{"href":"https:\/\/training.nepsi.eu\/da\/wp-json\/wp\/v2\/pages\/3","targetHints":{"allow":["GET"]}}],"collection":[{"href":"https:\/\/training.nepsi.eu\/da\/wp-json\/wp\/v2\/pages"}],"about":[{"href":"https:\/\/training.nepsi.eu\/da\/wp-json\/wp\/v2\/types\/page"}],"author":[{"embeddable":true,"href":"https:\/\/training.nepsi.eu\/da\/wp-json\/wp\/v2\/users\/1"}],"replies":[{"embeddable":true,"href":"https:\/\/training.nepsi.eu\/da\/wp-json\/wp\/v2\/comments?post=3"}],"version-history":[{"count":0,"href":"https:\/\/training.nepsi.eu\/da\/wp-json\/wp\/v2\/pages\/3\/revisions"}],"wp:attachment":[{"href":"https:\/\/training.nepsi.eu\/da\/wp-json\/wp\/v2\/media?parent=3"}],"curies":[{"name":"wp","href":"https:\/\/api.w.org\/{rel}","templated":true}]}}