{"id":400,"date":"2024-09-19T10:23:53","date_gmt":"2024-09-19T10:23:53","guid":{"rendered":"https:\/\/nepsi.leidardev.com\/\/\/\/?page_id=400"},"modified":"2025-08-04T14:33:26","modified_gmt":"2025-08-04T14:33:26","slug":"training-packs","status":"publish","type":"page","link":"https:\/\/training.nepsi.eu\/da\/training-packs\/","title":{"rendered":"Undervisningspakker"},"content":{"rendered":"<div class=\"wp-block-c83-section uk-section uk-background-norepeat\">\n<div class=\"wp-block-c83-container uk-container\">\n<h1 class=\"wp-block-c83-post-title uk-text-left\">Undervisningspakker<\/h1>\n\n\n\n<p class=\"wp-block-c83-text uk-text-left uk-text-lead\">NEPSI undervisningspakker om god praksis er en del af undervisningstrinnet i implementeringen af NEPSI god praksis.<\/p>\n\n\n\n<p class=\"wp-block-c83-text uk-text-left\">De enkelte PowerPoint undervisningspakker d\u00e6kker emner, som er relevante for arbejdere p\u00e5 tv\u00e6rs af alle de brancher, som anvender materialer, som indholder krystallinsk silica. Pakkerne giver information om risikoen for st\u00f8veksponering i forbindelse med emnet og og praksis og foranstaltninger, som kan begr\u00e6nse den. Form\u00e5let med undervisningen er, at informere og uddanne arbejdere, med st\u00f8tte fra en underviser, for at hj\u00e6lpe dem med at anvende bek\u00e6mpelsesforanstaltningerne effektivt og begr\u00e6nse deres eksponering for respirabelt krystallinsk silica (RSC) p\u00e5 arbejdspladsen.<\/p>\n\n\n\n<p class=\"wp-block-c83-text uk-text-left\">\u2018Hele pakken\u2019 med undervisningsmaterialer giver dig mulighed for at downloade alle 13 PowerPoint undervisningspakker p\u00e5 en gang. Men du kan ogs\u00e5 downloade pakkerne enkeltvist.<\/p>\n\n\n\n<h2 class=\"wp-block-c83-heading uk-text-left\">Download alle undervisningspakkerne p\u00e5 dit sprog:<\/h2>\n\n\n\n<div class=\"wp-block-c83-vspace c83-vspace-large\"><\/div>\n\n\n\n<div class=\"wp-block-c83-grid uk-grid uk-grid-large  uk-child-width-1-2@s uk-child-width-1-4@m\" uk-grid=\"masonry: false; parallax: 0; parallaxStart: 0; parallaxEnd: 0; parallaxJustify: false;\">\n<div class=\"wp-block-c83-grid-item\">\n<a class=\"wp-block-c83-button uk-button-primary uk-button uk-button-large\" href=\"https:\/\/nepsi.leidardev.com\/\/\/training-packs\/bulgarian\/\" target=\"_self\" rel=\"noopener\" role=\"link\"><span>Bulgarian<\/span><\/a>\n<\/div>\n\n\n\n<div class=\"wp-block-c83-grid-item\">\n<a class=\"wp-block-c83-button uk-button-primary uk-button uk-button-large\" href=\"https:\/\/nepsi.leidardev.com\/\/\/training-packs\/croatian\/\" target=\"_self\" rel=\"noopener\" role=\"link\"><span>Croatian<\/span><\/a>\n<\/div>\n\n\n\n<div class=\"wp-block-c83-grid-item\">\n<a class=\"wp-block-c83-button uk-button-primary uk-button uk-button-large\" href=\"https:\/\/nepsi.leidardev.com\/\/\/training-packs\/czech\/\" target=\"_self\" rel=\"noopener\" role=\"link\"><span>Czech<\/span><\/a>\n<\/div>\n\n\n\n<div class=\"wp-block-c83-grid-item\">\n<a class=\"wp-block-c83-button uk-button-primary uk-button uk-button-large\" href=\"https:\/\/nepsi.leidardev.com\/\/\/training-packs\/danish\/\" target=\"_self\" rel=\"noopener\" role=\"link\"><span>Dansk<\/span><\/a>\n<\/div>\n\n\n\n<div class=\"wp-block-c83-grid-item\">\n<a class=\"wp-block-c83-button uk-button-primary uk-button uk-button-large\" href=\"https:\/\/nepsi.leidardev.com\/\/\/training-packs\/dutch\/\" target=\"_self\" rel=\"noopener\" role=\"link\"><span>Dutch<\/span><\/a>\n<\/div>\n\n\n\n<div class=\"wp-block-c83-grid-item\">\n<a class=\"wp-block-c83-button uk-button-primary uk-button uk-button-large\" href=\"https:\/\/nepsi.leidardev.com\/\/\/training-packs\/english\/\" target=\"_self\" rel=\"noopener\" role=\"link\"><span>English<\/span><\/a>\n<\/div>\n\n\n\n<div class=\"wp-block-c83-grid-item\">\n<a class=\"wp-block-c83-button uk-button-primary uk-button uk-button-large\" href=\"https:\/\/nepsi.leidardev.com\/\/\/training-packs\/estonian\/\" target=\"_self\" rel=\"noopener\" role=\"link\"><span>Estonian<\/span><\/a>\n<\/div>\n\n\n\n<div class=\"wp-block-c83-grid-item\">\n<a class=\"wp-block-c83-button uk-button-primary uk-button uk-button-large\" href=\"https:\/\/nepsi.leidardev.com\/\/\/training-packs\/finnish\/\" target=\"_self\" rel=\"noopener\" role=\"link\"><span>Finnish<\/span><\/a>\n<\/div>\n\n\n\n<div class=\"wp-block-c83-grid-item\">\n<a class=\"wp-block-c83-button uk-button-primary uk-button uk-button-large\" href=\"https:\/\/nepsi.leidardev.com\/\/\/training-packs\/french\/\" target=\"_self\" rel=\"noopener\" role=\"link\"><span>French<\/span><\/a>\n<\/div>\n\n\n\n<div class=\"wp-block-c83-grid-item\">\n<a class=\"wp-block-c83-button uk-button-primary uk-button uk-button-large\" href=\"https:\/\/nepsi.leidardev.com\/\/\/training-packs\/german\/\" target=\"_self\" rel=\"noopener\" role=\"link\"><span>German<\/span><\/a>\n<\/div>\n\n\n\n<div class=\"wp-block-c83-grid-item\">\n<a class=\"wp-block-c83-button uk-button-primary uk-button uk-button-large\" href=\"https:\/\/nepsi.leidardev.com\/\/\/training-packs\/greek\/\" target=\"_self\" rel=\"noopener\" role=\"link\"><span>Greek<\/span><\/a>\n<\/div>\n\n\n\n<div class=\"wp-block-c83-grid-item\">\n<a class=\"wp-block-c83-button uk-button-primary uk-button uk-button-large\" href=\"https:\/\/nepsi.leidardev.com\/\/\/training-packs\/hungarian\/\" target=\"_self\" rel=\"noopener\" role=\"link\"><span>Hungarian<\/span><\/a>\n<\/div>\n\n\n\n<div class=\"wp-block-c83-grid-item\">\n<a class=\"wp-block-c83-button uk-button-primary uk-button uk-button-large\" href=\"https:\/\/nepsi.leidardev.com\/\/\/training-packs\/italian\/\" target=\"_self\" rel=\"noopener\" role=\"link\"><span>Italian<\/span><\/a>\n<\/div>\n\n\n\n<div class=\"wp-block-c83-grid-item\">\n<a class=\"wp-block-c83-button uk-button-primary uk-button uk-button-large\" href=\"https:\/\/nepsi.leidardev.com\/\/\/training-packs\/latvian\/\" target=\"_self\" rel=\"noopener\" role=\"link\"><span>Latvian<\/span><\/a>\n<\/div>\n\n\n\n<div class=\"wp-block-c83-grid-item\">\n<a class=\"wp-block-c83-button uk-button-primary uk-button uk-button-large\" href=\"https:\/\/nepsi.leidardev.com\/\/\/training-packs\/lithuanian\/\" target=\"_self\" rel=\"noopener\" role=\"link\"><span>Lithuanian<\/span><\/a>\n<\/div>\n\n\n\n<div class=\"wp-block-c83-grid-item\">\n<a class=\"wp-block-c83-button uk-button-primary uk-button uk-button-large\" href=\"https:\/\/nepsi.leidardev.com\/\/\/training-packs\/maltese\/\" target=\"_self\" rel=\"noopener\" role=\"link\"><span>Maltese<\/span><\/a>\n<\/div>\n\n\n\n<div class=\"wp-block-c83-grid-item\">\n<a class=\"wp-block-c83-button uk-button-primary uk-button uk-button-large\" href=\"https:\/\/nepsi.leidardev.com\/\/\/training-packs\/polish\/\" target=\"_self\" rel=\"noopener\" role=\"link\"><span>Polish<\/span><\/a>\n<\/div>\n\n\n\n<div class=\"wp-block-c83-grid-item\">\n<a class=\"wp-block-c83-button uk-button-primary uk-button uk-button-large\" href=\"https:\/\/nepsi.leidardev.com\/\/\/training-packs\/portuguese\/\" target=\"_self\" rel=\"noopener\" role=\"link\"><span>Portuguese<\/span><\/a>\n<\/div>\n\n\n\n<div class=\"wp-block-c83-grid-item\">\n<a class=\"wp-block-c83-button uk-button-primary uk-button uk-button-large\" href=\"https:\/\/nepsi.leidardev.com\/\/\/training-packs\/romanian\/\" target=\"_self\" rel=\"noopener\" role=\"link\"><span>Romanian<\/span><\/a>\n<\/div>\n\n\n\n<div class=\"wp-block-c83-grid-item\">\n<a class=\"wp-block-c83-button uk-button-primary uk-button uk-button-large\" href=\"https:\/\/nepsi.leidardev.com\/\/\/training-packs\/slovakian\/\" target=\"_self\" rel=\"noopener\" role=\"link\"><span>Slovakian<\/span><\/a>\n<\/div>\n\n\n\n<div class=\"wp-block-c83-grid-item\">\n<a class=\"wp-block-c83-button uk-button-primary uk-button uk-button-large\" href=\"https:\/\/nepsi.leidardev.com\/\/\/training-packs\/slovenian\/\" target=\"_self\" rel=\"noopener\" role=\"link\"><span>Slovenian<\/span><\/a>\n<\/div>\n\n\n\n<div class=\"wp-block-c83-grid-item\">\n<a class=\"wp-block-c83-button uk-button-primary uk-button uk-button-large\" href=\"https:\/\/nepsi.leidardev.com\/\/\/training-packs\/spanish\/\" target=\"_self\" rel=\"noopener\" role=\"link\"><span>Spanish<\/span><\/a>\n<\/div>\n\n\n\n<div class=\"wp-block-c83-grid-item\">\n<a class=\"wp-block-c83-button uk-button-primary uk-button uk-button-large\" href=\"https:\/\/nepsi.leidardev.com\/\/\/training-packs\/swedish\/\" target=\"_self\" rel=\"noopener\" role=\"link\"><span>Swedish<\/span><\/a>\n<\/div>\n<\/div>\n<\/div>\n<\/div>","protected":false},"excerpt":{"rendered":"","protected":false},"author":1,"featured_media":0,"parent":0,"menu_order":0,"comment_status":"closed","ping_status":"closed","template":"","meta":{"footnotes":""},"class_list":["post-400","page","type-page","status-publish","hentry"],"_links":{"self":[{"href":"https:\/\/training.nepsi.eu\/da\/wp-json\/wp\/v2\/pages\/400","targetHints":{"allow":["GET"]}}],"collection":[{"href":"https:\/\/training.nepsi.eu\/da\/wp-json\/wp\/v2\/pages"}],"about":[{"href":"https:\/\/training.nepsi.eu\/da\/wp-json\/wp\/v2\/types\/page"}],"author":[{"embeddable":true,"href":"https:\/\/training.nepsi.eu\/da\/wp-json\/wp\/v2\/users\/1"}],"replies":[{"embeddable":true,"href":"https:\/\/training.nepsi.eu\/da\/wp-json\/wp\/v2\/comments?post=400"}],"version-history":[{"count":0,"href":"https:\/\/training.nepsi.eu\/da\/wp-json\/wp\/v2\/pages\/400\/revisions"}],"wp:attachment":[{"href":"https:\/\/training.nepsi.eu\/da\/wp-json\/wp\/v2\/media?parent=400"}],"curies":[{"name":"wp","href":"https:\/\/api.w.org\/{rel}","templated":true}]}}