{"id":3,"date":"2024-08-12T12:57:10","date_gmt":"2024-08-12T12:57:10","guid":{"rendered":"https:\/\/nepsi.leidardev.com\/\/\/\/?page_id=3"},"modified":"2024-10-21T10:40:39","modified_gmt":"2024-10-21T10:40:39","slug":"privacy-policy","status":"publish","type":"page","link":"https:\/\/training.nepsi.eu\/de\/privacy-policy\/","title":{"rendered":"DATENSCHUTZ"},"content":{"rendered":"<div class=\"wp-block-c83-section uk-section uk-background-norepeat\">\n<div class=\"wp-block-c83-container uk-container\">\n<h1 class=\"wp-block-c83-post-title uk-text-left\">DATENSCHUTZ<\/h1>\n\n\n\n<p class=\"wp-block-c83-text uk-text-left translation-block\">Der Schutz Ihrer Daten ist uns wichtig. NePSI verpflichtet sich, Ihre Privatsph\u00e4re bei der Nutzung unserer Website \u00a0<a href=\"https:\/\/www.nepsi.eu\/\" target=\"_self\">https:\/\/www.nepsi.eu\/<\/a> sowie anderer Websites, die wir besitzen und betreiben, zu respektieren.<\/p>\n\n\n\n<p class=\"wp-block-c83-text uk-text-left\">Personenbezogene Daten werden nur dann abgefragt, wenn diese f\u00fcr die Erbringung einer Dienstleistung erforderlich sind. Diese Daten werden auf faire und rechtm\u00e4\u00dfige Weise mit Ihrem Wissen und Ihrer Zustimmung erhoben. Au\u00dferdem teilen wir Ihnen mit, warum wir diese Daten erheben und wie sie verwendet werden.<\/p>\n\n\n\n<p class=\"wp-block-c83-text uk-text-left\">Erhobene Daten werden nur so lange gespeichert, wie es f\u00fcr die Erbringung der von Ihnen angeforderten Dienstleistung erforderlich ist. Die von uns gespeicherten Daten werden mit allen wirtschaftlich vertretbaren Mitteln vor Verlust und Diebstahl sowie vor unbefugtem Zugriff, Offenlegung, Kopieren, Verwendung oder \u00c4nderung gesch\u00fctzt.<\/p>\n\n\n\n<p class=\"wp-block-c83-text uk-text-left\">Es werden keine personenbezogenen Daten \u00f6ffentlich oder an Dritte weitergegeben, es sei denn, dies ist gesetzlich vorgeschrieben.<\/p>\n\n\n\n<p class=\"wp-block-c83-text uk-text-left\">Unsere Website kann Links zu externen Websites enthalten, die nicht von uns betrieben werden. Wir weisen Sie darauf hin, dass wir keinen Einfluss auf den Inhalt und die Praktiken dieser Websites haben und keine Verantwortung oder Haftung f\u00fcr deren Datenschutzrichtlinien \u00fcbernehmen k\u00f6nnen.<\/p>\n\n\n\n<p class=\"wp-block-c83-text uk-text-left\">Ihnen steht es frei, unsere Anfrage nach Ihren personenbezogenen Daten abzulehnen, wobei wir Sie darauf hinweisen, dass wir Ihnen dann m\u00f6glicherweise einige der von Ihnen gew\u00fcnschten Dienstleistungen nicht zur Verf\u00fcgung stellen k\u00f6nnen.<\/p>\n\n\n\n<p class=\"wp-block-c83-text uk-text-left\">Wenn Sie unsere Website weiterhin nutzen, betrachten wir dies als Zustimmung zu unseren Datenschutzpraktiken. Bei Fragen zum Umgang mit Benutzerdaten und personenbezogenen Daten k\u00f6nnen Sie sich jederzeit an uns wenden.<br><\/p>\n\n\n\n<p class=\"wp-block-c83-text uk-text-left\">Diese Richtlinie ist ab dem 01.12.2020 g\u00fcltig.<\/p>\n<\/div>\n<\/div>","protected":false},"excerpt":{"rendered":"","protected":false},"author":1,"featured_media":0,"parent":0,"menu_order":0,"comment_status":"closed","ping_status":"closed","template":"","meta":{"footnotes":""},"class_list":["post-3","page","type-page","status-publish","hentry"],"_links":{"self":[{"href":"https:\/\/training.nepsi.eu\/de\/wp-json\/wp\/v2\/pages\/3","targetHints":{"allow":["GET"]}}],"collection":[{"href":"https:\/\/training.nepsi.eu\/de\/wp-json\/wp\/v2\/pages"}],"about":[{"href":"https:\/\/training.nepsi.eu\/de\/wp-json\/wp\/v2\/types\/page"}],"author":[{"embeddable":true,"href":"https:\/\/training.nepsi.eu\/de\/wp-json\/wp\/v2\/users\/1"}],"replies":[{"embeddable":true,"href":"https:\/\/training.nepsi.eu\/de\/wp-json\/wp\/v2\/comments?post=3"}],"version-history":[{"count":0,"href":"https:\/\/training.nepsi.eu\/de\/wp-json\/wp\/v2\/pages\/3\/revisions"}],"wp:attachment":[{"href":"https:\/\/training.nepsi.eu\/de\/wp-json\/wp\/v2\/media?parent=3"}],"curies":[{"name":"wp","href":"https:\/\/api.w.org\/{rel}","templated":true}]}}