{"id":398,"date":"2024-09-19T10:23:33","date_gmt":"2024-09-19T10:23:33","guid":{"rendered":"https:\/\/nepsi.leidardev.com\/\/\/\/?page_id=398"},"modified":"2025-09-30T09:59:53","modified_gmt":"2025-09-30T09:59:53","slug":"about-us","status":"publish","type":"page","link":"https:\/\/training.nepsi.eu\/de\/about-us\/","title":{"rendered":"\u00dcBER"},"content":{"rendered":"<div class=\"wp-block-c83-section uk-section uk-background-norepeat\">\n<div class=\"wp-block-c83-container uk-container\">\n<h1 class=\"wp-block-c83-post-title uk-text-left\">\u00dcBER<\/h1>\n\n\n\n<p class=\"wp-block-c83-text uk-text-left uk-text-lead\">Bei NEPSI (The European Network for Silica) handelt es sich um eine Organisation, die von einer Gruppe europ\u00e4ischer Branchenverb\u00e4nde und Gewerkschaften gegr\u00fcndet wurde, um die berufliche Belastung mit alveoleng\u00e4ngigem kristallinem Siliziumdioxid (RCS) zu reduzieren.<\/p>\n\n\n\n<p class=\"wp-block-c83-text uk-text-left\">Die Organisation legt den Schwerpunkt auf die Umsetzung der 2006 unterzeichneten Vereinbarung zum sozialen Dialog, in der die F\u00f6rderung der Gesundheit und Sicherheit der Arbeitnehmer durch die Umsetzung bew\u00e4hrter Verfahren f\u00fcr den Umgang mit und die Verwendung von Materialien, die kristalline Kiesels\u00e4ure enthalten, hervorgehoben wird. Arbeitnehmer in Branchen wie dem Bauwesen, dem Bergbau und der Glasherstellung sind der Gefahr einer Exposition gegen\u00fcber RCS ausgesetzt, wodurch schwerwiegende Gesundheitsprobleme wie Silikose entstehen k\u00f6nnen.<\/p>\n\n\n\n<p class=\"wp-block-c83-text uk-text-left uk-link-text uk-text-custom\">Wenn Sie mehr \u00fcber NEPSI erfahren oder Kontakt mit uns aufnehmen m\u00f6chten, besuchen Sie bitte nepsi.eu <a href=\"https:\/\/nepsi.eu\/\" data-type=\"link\" data-id=\"https:\/\/nepsi.eu\/\" target=\"_blank\" rel=\"noreferrer noopener\">nepsi.eu<\/a>.<\/p>\n\n\n\n<div class=\"wp-block-c83-vspace c83-vspace-normal\"><\/div>\n\n\n\n<a class=\"wp-block-c83-button uk-button-primary uk-button uk-button-large\" href=\"https:\/\/nepsi.eu\" target=\"_blank\" rel=\"noopener\" role=\"link\"><span>nepsi.eu<\/span><\/a>\n<\/div>\n<\/div>","protected":false},"excerpt":{"rendered":"<p>Bei NEPSI (The European Network for Silica) handelt es sich um eine Organisation, die von einer Gruppe europ\u00e4ischer Branchenverb\u00e4nde und Gewerkschaften gegr\u00fcndet wurde, um die berufliche Belastung mit alveoleng\u00e4ngigem kristallinem Siliziumdioxid (RCS) zu reduzieren. <\/p>","protected":false},"author":1,"featured_media":0,"parent":0,"menu_order":0,"comment_status":"closed","ping_status":"closed","template":"","meta":{"footnotes":""},"class_list":["post-398","page","type-page","status-publish","hentry"],"_links":{"self":[{"href":"https:\/\/training.nepsi.eu\/de\/wp-json\/wp\/v2\/pages\/398","targetHints":{"allow":["GET"]}}],"collection":[{"href":"https:\/\/training.nepsi.eu\/de\/wp-json\/wp\/v2\/pages"}],"about":[{"href":"https:\/\/training.nepsi.eu\/de\/wp-json\/wp\/v2\/types\/page"}],"author":[{"embeddable":true,"href":"https:\/\/training.nepsi.eu\/de\/wp-json\/wp\/v2\/users\/1"}],"replies":[{"embeddable":true,"href":"https:\/\/training.nepsi.eu\/de\/wp-json\/wp\/v2\/comments?post=398"}],"version-history":[{"count":2,"href":"https:\/\/training.nepsi.eu\/de\/wp-json\/wp\/v2\/pages\/398\/revisions"}],"predecessor-version":[{"id":3146,"href":"https:\/\/training.nepsi.eu\/de\/wp-json\/wp\/v2\/pages\/398\/revisions\/3146"}],"wp:attachment":[{"href":"https:\/\/training.nepsi.eu\/de\/wp-json\/wp\/v2\/media?parent=398"}],"curies":[{"name":"wp","href":"https:\/\/api.w.org\/{rel}","templated":true}]}}