{"id":3,"date":"2024-08-12T12:57:10","date_gmt":"2024-08-12T12:57:10","guid":{"rendered":"https:\/\/nepsi.leidardev.com\/\/\/\/?page_id=3"},"modified":"2024-10-21T10:40:39","modified_gmt":"2024-10-21T10:40:39","slug":"privacy-policy","status":"publish","type":"page","link":"https:\/\/training.nepsi.eu\/es\/privacy-policy\/","title":{"rendered":"POL\u00cdTICA DE PRIVACIDAD"},"content":{"rendered":"<div class=\"wp-block-c83-section uk-section uk-background-norepeat\">\n<div class=\"wp-block-c83-container uk-container\">\n<h1 class=\"wp-block-c83-post-title uk-text-left\">POL\u00cdTICA DE PRIVACIDAD<\/h1>\n\n\n\n<p class=\"wp-block-c83-text uk-text-left translation-block\">Su privacidad es importante para nosotros. Es pol\u00edtica de NEPSI respetar la privacidad relativa a cualquier informaci\u00f3n que pudi\u00e9ramos recoger sobre usted en nuestro sitio web, <a href=\"https:\/\/www.nepsi.eu\/\" target=\"_self\">https:\/\/www.nepsi.eu\/<\/a>, y en otros sitios de nuestra propiedad y que operamos.<\/p>\n\n\n\n<p class=\"wp-block-c83-text uk-text-left\">Solo le pedimos su informaci\u00f3n personal cuando realmente la necesitamos para ofrecerle un servicio. La recogemos de forma legal, con su conocimiento y su consentimiento. Tambi\u00e9n le indicamos el motivo de su recogida y el modo en el que se usar\u00e1.<\/p>\n\n\n\n<p class=\"wp-block-c83-text uk-text-left\">\u00danicamente conservamos la informaci\u00f3n recopilada durante el tiempo necesario para brindarle el servicio que ha solicitado. Protegemos los datos que conservamos con medios aceptables a nivel comercial para impedir su robo o p\u00e9rdida, as\u00ed como el acceso no autorizado a ellos, su divulgaci\u00f3n, copia, uso o modificaci\u00f3n.<\/p>\n\n\n\n<p class=\"wp-block-c83-text uk-text-left\">No compartimos de forma p\u00fablica ni con terceros ninguna informaci\u00f3n que pueda identificarle, excepto cuando as\u00ed lo exige la ley.<\/p>\n\n\n\n<p class=\"wp-block-c83-text uk-text-left\">Nuestro sitio web puede incluir enlaces a sitios externos que no operamos nosotros. Recuerde que no controlamos de ning\u00fan modo el contenido ni las pr\u00e1cticas de estos sitios y no podemos aceptar ninguna responsabilidad por sus pol\u00edticas de privacidad.<\/p>\n\n\n\n<p class=\"wp-block-c83-text uk-text-left\">Puede rechazar nuestra solicitud de informaci\u00f3n personal, aunque se entiende que es posible que no podamos brindarle alguno de los servicios que desea.<\/p>\n\n\n\n<p class=\"wp-block-c83-text uk-text-left\">Si contin\u00faa usando nuestro sitio web, se considerar\u00e1 que ha aceptado nuestras pr\u00e1cticas en materia de privacidad e informaci\u00f3n personal. Si tiene alguna pregunta sobre c\u00f3mo gestionamos los datos y la informaci\u00f3n personal de los usuarios, p\u00f3ngase en contacto con nosotros.<br><\/p>\n\n\n\n<p class=\"wp-block-c83-text uk-text-left\">Esta pol\u00edtica est\u00e1 en vigor a partir del 1 de diciembre de 2020.<\/p>\n<\/div>\n<\/div>","protected":false},"excerpt":{"rendered":"","protected":false},"author":1,"featured_media":0,"parent":0,"menu_order":0,"comment_status":"closed","ping_status":"closed","template":"","meta":{"footnotes":""},"class_list":["post-3","page","type-page","status-publish","hentry"],"_links":{"self":[{"href":"https:\/\/training.nepsi.eu\/es\/wp-json\/wp\/v2\/pages\/3","targetHints":{"allow":["GET"]}}],"collection":[{"href":"https:\/\/training.nepsi.eu\/es\/wp-json\/wp\/v2\/pages"}],"about":[{"href":"https:\/\/training.nepsi.eu\/es\/wp-json\/wp\/v2\/types\/page"}],"author":[{"embeddable":true,"href":"https:\/\/training.nepsi.eu\/es\/wp-json\/wp\/v2\/users\/1"}],"replies":[{"embeddable":true,"href":"https:\/\/training.nepsi.eu\/es\/wp-json\/wp\/v2\/comments?post=3"}],"version-history":[{"count":0,"href":"https:\/\/training.nepsi.eu\/es\/wp-json\/wp\/v2\/pages\/3\/revisions"}],"wp:attachment":[{"href":"https:\/\/training.nepsi.eu\/es\/wp-json\/wp\/v2\/media?parent=3"}],"curies":[{"name":"wp","href":"https:\/\/api.w.org\/{rel}","templated":true}]}}