{"id":341,"date":"2024-09-19T09:51:08","date_gmt":"2024-09-19T09:51:08","guid":{"rendered":"https:\/\/nepsi.leidardev.com\/\/\/\/?page_id=341"},"modified":"2024-11-12T15:53:23","modified_gmt":"2024-11-12T15:53:23","slug":"modules","status":"publish","type":"page","link":"https:\/\/training.nepsi.eu\/es\/modules\/","title":{"rendered":"M\u00d3DULOS"},"content":{"rendered":"<div class=\"wp-block-c83-section uk-section uk-margin-remove uk-padding-remove-bottom uk-background-width-1-1 uk-background-top-center uk-background-norepeat\" id=\"hero-section\" style=\"background-image:url(https:\/\/nepsi.leidardev.com\/\/\/wp-content\/uploads\/2024\/10\/bgtriangle-reversed.svg)\" data-src=\"https:\/\/nepsi.leidardev.com\/\/\/wp-content\/uploads\/2024\/10\/bgtriangle-reversed.svg\" uk-img=\"dataSrc: https:\/\/nepsi.leidardev.com\/\/\/wp-content\/uploads\/2024\/10\/bgtriangle-reversed.svg; loading: eager; margin: 50%; target: false;\">\n<div class=\"wp-block-c83-container uk-container uk-padding-remove-bottom\">\n<div class=\"wp-block-c83-grid uk-grid uk-grid-large uk-child-width-1-1 uk-child-width-1-2@m uk-margin-remove\" uk-grid=\"masonry: false; parallax: 0; parallaxStart: 0; parallaxEnd: 0; parallaxJustify: false;\">\n<div class=\"wp-block-c83-grid-item uk-padding uk-padding-remove-vertical uk-visible@m\">\n<div class=\"wp-block-c83-container uk-container uk-flex uk-flex-column uk-flex-right uk-flex-bottom uk-flex-nowrap\">\n<figure class=\"wp-block-c83-image uk-margin-remove-bottom uk-height-1-1\"><picture><source srcset=\"https:\/\/nepsi.leidardev.com\/\/\/\/wp-content\/uploads\/2024\/09\/professional-team-orange-150x150.png 150w, https:\/\/nepsi.leidardev.com\/\/\/\/wp-content\/uploads\/2024\/09\/professional-team-orange-300x164.png 300w, https:\/\/nepsi.leidardev.com\/\/\/\/wp-content\/uploads\/2024\/09\/professional-team-orange.png 597w\" type=\"image\/png\"\/><img loading=\"lazy\" decoding=\"async\" src=\"https:\/\/nepsi.leidardev.com\/\/\/\/wp-content\/uploads\/2024\/09\/professional-team-orange.png\" class=\"uk-object-\" style=\"aspect-ratio:16\/9\" alt=\"\" width=\"597\" height=\"326\" data-uk-cover=\"false\"\/><\/picture>\n<figcaption class=\"wp-block-c83-image-caption uk-hidden uk-text-small uk-margin-small-top uk-text-muted uk-text-left\"><\/figcaption>\n<\/figure>\n<\/div>\n<\/div>\n\n\n\n<div class=\"wp-block-c83-grid-item uk-padding-remove-horizontal\">\n<div class=\"wp-block-c83-container uk-container uk-padding-remove uk-height-1-1 uk-flex uk-flex-column uk-flex-center top uk-flex-nowrap\">\n<div class=\"wp-block-c83-panel uk-panel\">\n<h2 class=\"wp-block-c83-post-title uk-heading-small uk-text-bold uk-text-left uk-heading-custom uk-margin-small-bottom uk-margin-remove\">M\u00d3DULOS<\/h2>\n\n\n\n<div class=\"wp-block-c83-vspace c83-vspace-tiny\"><\/div>\n\n\n\n<p class=\"wp-block-c83-text uk-text-left uk-text-custom\">Nuestros m\u00f3dulos de formaci\u00f3n se han dise\u00f1ado para que aprenda los posibles peligros que entra\u00f1a la s\u00edlice cristalina respirable (SCR) y c\u00f3mo puede protegerse de la mejor manera posible de los efectos del pernicioso polvo en el trabajo.<\/p>\n\n\n\n<p class=\"wp-block-c83-text uk-text-left uk-text-custom\">Los m\u00f3dulos no se punt\u00faan y no hay l\u00edmite de tiempo, aunque cada m\u00f3dulo incluir\u00e1 cuestionarios de evaluaci\u00f3n. Tardar\u00e1 unos 20\u00a0minutos en terminar cada m\u00f3dulo. Para obtener su certificado, deber\u00e1 terminar cada m\u00f3dulo de una \u00fanica vez. Si abandona el proceso en alg\u00fan punto antes de terminar, tendr\u00e1 que volver a empezar.<\/p>\n<\/div>\n<\/div>\n<\/div>\n\n\n\n<div class=\"wp-block-c83-grid-item uk-padding uk-padding-remove-vertical uk-hidden@m\">\n<div class=\"wp-block-c83-container uk-container uk-flex uk-flex-column uk-flex-right uk-flex-bottom uk-flex-nowrap\">\n<figure class=\"wp-block-c83-image uk-margin-remove-bottom uk-height-1-1\"><picture><source srcset=\"https:\/\/nepsi.leidardev.com\/\/\/\/wp-content\/uploads\/2024\/09\/professional-team-orange-150x150.png 150w, https:\/\/nepsi.leidardev.com\/\/\/\/wp-content\/uploads\/2024\/09\/professional-team-orange-300x164.png 300w, https:\/\/nepsi.leidardev.com\/\/\/\/wp-content\/uploads\/2024\/09\/professional-team-orange.png 597w\" type=\"image\/png\"\/><img loading=\"lazy\" decoding=\"async\" src=\"https:\/\/nepsi.leidardev.com\/\/\/\/wp-content\/uploads\/2024\/09\/professional-team-orange.png\" class=\"uk-object-\" style=\"aspect-ratio:16\/9\" alt=\"\" width=\"597\" height=\"326\" data-uk-cover=\"false\"\/><\/picture>\n<figcaption class=\"wp-block-c83-image-caption uk-hidden uk-text-small uk-margin-small-top uk-text-muted uk-text-left\"><\/figcaption>\n<\/figure>\n<\/div>\n<\/div>\n<\/div>\n<\/div>\n<\/div>\n\n\n\n<div class=\"wp-block-c83-vspace c83-vspace-normal\"><\/div>\n\n\n\n<div class=\"wp-block-c83-section uk-section uk-margin-remove uk-padding-remove-top uk-background-width-1-1 uk-background-top-center uk-background-norepeat\">\n<div class=\"wp-block-c83-container uk-container uk-flex uk-flex-column uk-flex-left uk-flex-stretch uk-flex-nowrap\">\n<div class=\"wp-block-c83-grid uk-grid uk-grid-medium uk-margin-remove\" uk-grid=\"masonry: false; parallax: 0; parallaxStart: 0; parallaxEnd: 0; parallaxJustify: false;\">\n<div class=\"wp-block-c83-grid-item uk-padding-remove-left uk-width-1-1 uk-width-2-3@m\">\n<div class=\"wp-block-c83-container uk-container uk-padding uk-padding-remove-top uk-padding-remove-bottom uk-padding-remove-left uk-flex uk-flex-row uk-flex-between uk-flex-top uk-flex-nowrap\"><div class=\"wp-block-c83-courses\"><ul uk-accordion='{\"active\":0,\"animation\":true,\"collapsible\":false,\"duration\":200,\"multiple\":false,\"transition\":\"ease-in-out\",\"offset\":0}'><li class=\"uk-padding\">\n                        <h3 class=\"uk-accordion-title uk-margin-remove\"><span uk-icon=\"icon: plus; ratio: 0.8;\" class=\"uk-margin-small-right\"><\/span> <strong>Introducci\u00f3n a la s\u00edlice cristalina y buenas pr\u00e1cticas<\/strong><\/h3>\n                        <div class=\"uk-accordion-content\">\n                            <p class=\"uk-margin-small-top\">Aprenda c\u00f3mo reconocer los riesgos presentes en su lugar de trabajo y a identificar las pr\u00e1cticas que se utilizan para limitar la posible exposici\u00f3n a la SCR.\r\n\r\n<\/p>\n                            <div class=\"uk-flex uk-flex-row uk-flex-between uk-flex-middle uk-margin-small-top uk-width-1-1\">\n                                <a href=\"https:\/\/training.nepsi.eu\/es\/lesson\/introduction-to-crystalline-silica-and-good-practices\/\" class=\"uk-button uk-button-primary uk-button-large\">COMENZAR EL M\u00d3DULO<\/a>\n                                \n                            <\/div>\n                        <\/div>\n                    <\/li><li class=\"uk-padding\">\n                        <h3 class=\"uk-accordion-title uk-margin-remove\"><span uk-icon=\"icon: plus; ratio: 0.8;\" class=\"uk-margin-small-right\"><\/span> <strong>Control del polvo de s\u00edlice en actividades espec\u00edficas<\/strong><\/h3>\n                        <div class=\"uk-accordion-content\">\n                            <p class=\"uk-margin-small-top\">Este curso trata sobre las mejores pr\u00e1cticas para minimizar la exposici\u00f3n al polvo de la s\u00edlice cristalina respirable en el lugar de trabajo. Se basa en casos pr\u00e1cticos de la vida real. <\/p>\n                            <div class=\"uk-flex uk-flex-row uk-flex-between uk-flex-middle uk-margin-small-top uk-width-1-1\">\n                                <a href=\"https:\/\/training.nepsi.eu\/es\/lesson\/control-of-silica-dust-in-specific-activities\/\" class=\"uk-button uk-button-primary uk-button-large\">COMENZAR EL M\u00d3DULO<\/a>\n                                \n                            <\/div>\n                        <\/div>\n                    <\/li><li class=\"uk-padding\">\n                        <h3 class=\"uk-accordion-title uk-margin-remove\"><span uk-icon=\"icon: plus; ratio: 0.8;\" class=\"uk-margin-small-right\"><\/span> <strong>Bricolaje y trabajo m\u00f3vil sin polvo<\/strong><\/h3>\n                        <div class=\"uk-accordion-content\">\n                            <p class=\"uk-margin-small-top\">Este curso le ayudar\u00e1 a identificar las buenas pr\u00e1cticas y a protegerse de polvo da\u00f1ino durante su trabajo en los proyectos de mejora de su hogar o en el caso de los profesionales m\u00f3viles en su trabajo.<\/p>\n                            <div class=\"uk-flex uk-flex-row uk-flex-between uk-flex-middle uk-margin-small-top uk-width-1-1\">\n                                <a href=\"https:\/\/training.nepsi.eu\/es\/lesson\/dyi-and-mobile-work-without-dust\/\" class=\"uk-button uk-button-primary uk-button-large\">COMENZAR EL M\u00d3DULO<\/a>\n                                \n                            <\/div>\n                        <\/div>\n                    <\/li><ul><\/div>\n\n\n<div class=\"wp-block-c83-hspace c83-hspace-normal uk-visible@m\"><\/div>\n<\/div>\n<\/div>\n\n\n\n<div class=\"wp-block-c83-grid-item uk-padding-remove-horizontal uk-width-1-1 uk-width-1-3@m\">\n<div class=\"wp-block-c83-container uk-container uk-padding-remove uk-height-1-1 uk-flex uk-flex-column uk-flex-center top uk-flex-nowrap\">\n<div class=\"wp-block-c83-grid uk-grid uk-grid-medium\" uk-grid=\"masonry: false; parallax: 0; parallaxStart: 0; parallaxEnd: 0; parallaxJustify: false;\">\n<div class=\"wp-block-c83-grid-item uk-width-1-1 uk-width-1-1@m uk-width-1-1@l uk-width-1-2@s\">\n<div class=\"wp-block-c83-section uk-section uk-padding uk-background-muted-background-darkest uk-background-cover uk-background-norepeat uk-background-blend-multiply\" style=\"background-image:url(https:\/\/nepsi.leidardev.com\/\/\/wp-content\/uploads\/2024\/09\/hand-scaled-1.jpg)\" data-src=\"https:\/\/nepsi.leidardev.com\/\/\/wp-content\/uploads\/2024\/09\/hand-scaled-1.jpg\" uk-img=\"dataSrc: https:\/\/nepsi.leidardev.com\/\/\/wp-content\/uploads\/2024\/09\/hand-scaled-1.jpg; loading: eager; margin: 50%; target: false;\">\n<div class=\"wp-block-c83-container uk-container uk-width-1-1 uk-flex uk-flex-column uk-flex-left uk-flex-top uk-flex-nowrap\">\n<h3 class=\"wp-block-c83-heading uk-text-white uk-text-left uk-heading-custom\"><strong>Gu\u00eda de Buenas Pr\u00e1cticas<\/strong><\/h3>\n\n\n\n<div class=\"wp-block-c83-vspace c83-vspace-normal\"><\/div>\n\n\n\n<a class=\"wp-block-c83-button uk-button-default uk-button\" href=\"https:\/\/guide.nepsi.eu\/\" target=\"_blank\" rel=\"noopener\" role=\"link\"><span>VISITAR LA P\u00c1GINA WEB<\/span><\/a>\n<\/div>\n<\/div>\n<\/div>\n\n\n\n<div class=\"wp-block-c83-grid-item uk-width-1-1 uk-width-1-1@m uk-width-1-1@l uk-width-1-2@s\">\n<div class=\"wp-block-c83-section uk-section uk-padding uk-background-muted-background-darkest uk-background-cover uk-background-norepeat uk-background-blend-multiply\" style=\"background-image:url(https:\/\/nepsi.leidardev.com\/\/\/wp-content\/uploads\/2024\/10\/SME-Toolkit-hero-crop.jpg)\" data-src=\"https:\/\/nepsi.leidardev.com\/\/\/wp-content\/uploads\/2024\/10\/SME-Toolkit-hero-crop.jpg\" uk-img=\"dataSrc: https:\/\/nepsi.leidardev.com\/\/\/wp-content\/uploads\/2024\/10\/SME-Toolkit-hero-crop.jpg; loading: eager; margin: 50%; target: false;\">\n<div class=\"wp-block-c83-container uk-container uk-width-1-1 uk-flex uk-flex-column uk-flex-left uk-flex-top uk-flex-nowrap\">\n<h3 class=\"wp-block-c83-heading uk-text-white uk-text-left uk-heading-custom\"><strong>Caja de herramientas para pymes<\/strong><\/h3>\n\n\n\n<div class=\"wp-block-c83-vspace c83-vspace-normal\"><\/div>\n\n\n\n<a class=\"wp-block-c83-button uk-button-default uk-button\" href=\"https:\/\/toolkit.nepsi.eu\/\" target=\"_blank\" rel=\"noopener\" role=\"link\"><span>VISITAR LA P\u00c1GINA WEB<\/span><\/a>\n<\/div>\n<\/div>\n<\/div>\n<\/div>\n<\/div>\n<\/div>\n<\/div>\n<\/div>\n<\/div>","protected":false},"excerpt":{"rendered":"","protected":false},"author":1,"featured_media":0,"parent":0,"menu_order":0,"comment_status":"closed","ping_status":"closed","template":"","meta":{"footnotes":""},"class_list":["post-341","page","type-page","status-publish","hentry"],"_links":{"self":[{"href":"https:\/\/training.nepsi.eu\/es\/wp-json\/wp\/v2\/pages\/341","targetHints":{"allow":["GET"]}}],"collection":[{"href":"https:\/\/training.nepsi.eu\/es\/wp-json\/wp\/v2\/pages"}],"about":[{"href":"https:\/\/training.nepsi.eu\/es\/wp-json\/wp\/v2\/types\/page"}],"author":[{"embeddable":true,"href":"https:\/\/training.nepsi.eu\/es\/wp-json\/wp\/v2\/users\/1"}],"replies":[{"embeddable":true,"href":"https:\/\/training.nepsi.eu\/es\/wp-json\/wp\/v2\/comments?post=341"}],"version-history":[{"count":0,"href":"https:\/\/training.nepsi.eu\/es\/wp-json\/wp\/v2\/pages\/341\/revisions"}],"wp:attachment":[{"href":"https:\/\/training.nepsi.eu\/es\/wp-json\/wp\/v2\/media?parent=341"}],"curies":[{"name":"wp","href":"https:\/\/api.w.org\/{rel}","templated":true}]}}