{"id":400,"date":"2024-09-19T10:23:53","date_gmt":"2024-09-19T10:23:53","guid":{"rendered":"https:\/\/nepsi.leidardev.com\/\/\/\/?page_id=400"},"modified":"2025-08-04T14:33:26","modified_gmt":"2025-08-04T14:33:26","slug":"training-packs","status":"publish","type":"page","link":"https:\/\/training.nepsi.eu\/es\/training-packs\/","title":{"rendered":"PAQUETES DE FORMACI\u00d3N"},"content":{"rendered":"<div class=\"wp-block-c83-section uk-section uk-background-norepeat\">\n<div class=\"wp-block-c83-container uk-container\">\n<h1 class=\"wp-block-c83-post-title uk-text-left\">PAQUETES DE FORMACI\u00d3N<\/h1>\n\n\n\n<p class=\"wp-block-c83-text uk-text-left uk-text-lead\">Los paquetes de Formaci\u00f3n en Buenas Pr\u00e1cticas de NEPSI forman parte del aspecto de educaci\u00f3n en c\u00f3mo implantar las buenas pr\u00e1cticas de NEPSI.<\/p>\n\n\n\n<p class=\"wp-block-c83-text uk-text-left\">Cada paquete de Formaci\u00f3n en PowerPoint trata de un tema relevante para los trabajadores de todos los sectores industriales que utilizan materiales que contienen s\u00edlice cristalina. Los paquetes ofrecen informaci\u00f3n sobre los riesgos de la exposici\u00f3n al polvo relacionados con el tema y sobre las buenas pr\u00e1cticas y las medidas de las que disponemos para reducirlos. El prop\u00f3sito de la formaci\u00f3n es orientar y educar a los trabajadores, con el apoyo de personal de formaci\u00f3n, para ayudarles a usar con eficacia las medidas de control de la s\u00edlice cristalina respirable (SCR) en el lugar de trabajo y reducir su exposici\u00f3n a ella.<\/p>\n\n\n\n<p class=\"wp-block-c83-text uk-text-left\">El conjunto de paquetes de Formaci\u00f3n le permite descargar de una vez los trece paquetes en PowerPoint. Tambi\u00e9n puede descargar los paquetes de forma individual.<\/p>\n\n\n\n<h2 class=\"wp-block-c83-heading uk-text-left\">Descargue el paquete de formaci\u00f3n en su idioma:<\/h2>\n\n\n\n<div class=\"wp-block-c83-vspace c83-vspace-large\"><\/div>\n\n\n\n<div class=\"wp-block-c83-grid uk-grid uk-grid-large  uk-child-width-1-2@s uk-child-width-1-4@m\" uk-grid=\"masonry: false; parallax: 0; parallaxStart: 0; parallaxEnd: 0; parallaxJustify: false;\">\n<div class=\"wp-block-c83-grid-item\">\n<a class=\"wp-block-c83-button uk-button-primary uk-button uk-button-large\" href=\"https:\/\/nepsi.leidardev.com\/\/\/training-packs\/bulgarian\/\" target=\"_self\" rel=\"noopener\" role=\"link\"><span>B\u00falgaro<\/span><\/a>\n<\/div>\n\n\n\n<div class=\"wp-block-c83-grid-item\">\n<a class=\"wp-block-c83-button uk-button-primary uk-button uk-button-large\" href=\"https:\/\/nepsi.leidardev.com\/\/\/training-packs\/croatian\/\" target=\"_self\" rel=\"noopener\" role=\"link\"><span>Croata<\/span><\/a>\n<\/div>\n\n\n\n<div class=\"wp-block-c83-grid-item\">\n<a class=\"wp-block-c83-button uk-button-primary uk-button uk-button-large\" href=\"https:\/\/nepsi.leidardev.com\/\/\/training-packs\/czech\/\" target=\"_self\" rel=\"noopener\" role=\"link\"><span>Checo<\/span><\/a>\n<\/div>\n\n\n\n<div class=\"wp-block-c83-grid-item\">\n<a class=\"wp-block-c83-button uk-button-primary uk-button uk-button-large\" href=\"https:\/\/nepsi.leidardev.com\/\/\/training-packs\/danish\/\" target=\"_self\" rel=\"noopener\" role=\"link\"><span>Dan\u00e9s<\/span><\/a>\n<\/div>\n\n\n\n<div class=\"wp-block-c83-grid-item\">\n<a class=\"wp-block-c83-button uk-button-primary uk-button uk-button-large\" href=\"https:\/\/nepsi.leidardev.com\/\/\/training-packs\/dutch\/\" target=\"_self\" rel=\"noopener\" role=\"link\"><span>Neerland\u00e9s<\/span><\/a>\n<\/div>\n\n\n\n<div class=\"wp-block-c83-grid-item\">\n<a class=\"wp-block-c83-button uk-button-primary uk-button uk-button-large\" href=\"https:\/\/nepsi.leidardev.com\/\/\/training-packs\/english\/\" target=\"_self\" rel=\"noopener\" role=\"link\"><span>Ingl\u00e9s<\/span><\/a>\n<\/div>\n\n\n\n<div class=\"wp-block-c83-grid-item\">\n<a class=\"wp-block-c83-button uk-button-primary uk-button uk-button-large\" href=\"https:\/\/nepsi.leidardev.com\/\/\/training-packs\/estonian\/\" target=\"_self\" rel=\"noopener\" role=\"link\"><span>Estonio<\/span><\/a>\n<\/div>\n\n\n\n<div class=\"wp-block-c83-grid-item\">\n<a class=\"wp-block-c83-button uk-button-primary uk-button uk-button-large\" href=\"https:\/\/nepsi.leidardev.com\/\/\/training-packs\/finnish\/\" target=\"_self\" rel=\"noopener\" role=\"link\"><span>Fin\u00e9s<\/span><\/a>\n<\/div>\n\n\n\n<div class=\"wp-block-c83-grid-item\">\n<a class=\"wp-block-c83-button uk-button-primary uk-button uk-button-large\" href=\"https:\/\/nepsi.leidardev.com\/\/\/training-packs\/french\/\" target=\"_self\" rel=\"noopener\" role=\"link\"><span>Franc\u00e9s<\/span><\/a>\n<\/div>\n\n\n\n<div class=\"wp-block-c83-grid-item\">\n<a class=\"wp-block-c83-button uk-button-primary uk-button uk-button-large\" href=\"https:\/\/nepsi.leidardev.com\/\/\/training-packs\/german\/\" target=\"_self\" rel=\"noopener\" role=\"link\"><span>Alem\u00e1n<\/span><\/a>\n<\/div>\n\n\n\n<div class=\"wp-block-c83-grid-item\">\n<a class=\"wp-block-c83-button uk-button-primary uk-button uk-button-large\" href=\"https:\/\/nepsi.leidardev.com\/\/\/training-packs\/greek\/\" target=\"_self\" rel=\"noopener\" role=\"link\"><span>Griego<\/span><\/a>\n<\/div>\n\n\n\n<div class=\"wp-block-c83-grid-item\">\n<a class=\"wp-block-c83-button uk-button-primary uk-button uk-button-large\" href=\"https:\/\/nepsi.leidardev.com\/\/\/training-packs\/hungarian\/\" target=\"_self\" rel=\"noopener\" role=\"link\"><span>H\u00fangaro<\/span><\/a>\n<\/div>\n\n\n\n<div class=\"wp-block-c83-grid-item\">\n<a class=\"wp-block-c83-button uk-button-primary uk-button uk-button-large\" href=\"https:\/\/nepsi.leidardev.com\/\/\/training-packs\/italian\/\" target=\"_self\" rel=\"noopener\" role=\"link\"><span>Italiano<\/span><\/a>\n<\/div>\n\n\n\n<div class=\"wp-block-c83-grid-item\">\n<a class=\"wp-block-c83-button uk-button-primary uk-button uk-button-large\" href=\"https:\/\/nepsi.leidardev.com\/\/\/training-packs\/latvian\/\" target=\"_self\" rel=\"noopener\" role=\"link\"><span>Let\u00f3n<\/span><\/a>\n<\/div>\n\n\n\n<div class=\"wp-block-c83-grid-item\">\n<a class=\"wp-block-c83-button uk-button-primary uk-button uk-button-large\" href=\"https:\/\/nepsi.leidardev.com\/\/\/training-packs\/lithuanian\/\" target=\"_self\" rel=\"noopener\" role=\"link\"><span>Lituano<\/span><\/a>\n<\/div>\n\n\n\n<div class=\"wp-block-c83-grid-item\">\n<a class=\"wp-block-c83-button uk-button-primary uk-button uk-button-large\" href=\"https:\/\/nepsi.leidardev.com\/\/\/training-packs\/maltese\/\" target=\"_self\" rel=\"noopener\" role=\"link\"><span>Malt\u00e9s<\/span><\/a>\n<\/div>\n\n\n\n<div class=\"wp-block-c83-grid-item\">\n<a class=\"wp-block-c83-button uk-button-primary uk-button uk-button-large\" href=\"https:\/\/nepsi.leidardev.com\/\/\/training-packs\/polish\/\" target=\"_self\" rel=\"noopener\" role=\"link\"><span>Polaco<\/span><\/a>\n<\/div>\n\n\n\n<div class=\"wp-block-c83-grid-item\">\n<a class=\"wp-block-c83-button uk-button-primary uk-button uk-button-large\" href=\"https:\/\/nepsi.leidardev.com\/\/\/training-packs\/portuguese\/\" target=\"_self\" rel=\"noopener\" role=\"link\"><span>Portugu\u00e9s<\/span><\/a>\n<\/div>\n\n\n\n<div class=\"wp-block-c83-grid-item\">\n<a class=\"wp-block-c83-button uk-button-primary uk-button uk-button-large\" href=\"https:\/\/nepsi.leidardev.com\/\/\/training-packs\/romanian\/\" target=\"_self\" rel=\"noopener\" role=\"link\"><span>Rumano<\/span><\/a>\n<\/div>\n\n\n\n<div class=\"wp-block-c83-grid-item\">\n<a class=\"wp-block-c83-button uk-button-primary uk-button uk-button-large\" href=\"https:\/\/nepsi.leidardev.com\/\/\/training-packs\/slovakian\/\" target=\"_self\" rel=\"noopener\" role=\"link\"><span>Eslovaco<\/span><\/a>\n<\/div>\n\n\n\n<div class=\"wp-block-c83-grid-item\">\n<a class=\"wp-block-c83-button uk-button-primary uk-button uk-button-large\" href=\"https:\/\/nepsi.leidardev.com\/\/\/training-packs\/slovenian\/\" target=\"_self\" rel=\"noopener\" role=\"link\"><span>Esloveno<\/span><\/a>\n<\/div>\n\n\n\n<div class=\"wp-block-c83-grid-item\">\n<a class=\"wp-block-c83-button uk-button-primary uk-button uk-button-large\" href=\"https:\/\/nepsi.leidardev.com\/\/\/training-packs\/spanish\/\" target=\"_self\" rel=\"noopener\" role=\"link\"><span>Espa\u00f1ol<\/span><\/a>\n<\/div>\n\n\n\n<div class=\"wp-block-c83-grid-item\">\n<a class=\"wp-block-c83-button uk-button-primary uk-button uk-button-large\" href=\"https:\/\/nepsi.leidardev.com\/\/\/training-packs\/swedish\/\" target=\"_self\" rel=\"noopener\" role=\"link\"><span>Sueco<\/span><\/a>\n<\/div>\n<\/div>\n<\/div>\n<\/div>","protected":false},"excerpt":{"rendered":"","protected":false},"author":1,"featured_media":0,"parent":0,"menu_order":0,"comment_status":"closed","ping_status":"closed","template":"","meta":{"footnotes":""},"class_list":["post-400","page","type-page","status-publish","hentry"],"_links":{"self":[{"href":"https:\/\/training.nepsi.eu\/es\/wp-json\/wp\/v2\/pages\/400","targetHints":{"allow":["GET"]}}],"collection":[{"href":"https:\/\/training.nepsi.eu\/es\/wp-json\/wp\/v2\/pages"}],"about":[{"href":"https:\/\/training.nepsi.eu\/es\/wp-json\/wp\/v2\/types\/page"}],"author":[{"embeddable":true,"href":"https:\/\/training.nepsi.eu\/es\/wp-json\/wp\/v2\/users\/1"}],"replies":[{"embeddable":true,"href":"https:\/\/training.nepsi.eu\/es\/wp-json\/wp\/v2\/comments?post=400"}],"version-history":[{"count":0,"href":"https:\/\/training.nepsi.eu\/es\/wp-json\/wp\/v2\/pages\/400\/revisions"}],"wp:attachment":[{"href":"https:\/\/training.nepsi.eu\/es\/wp-json\/wp\/v2\/media?parent=400"}],"curies":[{"name":"wp","href":"https:\/\/api.w.org\/{rel}","templated":true}]}}