{"id":398,"date":"2024-09-19T10:23:33","date_gmt":"2024-09-19T10:23:33","guid":{"rendered":"https:\/\/nepsi.leidardev.com\/\/\/\/?page_id=398"},"modified":"2025-09-30T09:59:53","modified_gmt":"2025-09-30T09:59:53","slug":"about-us","status":"publish","type":"page","link":"https:\/\/training.nepsi.eu\/et\/about-us\/","title":{"rendered":"Meist"},"content":{"rendered":"<div class=\"wp-block-c83-section uk-section uk-background-norepeat\">\n<div class=\"wp-block-c83-container uk-container\">\n<h1 class=\"wp-block-c83-post-title uk-text-left\">Meist<\/h1>\n\n\n\n<p class=\"wp-block-c83-text uk-text-left uk-text-lead\">NEPSI (Euroopa r\u00e4nidioksiidi v\u00f5rgustik) on r\u00fchma antud t\u00f6\u00f6stusharus tegutsevate Euroopa kutseorganisatsioonide ja ameti\u00fchingute loodud organisatsioon, mille eesm\u00e4rk on v\u00e4hendada respiratoorse kristallilise r\u00e4nidioksiidiga (RKR) kokkupuudet t\u00f6\u00f6keskkonnas.<\/p>\n\n\n\n<p class=\"wp-block-c83-text uk-text-left\">Organisatsioon keskendub 2006. aastal allkirjastatud sotsiaalse dialoogi teel saavutatud kokkuleppe elluviimisele, mis keskendub t\u00f6\u00f6tajate tervise ja ohutuse edendamisele kristallilist r\u00e4nidioksiidi sisaldavate materjalide ohutu k\u00e4itlemise ja kasutamise heade tavade rakendamise kaudu. Ehitus-, kaevandus-, klaasi- jt t\u00f6\u00f6stusharude t\u00f6\u00f6tajaid v\u00f5ib ohustada kokkupuude RKR-iga, mis v\u00f5ib p\u00f5hjustada t\u00f5siseid tervisekahjustusi nagu silikoos.<\/p>\n\n\n\n<p class=\"wp-block-c83-text uk-text-left uk-link-text uk-text-custom\">Saate NEPSIga l\u00e4hemalt tutvuda ja meiega \u00fchendust v\u00f5tta aadressil nepsi.eu. <a href=\"https:\/\/nepsi.eu\/\" data-type=\"link\" data-id=\"https:\/\/nepsi.eu\/\" target=\"_blank\" rel=\"noreferrer noopener\">nepsi.eu<\/a>.<\/p>\n\n\n\n<div class=\"wp-block-c83-vspace c83-vspace-normal\"><\/div>\n\n\n\n<a class=\"wp-block-c83-button uk-button-primary uk-button uk-button-large\" href=\"https:\/\/nepsi.eu\" target=\"_blank\" rel=\"noopener\" role=\"link\"><span>nepsi.eu<\/span><\/a>\n<\/div>\n<\/div>","protected":false},"excerpt":{"rendered":"<p>NEPSI (Euroopa r\u00e4nidioksiidi v\u00f5rgustik) on r\u00fchma antud t\u00f6\u00f6stusharus tegutsevate Euroopa kutseorganisatsioonide ja ameti\u00fchingute loodud organisatsioon, mille eesm\u00e4rk on v\u00e4hendada respiratoorse kristallilise r\u00e4nidioksiidiga (RKR) kokkupuudet t\u00f6\u00f6keskkonnas. <\/p>","protected":false},"author":1,"featured_media":0,"parent":0,"menu_order":0,"comment_status":"closed","ping_status":"closed","template":"","meta":{"footnotes":""},"class_list":["post-398","page","type-page","status-publish","hentry"],"_links":{"self":[{"href":"https:\/\/training.nepsi.eu\/et\/wp-json\/wp\/v2\/pages\/398","targetHints":{"allow":["GET"]}}],"collection":[{"href":"https:\/\/training.nepsi.eu\/et\/wp-json\/wp\/v2\/pages"}],"about":[{"href":"https:\/\/training.nepsi.eu\/et\/wp-json\/wp\/v2\/types\/page"}],"author":[{"embeddable":true,"href":"https:\/\/training.nepsi.eu\/et\/wp-json\/wp\/v2\/users\/1"}],"replies":[{"embeddable":true,"href":"https:\/\/training.nepsi.eu\/et\/wp-json\/wp\/v2\/comments?post=398"}],"version-history":[{"count":2,"href":"https:\/\/training.nepsi.eu\/et\/wp-json\/wp\/v2\/pages\/398\/revisions"}],"predecessor-version":[{"id":3146,"href":"https:\/\/training.nepsi.eu\/et\/wp-json\/wp\/v2\/pages\/398\/revisions\/3146"}],"wp:attachment":[{"href":"https:\/\/training.nepsi.eu\/et\/wp-json\/wp\/v2\/media?parent=398"}],"curies":[{"name":"wp","href":"https:\/\/api.w.org\/{rel}","templated":true}]}}