{"id":2,"date":"2024-08-12T12:57:10","date_gmt":"2024-08-12T12:57:10","guid":{"rendered":"https:\/\/nepsi.leidardev.com\/\/\/\/?page_id=2"},"modified":"2026-02-10T12:43:09","modified_gmt":"2026-02-10T12:43:09","slug":"home","status":"publish","type":"page","link":"https:\/\/training.nepsi.eu\/fi\/","title":{"rendered":"ALOITUSSIVU"},"content":{"rendered":"<div class=\"wp-block-c83-section uk-section uk-margin-remove uk-padding-remove-bottom uk-background-width-1-1 uk-background-top-center uk-background-norepeat\" id=\"welcome-section\" style=\"background-image:url(https:\/\/nepsi.leidardev.com\/\/\/wp-content\/uploads\/2024\/10\/bgtriangle-reversed.svg)\" data-src=\"https:\/\/nepsi.leidardev.com\/\/\/wp-content\/uploads\/2024\/10\/bgtriangle-reversed.svg\" uk-img=\"dataSrc: https:\/\/nepsi.leidardev.com\/\/\/wp-content\/uploads\/2024\/10\/bgtriangle-reversed.svg; loading: eager; margin: 50%; target: false;\">\n<div class=\"wp-block-c83-container uk-container\">\n<div class=\"wp-block-c83-grid uk-grid uk-grid-medium uk-child-width-1-1 uk-child-width-1-2@m uk-margin-remove\" uk-grid=\"masonry: false; parallax: 0; parallaxStart: 0; parallaxEnd: 0; parallaxJustify: false;\">\n<div class=\"wp-block-c83-grid-item uk-padding-remove-horizontal\">\n<div class=\"wp-block-c83-container uk-container uk-padding-large uk-height-1-1 uk-flex uk-flex-row uk-flex-center top uk-flex-nowrap\">\n<div class=\"wp-block-c83-panel uk-panel\">\n<h2 class=\"wp-block-c83-heading uk-heading-small uk-text-bold uk-text-left uk-heading-custom uk-margin-small-bottom uk-margin-remove\" id=\"c83-website-title\">Tervetuloa NEPSI:n verkko-oppimiskeskukseen!<\/h2>\n\n\n\n<div class=\"wp-block-c83-vspace c83-vspace-normal\"><\/div>\n\n\n\n<p class=\"wp-block-c83-text uk-text-left uk-text-custom\">T\u00e4\u00e4lt\u00e4 l\u00f6yd\u00e4t NEPSI:n interaktiiviset oppimismoduulit, ja t\u00e4\u00e4lt\u00e4 voit my\u00f6s ladata k\u00e4yt\u00e4nt\u00f6koulutuspakkauksia.<\/p>\n\n\n\n<p class=\"wp-block-c83-text uk-text-left uk-text-custom\">Voit hy\u00f6dynt\u00e4\u00e4 kaikkia koulutusmoduuleja. Niist\u00e4 opit hengitett\u00e4v\u00e4n kiteisen piidioksidin vaaroista, ja ne tarjoavat sinulle ty\u00f6kalut ja tiedot, joiden avulla voit suojata itsesi vaaralliselta p\u00f6lylt\u00e4 t\u00f6iss\u00e4.<\/p>\n\n\n\n<p class=\"wp-block-c83-text uk-text-secondary uk-text-left uk-text-custom\"><\/p>\n<\/div>\n\n\n\n<div class=\"wp-block-c83-hspace c83-hspace-2xlarge\"><\/div>\n<\/div>\n<\/div>\n\n\n\n<div class=\"wp-block-c83-grid-item uk-padding-remove-horizontal\">\n<div class=\"wp-block-c83-container uk-container uk-padding-remove uk-flex uk-flex-column uk-flex-center uk-flex-middle uk-flex-nowrap\">\n<figure class=\"wp-block-c83-image uk-margin-remove-bottom uk-height-medium\"><picture><img loading=\"lazy\" decoding=\"async\" src=\"https:\/\/nepsi.leidardev.com\/\/\/\/wp-content\/uploads\/2024\/09\/professional-team-orange.png\" class=\"uk-object-contain\" style=\"aspect-ratio:16\/9\" alt=\"\" width=\"597\" height=\"326\" data-uk-cover=\"false\"\/><\/picture>\n<figcaption class=\"wp-block-c83-image-caption uk-hidden uk-text-small uk-margin-small-top uk-text-muted uk-text-left\"><\/figcaption>\n<\/figure>\n\n\n\n<div class=\"wp-block-c83-panel uk-panel uk-background-secondary uk-width-1-1\">\n<div class=\"wp-block-c83-section uk-section uk-padding uk-background-secondary uk-background-norepeat uk-background-blend-screen\" style=\"background-image:url(https:\/\/nepsi.leidardev.com\/\/\/\/wp-content\/uploads\/2024\/09\/bgdirt.png)\" data-src=\"https:\/\/nepsi.leidardev.com\/\/\/\/wp-content\/uploads\/2024\/09\/bgdirt.png\" uk-img=\"dataSrc: https:\/\/nepsi.leidardev.com\/\/\/\/wp-content\/uploads\/2024\/09\/bgdirt.png; loading: eager; margin: 50%; target: false;\">\n<div class=\"wp-block-c83-container uk-container uk-padding-remove\">\n<h3 class=\"wp-block-c83-heading uk-text-white uk-text-bold uk-text-left uk-heading-secondary uk-heading-custom\">Moduulit<\/h3>\n\n\n\n<p class=\"wp-block-c83-text uk-text-white uk-text-left uk-text-custom\">NEPSI:n interaktiivisten oppimismoduulien ty\u00f6kalut ja tiedot auttavat sinua suojaamaan itsesi tehdess\u00e4si t\u00f6it\u00e4.<\/p>\n\n\n\n<a class=\"wp-block-c83-button uk-button-secondary uk-button\" href=\"\/fi\/modules\/\" target=\"_self\" rel=\"noopener\" role=\"link\"><span>ALOITA OPISKELU<\/span><\/a>\n<\/div>\n<\/div>\n<\/div>\n<\/div>\n<\/div>\n<\/div>\n<\/div>\n\n\n\n<div class=\"wp-block-c83-container uk-container\">\n<div class=\"wp-block-c83-grid uk-grid uk-grid-medium uk-grid-match\" uk-grid=\"masonry: false; parallax: 0; parallaxStart: 0; parallaxEnd: 0; parallaxJustify: false;\" uk-height-match=\"target: ; row: true;\">\n<div class=\"wp-block-c83-grid-item uk-width-1-1 uk-width-1-2@m uk-width-1-3@l uk-width-1-2@s\">\n<div class=\"wp-block-c83-panel uk-panel uk-background-primary-light uk-height-1-1\">\n<div class=\"wp-block-c83-section uk-section uk-padding-remove uk-height-1-1 uk-background-width-1-1 uk-background-bottom-right uk-background-norepeat\" style=\"background-image:url(https:\/\/nepsi.leidardev.com\/\/\/\/wp-content\/uploads\/2024\/09\/bgclouds-ratio.png)\" data-src=\"https:\/\/nepsi.leidardev.com\/\/\/\/wp-content\/uploads\/2024\/09\/bgclouds-ratio.png\" uk-img=\"dataSrc: https:\/\/nepsi.leidardev.com\/\/\/\/wp-content\/uploads\/2024\/09\/bgclouds-ratio.png; loading: eager; margin: 50%; target: false;\">\n<div class=\"wp-block-c83-container uk-container uk-height-1-1 uk-flex uk-flex-column uk-flex-between uk-flex-top uk-flex-nowrap\">\n<div class=\"wp-block-c83-panel uk-panel uk-padding\">\n<h3 class=\"wp-block-c83-heading uk-text-left uk-heading-primary\"><strong>KOULUTUSPAKKAUKSET<\/strong><\/h3>\n\n\n\n<p class=\"wp-block-c83-text uk-text-accent-1 uk-text-left uk-text-custom\">NEPSI:n k\u00e4yt\u00e4nt\u00f6koulutuspakkaukset on tarkoitettu kaikille ty\u00f6ntekij\u00f6ille, jotka k\u00e4sittelev\u00e4t kiteist\u00e4 piidioksidia sis\u00e4lt\u00e4vi\u00e4 materiaaleja.<\/p>\n\n\n\n<div class=\"wp-block-c83-vspace c83-vspace-xlarge is-style-primary\"><\/div>\n<\/div>\n\n\n\n<div class=\"wp-block-c83-panel uk-panel uk-padding uk-width-1-1\">\n<a class=\"wp-block-c83-button uk-button-primary uk-button\" href=\"\/fi\/training-packs\/\" target=\"_self\" rel=\"noopener\" role=\"link\"><span>LATAA ITSELLESI<\/span><\/a>\n<\/div>\n<\/div>\n<\/div>\n<\/div>\n<\/div>\n\n\n\n<div class=\"wp-block-c83-grid-item uk-width-1-1 uk-width-1-2@m uk-width-1-3@l uk-width-1-2@s\">\n<div class=\"wp-block-c83-panel uk-panel uk-background-primary uk-height-1-1\">\n<div class=\"wp-block-c83-section uk-section uk-padding-remove uk-height-1-1 uk-background-width-1-1 uk-background-bottom-right uk-background-norepeat\" style=\"background-image:url(https:\/\/nepsi.leidardev.com\/\/\/\/wp-content\/uploads\/2024\/09\/bgstars-ratio.png)\" data-src=\"https:\/\/nepsi.leidardev.com\/\/\/\/wp-content\/uploads\/2024\/09\/bgstars-ratio.png\" uk-img=\"dataSrc: https:\/\/nepsi.leidardev.com\/\/\/\/wp-content\/uploads\/2024\/09\/bgstars-ratio.png; loading: eager; margin: 50%; target: false;\">\n<div class=\"wp-block-c83-container uk-container uk-height-1-1 uk-flex uk-flex-column uk-flex-between uk-flex-top uk-flex-nowrap\">\n<div class=\"wp-block-c83-panel uk-panel uk-padding\">\n<h3 class=\"wp-block-c83-heading uk-text-left uk-heading-primary\"><strong>TIETOJA MEIST\u00c4<\/strong><\/h3>\n\n\n\n<p class=\"wp-block-c83-text uk-text-accent-1 uk-text-left uk-text-custom\">NEPSI:n toiminnan perustana on sosiaalinen vuoropuhelu toimialasektoreiden ja ammattiliittojen v\u00e4lill\u00e4, jonka tavoitteena on ty\u00f6ntekij\u00f6iden terveyden suojaaminen hengitett\u00e4v\u00e4lt\u00e4 kiteiselt\u00e4 piidioksidilta.<\/p>\n\n\n\n<div class=\"wp-block-c83-vspace c83-vspace-xlarge is-style-primary\"><\/div>\n<\/div>\n\n\n\n<div class=\"wp-block-c83-panel uk-panel uk-padding uk-width-1-1\">\n<a class=\"wp-block-c83-button uk-button-primary uk-button\" href=\"\/fi\/about-us\/\" target=\"_self\" rel=\"noopener\" role=\"link\"><span>LIS\u00c4\u00c4 TIETOA<\/span><\/a>\n<\/div>\n<\/div>\n<\/div>\n<\/div>\n<\/div>\n\n\n\n<div class=\"wp-block-c83-grid-item uk-width-1-1 uk-width-1-1@m uk-width-1-3@l\">\n<div class=\"wp-block-c83-grid uk-grid uk-grid-medium\" uk-grid=\"masonry: false; parallax: 0; parallaxStart: 0; parallaxEnd: 0; parallaxJustify: false;\">\n<div class=\"wp-block-c83-grid-item uk-width-1-1 uk-width-1-2@m uk-width-1-1@l\">\n<div class=\"wp-block-c83-section uk-section uk-padding uk-background-muted-background-darker uk-background-cover uk-background-norepeat uk-background-blend-multiply\" style=\"background-image:url(https:\/\/nepsi.leidardev.com\/\/\/wp-content\/uploads\/2024\/09\/hand-scaled-1.jpg)\" data-src=\"https:\/\/nepsi.leidardev.com\/\/\/wp-content\/uploads\/2024\/09\/hand-scaled-1.jpg\" uk-img=\"dataSrc: https:\/\/nepsi.leidardev.com\/\/\/wp-content\/uploads\/2024\/09\/hand-scaled-1.jpg; loading: eager; margin: 50%; target: false;\">\n<div class=\"wp-block-c83-container uk-container uk-width-1-1 uk-flex uk-flex-column uk-flex-left uk-flex-top uk-flex-nowrap\">\n<h3 class=\"wp-block-c83-heading uk-text-white uk-text-left uk-heading-custom\">K\u00e4yt\u00e4nt\u00f6opas<\/h3>\n\n\n\n<div class=\"wp-block-c83-vspace c83-vspace-normal\"><\/div>\n\n\n\n<a class=\"wp-block-c83-button uk-button-default uk-button\" href=\"https:\/\/guide.nepsi.eu\/\" target=\"_blank\" rel=\"noopener\" role=\"link\"><span>VIERAILE VERKKOSIVULLA<\/span><\/a>\n<\/div>\n<\/div>\n<\/div>\n\n\n\n<div class=\"wp-block-c83-grid-item uk-width-1-1 uk-width-1-2@m uk-width-1-1@l\">\n<div class=\"wp-block-c83-section uk-section uk-padding uk-background-muted-background-darkest uk-background-cover uk-background-norepeat uk-background-blend-multiply\" style=\"background-image:url(https:\/\/nepsi.leidardev.com\/\/\/wp-content\/uploads\/2024\/10\/SME-Toolkit-hero-crop.jpg)\" data-src=\"https:\/\/nepsi.leidardev.com\/\/\/wp-content\/uploads\/2024\/10\/SME-Toolkit-hero-crop.jpg\" uk-img=\"dataSrc: https:\/\/nepsi.leidardev.com\/\/\/wp-content\/uploads\/2024\/10\/SME-Toolkit-hero-crop.jpg; loading: eager; margin: 50%; target: false;\">\n<div class=\"wp-block-c83-container uk-container uk-width-1-1 uk-flex uk-flex-column uk-flex-left uk-flex-top uk-flex-nowrap\">\n<h3 class=\"wp-block-c83-heading uk-text-white uk-text-left uk-heading-custom\"><strong>PK-yritysten ty\u00f6kalupakkaus<\/strong><\/h3>\n\n\n\n<div class=\"wp-block-c83-vspace c83-vspace-normal\"><\/div>\n\n\n\n<a class=\"wp-block-c83-button uk-button-default uk-button\" href=\"https:\/\/toolkit.nepsi.eu\/\" target=\"_blank\" rel=\"noopener\" role=\"link\"><span>VIERAILE VERKKOSIVULLA<\/span><\/a>\n<\/div>\n<\/div>\n<\/div>\n<\/div>\n<\/div>\n<\/div>\n<\/div>\n<\/div>\n\n\n\n<div class=\"wp-block-c83-vspace c83-vspace-tiny\"><\/div>","protected":false},"excerpt":{"rendered":"","protected":false},"author":1,"featured_media":0,"parent":0,"menu_order":0,"comment_status":"closed","ping_status":"closed","template":"","meta":{"footnotes":""},"class_list":["post-2","page","type-page","status-publish","hentry"],"_links":{"self":[{"href":"https:\/\/training.nepsi.eu\/fi\/wp-json\/wp\/v2\/pages\/2","targetHints":{"allow":["GET"]}}],"collection":[{"href":"https:\/\/training.nepsi.eu\/fi\/wp-json\/wp\/v2\/pages"}],"about":[{"href":"https:\/\/training.nepsi.eu\/fi\/wp-json\/wp\/v2\/types\/page"}],"author":[{"embeddable":true,"href":"https:\/\/training.nepsi.eu\/fi\/wp-json\/wp\/v2\/users\/1"}],"replies":[{"embeddable":true,"href":"https:\/\/training.nepsi.eu\/fi\/wp-json\/wp\/v2\/comments?post=2"}],"version-history":[{"count":3,"href":"https:\/\/training.nepsi.eu\/fi\/wp-json\/wp\/v2\/pages\/2\/revisions"}],"predecessor-version":[{"id":3160,"href":"https:\/\/training.nepsi.eu\/fi\/wp-json\/wp\/v2\/pages\/2\/revisions\/3160"}],"wp:attachment":[{"href":"https:\/\/training.nepsi.eu\/fi\/wp-json\/wp\/v2\/media?parent=2"}],"curies":[{"name":"wp","href":"https:\/\/api.w.org\/{rel}","templated":true}]}}