{"id":3,"date":"2024-08-12T12:57:10","date_gmt":"2024-08-12T12:57:10","guid":{"rendered":"https:\/\/nepsi.leidardev.com\/\/\/\/?page_id=3"},"modified":"2024-10-21T10:40:39","modified_gmt":"2024-10-21T10:40:39","slug":"privacy-policy","status":"publish","type":"page","link":"https:\/\/training.nepsi.eu\/fi\/privacy-policy\/","title":{"rendered":"Tietosuojak\u00e4yt\u00e4nt\u00f6"},"content":{"rendered":"<div class=\"wp-block-c83-section uk-section uk-background-norepeat\">\n<div class=\"wp-block-c83-container uk-container\">\n<h1 class=\"wp-block-c83-post-title uk-text-left\">Tietosuojak\u00e4yt\u00e4nt\u00f6<\/h1>\n\n\n\n<p class=\"wp-block-c83-text uk-text-left translation-block\">Tietosuojasi on meille t\u00e4rke\u00e4 asia. NEPSI huomioi tietosuojasi kaikkien tietojen suhteen, mit\u00e4 voimme ker\u00e4t\u00e4 sinulta verkkosivullamme (<a href=\"https:\/\/www.nepsi.eu\/\" target=\"_self\">https:\/\/www.nepsi.eu\/<\/a> sek\u00e4 muilla sivuilla, mit\u00e4 omistamme ja k\u00e4yt\u00e4mme.<\/p>\n\n\n\n<p class=\"wp-block-c83-text uk-text-left\">Kysymme henkil\u00f6tietoja vain, kun oikeasti tarvitsemme niit\u00e4 tarjotaksemme sinulle palveluja. Ker\u00e4\u00e4mme tiedot oikeuden- ja lainmukaisella tavalla niin, ett\u00e4 olet t\u00e4st\u00e4 tietoinen ja olet antanut suostumuksesi. Kerromme sinulle my\u00f6s, miksi ker\u00e4\u00e4mme tietoja ja miten niit\u00e4 voi k\u00e4ytt\u00e4\u00e4.<\/p>\n\n\n\n<p class=\"wp-block-c83-text uk-text-left\">S\u00e4ilyt\u00e4mme ker\u00e4tyt tiedot vain niin kauan kuin on tarpeen siihen, ett\u00e4 tarjoamme sinulle pyydetyn palvelun. Se, mit\u00e4 tietoja s\u00e4ilyt\u00e4mme, miten suojaamme ne h\u00e4vi\u00e4misen ja varastamisen sek\u00e4 valtuuttamattoman p\u00e4\u00e4syn, julkistamisen, kopioinnin, k\u00e4yt\u00f6n ja muuttelun est\u00e4miseen tarkoitetuilla, kaupallisesti hyv\u00e4ksytt\u00e4vill\u00e4 tavoilla.<\/p>\n\n\n\n<p class=\"wp-block-c83-text uk-text-left\">Emme jaa henkil\u00f6kohtaisen tunnistamisen mahdollistavia tietoja julkisesti tai kolmansille osapuolille, paitsi lain t\u00e4t\u00e4 vaatiessa.<\/p>\n\n\n\n<p class=\"wp-block-c83-text uk-text-left\">Verkkosivumme saattaa linkitt\u00e4\u00e4 ulkoisille sivuille, joita emme yll\u00e4pid\u00e4. Huomaa, ett\u00e4 meill\u00e4 ei ole valtaa p\u00e4\u00e4tt\u00e4\u00e4 n\u00e4iden sivujen k\u00e4yt\u00e4nn\u00f6ist\u00e4 ja sis\u00e4ll\u00f6ist\u00e4. Emme voi my\u00f6sk\u00e4\u00e4n ottaa vastuuta niiden tietosuojak\u00e4yt\u00e4nn\u00f6ist\u00e4.<\/p>\n\n\n\n<p class=\"wp-block-c83-text uk-text-left\">Voit kielt\u00e4yty\u00e4 siit\u00e4, ett\u00e4 pyyd\u00e4mme henkil\u00f6tietojasi, sill\u00e4 ymm\u00e4rryksell\u00e4, ett\u00e4 emme ehk\u00e4 t\u00e4ll\u00f6in voi tarjota sinulle haluamiasi palveluja.<\/p>\n\n\n\n<p class=\"wp-block-c83-text uk-text-left\">Verkkosivun jatkuvaa k\u00e4ytt\u00f6\u00e4si pidet\u00e4\u00e4n tietosuoja- ja henkil\u00f6tietok\u00e4yt\u00e4nt\u00f6jemme hyv\u00e4ksynt\u00e4n\u00e4. Jos sinulla on kysymyksi\u00e4 siit\u00e4, miten k\u00e4sittelemme k\u00e4ytt\u00e4j\u00e4tietojasi ja henkil\u00f6tietojasi, ota meihin yhteytt\u00e4.<br><\/p>\n\n\n\n<p class=\"wp-block-c83-text uk-text-left\">K\u00e4yt\u00e4nt\u00f6 on voimassa 1. joulukuuta 2020 alkaen.<\/p>\n<\/div>\n<\/div>","protected":false},"excerpt":{"rendered":"","protected":false},"author":1,"featured_media":0,"parent":0,"menu_order":0,"comment_status":"closed","ping_status":"closed","template":"","meta":{"footnotes":""},"class_list":["post-3","page","type-page","status-publish","hentry"],"_links":{"self":[{"href":"https:\/\/training.nepsi.eu\/fi\/wp-json\/wp\/v2\/pages\/3","targetHints":{"allow":["GET"]}}],"collection":[{"href":"https:\/\/training.nepsi.eu\/fi\/wp-json\/wp\/v2\/pages"}],"about":[{"href":"https:\/\/training.nepsi.eu\/fi\/wp-json\/wp\/v2\/types\/page"}],"author":[{"embeddable":true,"href":"https:\/\/training.nepsi.eu\/fi\/wp-json\/wp\/v2\/users\/1"}],"replies":[{"embeddable":true,"href":"https:\/\/training.nepsi.eu\/fi\/wp-json\/wp\/v2\/comments?post=3"}],"version-history":[{"count":0,"href":"https:\/\/training.nepsi.eu\/fi\/wp-json\/wp\/v2\/pages\/3\/revisions"}],"wp:attachment":[{"href":"https:\/\/training.nepsi.eu\/fi\/wp-json\/wp\/v2\/media?parent=3"}],"curies":[{"name":"wp","href":"https:\/\/api.w.org\/{rel}","templated":true}]}}