{"id":398,"date":"2024-09-19T10:23:33","date_gmt":"2024-09-19T10:23:33","guid":{"rendered":"https:\/\/nepsi.leidardev.com\/\/\/\/?page_id=398"},"modified":"2025-09-30T09:59:53","modified_gmt":"2025-09-30T09:59:53","slug":"about-us","status":"publish","type":"page","link":"https:\/\/training.nepsi.eu\/fi\/about-us\/","title":{"rendered":"TIETOJA MEIST\u00c4"},"content":{"rendered":"<div class=\"wp-block-c83-section uk-section uk-background-norepeat\">\n<div class=\"wp-block-c83-container uk-container\">\n<h1 class=\"wp-block-c83-post-title uk-text-left\">TIETOJA MEIST\u00c4<\/h1>\n\n\n\n<p class=\"wp-block-c83-text uk-text-left uk-text-lead\">NEPSI (The European Network for Silica, Euroopan piidioksidiverkosto) on j\u00e4rjest\u00f6, jonka on muodostanut ryhm\u00e4 Euroopan sektorikohtaisia toimialaj\u00e4rjest\u00f6j\u00e4 ja ammattiliittoja ja joka pyrkii v\u00e4hent\u00e4m\u00e4\u00e4n ty\u00f6ss\u00e4 tapahtuvia altistumisia hengitett\u00e4v\u00e4lle kiteiselle piidioksidille.<\/p>\n\n\n\n<p class=\"wp-block-c83-text uk-text-left\">J\u00e4rjest\u00f6n teht\u00e4v\u00e4 on toimeenpanna sosiaalisen dialogin sopimus, joka allekirjoitettiin 2006 ja keskittyy edist\u00e4m\u00e4\u00e4n ty\u00f6ntekij\u00f6iden terveytt\u00e4 ja turvallisuutta toteuttamalla hyvi\u00e4 k\u00e4yt\u00e4nt\u00f6j\u00e4 kiteisen piidioksidin k\u00e4sittelyyn ja sit\u00e4 sis\u00e4lt\u00e4vien materiaalien k\u00e4ytt\u00e4miseen. Ty\u00f6ntekij\u00e4t rakennus-, kaivos- ja lasintuotantoalalla sek\u00e4 muilla vastaavilla aloilla ovat vaarassa altistua hengitett\u00e4v\u00e4lle kiteiselle piidioksidille, mik\u00e4 voi johtaa vakaviin terveysongelmiin, kuten silikoosi.<\/p>\n\n\n\n<p class=\"wp-block-c83-text uk-text-left uk-link-text uk-text-custom\">Voit saada lis\u00e4\u00e4 tietoa NEPSI:st\u00e4 tai ottaa meihin yhteytt\u00e4 osoitteessa nepsi.eu <a href=\"https:\/\/nepsi.eu\/\" data-type=\"link\" data-id=\"https:\/\/nepsi.eu\/\" target=\"_blank\" rel=\"noreferrer noopener\">nepsi.eu<\/a>.<\/p>\n\n\n\n<div class=\"wp-block-c83-vspace c83-vspace-normal\"><\/div>\n\n\n\n<a class=\"wp-block-c83-button uk-button-primary uk-button uk-button-large\" href=\"https:\/\/nepsi.eu\" target=\"_blank\" rel=\"noopener\" role=\"link\"><span>nepsi.eu<\/span><\/a>\n<\/div>\n<\/div>","protected":false},"excerpt":{"rendered":"<p>NEPSI (The European Network for Silica, Euroopan piidioksidiverkosto) on j\u00e4rjest\u00f6, jonka on muodostanut ryhm\u00e4 Euroopan sektorikohtaisia toimialaj\u00e4rjest\u00f6j\u00e4 ja ammattiliittoja ja joka pyrkii v\u00e4hent\u00e4m\u00e4\u00e4n ty\u00f6ss\u00e4 tapahtuvia altistumisia hengitett\u00e4v\u00e4lle kiteiselle piidioksidille. <\/p>","protected":false},"author":1,"featured_media":0,"parent":0,"menu_order":0,"comment_status":"closed","ping_status":"closed","template":"","meta":{"footnotes":""},"class_list":["post-398","page","type-page","status-publish","hentry"],"_links":{"self":[{"href":"https:\/\/training.nepsi.eu\/fi\/wp-json\/wp\/v2\/pages\/398","targetHints":{"allow":["GET"]}}],"collection":[{"href":"https:\/\/training.nepsi.eu\/fi\/wp-json\/wp\/v2\/pages"}],"about":[{"href":"https:\/\/training.nepsi.eu\/fi\/wp-json\/wp\/v2\/types\/page"}],"author":[{"embeddable":true,"href":"https:\/\/training.nepsi.eu\/fi\/wp-json\/wp\/v2\/users\/1"}],"replies":[{"embeddable":true,"href":"https:\/\/training.nepsi.eu\/fi\/wp-json\/wp\/v2\/comments?post=398"}],"version-history":[{"count":2,"href":"https:\/\/training.nepsi.eu\/fi\/wp-json\/wp\/v2\/pages\/398\/revisions"}],"predecessor-version":[{"id":3146,"href":"https:\/\/training.nepsi.eu\/fi\/wp-json\/wp\/v2\/pages\/398\/revisions\/3146"}],"wp:attachment":[{"href":"https:\/\/training.nepsi.eu\/fi\/wp-json\/wp\/v2\/media?parent=398"}],"curies":[{"name":"wp","href":"https:\/\/api.w.org\/{rel}","templated":true}]}}