{"id":3,"date":"2024-08-12T12:57:10","date_gmt":"2024-08-12T12:57:10","guid":{"rendered":"https:\/\/nepsi.leidardev.com\/\/\/\/?page_id=3"},"modified":"2024-10-21T10:40:39","modified_gmt":"2024-10-21T10:40:39","slug":"privacy-policy","status":"publish","type":"page","link":"https:\/\/training.nepsi.eu\/fr\/privacy-policy\/","title":{"rendered":"Politique de confidentialit\u00e9"},"content":{"rendered":"<div class=\"wp-block-c83-section uk-section uk-background-norepeat\">\n<div class=\"wp-block-c83-container uk-container\">\n<h1 class=\"wp-block-c83-post-title uk-text-left\">Politique de confidentialit\u00e9<\/h1>\n\n\n\n<p class=\"wp-block-c83-text uk-text-left translation-block\">Le respect de votre vie priv\u00e9e nous importe. En vertu de la politique de NEPSI, nous sommes tenus de respecter la confidentialit\u00e9 de toute information que nous sommes susceptibles de collecter aupr\u00e8s de vous sur notre site Internet, <a href=\"https:\/\/www.nepsi.eu\/\" target=\"_self\">https:\/\/www.nepsi.eu\/<\/a>, et d'autres sites que nous poss\u00e9dons et exploitons.<\/p>\n\n\n\n<p class=\"wp-block-c83-text uk-text-left\">Nous ne demandons des informations personnelles que lorsqu'elles sont n\u00e9cessaire \u00e0 la prestation du service. Nous les collectons par des moyens justes et l\u00e9gaux, en vous informant de la collecte et nous assurant que vous y avez consenti. Nous vous informons \u00e9galement des motifs de la collecte et des modes d\u2019utilisation.<\/p>\n\n\n\n<p class=\"wp-block-c83-text uk-text-left\">Nous conservons les informations collect\u00e9es uniquement pendant la p\u00e9riode n\u00e9cessaire \u00e0 la prestation de service. Nous prot\u00e9geons les donn\u00e9es que nous stockons par des moyens commercialement acceptables afin de pr\u00e9venir toute perte et tout vol, ainsi que tout acc\u00e8s, divulgation, copie, utilisation ou modification non autoris\u00e9s.<\/p>\n\n\n\n<p class=\"wp-block-c83-text uk-text-left\">Nous ne partageons aucune information permettant l\u2019identification des personnes, avec le grand public ou avec des tiers, sauf lorsque la loi l'exige.<\/p>\n\n\n\n<p class=\"wp-block-c83-text uk-text-left\">Notre site Internet est susceptible de contenir des liens vers des sites externes qui ne sont pas exploit\u00e9s par notre soci\u00e9t\u00e9. Veuillez noter que nous n'exer\u00e7ons aucun contr\u00f4le sur le contenu et les pratiques de ces sites. En outre, nous d\u00e9clinons toute responsabilit\u00e9 quant \u00e0 leurs politiques de confidentialit\u00e9 respectives.<\/p>\n\n\n\n<p class=\"wp-block-c83-text uk-text-left\">Vous \u00eates libre de refuser notre demande de renseignements personnels, sachant que nous pourrions ne pas \u00eatre en mesure de vous fournir certains des services souhait\u00e9s.<\/p>\n\n\n\n<p class=\"wp-block-c83-text uk-text-left\">En utilisant de mani\u00e8re continue notre site Internet, vous \u00eates r\u00e9put\u00e9(e) consentir \u00e0 nos pratiques en mati\u00e8re de confidentialit\u00e9 et d\u2019informations personnelles. N'h\u00e9sitez pas \u00e0 nous contacter, si vous avez des questions concernant la mani\u00e8re dont nous traitons les donn\u00e9es des utilisateurs et les informations personnelles.<br><\/p>\n\n\n\n<p class=\"wp-block-c83-text uk-text-left\">La pr\u00e9sente politique est en vigueur \u00e0 compter du 1er d\u00e9cembre 2020.<\/p>\n<\/div>\n<\/div>","protected":false},"excerpt":{"rendered":"","protected":false},"author":1,"featured_media":0,"parent":0,"menu_order":0,"comment_status":"closed","ping_status":"closed","template":"","meta":{"footnotes":""},"class_list":["post-3","page","type-page","status-publish","hentry"],"_links":{"self":[{"href":"https:\/\/training.nepsi.eu\/fr\/wp-json\/wp\/v2\/pages\/3","targetHints":{"allow":["GET"]}}],"collection":[{"href":"https:\/\/training.nepsi.eu\/fr\/wp-json\/wp\/v2\/pages"}],"about":[{"href":"https:\/\/training.nepsi.eu\/fr\/wp-json\/wp\/v2\/types\/page"}],"author":[{"embeddable":true,"href":"https:\/\/training.nepsi.eu\/fr\/wp-json\/wp\/v2\/users\/1"}],"replies":[{"embeddable":true,"href":"https:\/\/training.nepsi.eu\/fr\/wp-json\/wp\/v2\/comments?post=3"}],"version-history":[{"count":0,"href":"https:\/\/training.nepsi.eu\/fr\/wp-json\/wp\/v2\/pages\/3\/revisions"}],"wp:attachment":[{"href":"https:\/\/training.nepsi.eu\/fr\/wp-json\/wp\/v2\/media?parent=3"}],"curies":[{"name":"wp","href":"https:\/\/api.w.org\/{rel}","templated":true}]}}