{"id":341,"date":"2024-09-19T09:51:08","date_gmt":"2024-09-19T09:51:08","guid":{"rendered":"https:\/\/nepsi.leidardev.com\/\/\/\/?page_id=341"},"modified":"2024-11-12T15:53:23","modified_gmt":"2024-11-12T15:53:23","slug":"modules","status":"publish","type":"page","link":"https:\/\/training.nepsi.eu\/fr\/modules\/","title":{"rendered":"Modules"},"content":{"rendered":"<div class=\"wp-block-c83-section uk-section uk-margin-remove uk-padding-remove-bottom uk-background-width-1-1 uk-background-top-center uk-background-norepeat\" id=\"hero-section\" style=\"background-image:url(https:\/\/nepsi.leidardev.com\/\/\/wp-content\/uploads\/2024\/10\/bgtriangle-reversed.svg)\" data-src=\"https:\/\/nepsi.leidardev.com\/\/\/wp-content\/uploads\/2024\/10\/bgtriangle-reversed.svg\" uk-img=\"dataSrc: https:\/\/nepsi.leidardev.com\/\/\/wp-content\/uploads\/2024\/10\/bgtriangle-reversed.svg; loading: eager; margin: 50%; target: false;\">\n<div class=\"wp-block-c83-container uk-container uk-padding-remove-bottom\">\n<div class=\"wp-block-c83-grid uk-grid uk-grid-large uk-child-width-1-1 uk-child-width-1-2@m uk-margin-remove\" uk-grid=\"masonry: false; parallax: 0; parallaxStart: 0; parallaxEnd: 0; parallaxJustify: false;\">\n<div class=\"wp-block-c83-grid-item uk-padding uk-padding-remove-vertical uk-visible@m\">\n<div class=\"wp-block-c83-container uk-container uk-flex uk-flex-column uk-flex-right uk-flex-bottom uk-flex-nowrap\">\n<figure class=\"wp-block-c83-image uk-margin-remove-bottom uk-height-1-1\"><picture><source srcset=\"https:\/\/nepsi.leidardev.com\/\/\/\/wp-content\/uploads\/2024\/09\/professional-team-orange-150x150.png 150w, https:\/\/nepsi.leidardev.com\/\/\/\/wp-content\/uploads\/2024\/09\/professional-team-orange-300x164.png 300w, https:\/\/nepsi.leidardev.com\/\/\/\/wp-content\/uploads\/2024\/09\/professional-team-orange.png 597w\" type=\"image\/png\"\/><img loading=\"lazy\" decoding=\"async\" src=\"https:\/\/nepsi.leidardev.com\/\/\/\/wp-content\/uploads\/2024\/09\/professional-team-orange.png\" class=\"uk-object-\" style=\"aspect-ratio:16\/9\" alt=\"\" width=\"597\" height=\"326\" data-uk-cover=\"false\"\/><\/picture>\n<figcaption class=\"wp-block-c83-image-caption uk-hidden uk-text-small uk-margin-small-top uk-text-muted uk-text-left\"><\/figcaption>\n<\/figure>\n<\/div>\n<\/div>\n\n\n\n<div class=\"wp-block-c83-grid-item uk-padding-remove-horizontal\">\n<div class=\"wp-block-c83-container uk-container uk-padding-remove uk-height-1-1 uk-flex uk-flex-column uk-flex-center top uk-flex-nowrap\">\n<div class=\"wp-block-c83-panel uk-panel\">\n<h2 class=\"wp-block-c83-post-title uk-heading-small uk-text-bold uk-text-left uk-heading-custom uk-margin-small-bottom uk-margin-remove\">Modules<\/h2>\n\n\n\n<div class=\"wp-block-c83-vspace c83-vspace-tiny\"><\/div>\n\n\n\n<p class=\"wp-block-c83-text uk-text-left uk-text-custom\">Les modules ne sont pas not\u00e9s et aucune limite de temps n'est impos\u00e9.  N\u00e9anmoins, des quizz vous sont propos\u00e9s dans le cadre de chaque module. La validation de chaque module n\u00e9cessite environ 20 minutes. Une fois le module lanc\u00e9, vous devez le valider pour recevoir votre certificat. Si vous abandonnez la formation en cours de route, vous devrez recommencer.<\/p>\n\n\n\n<p class=\"wp-block-c83-text uk-text-left uk-text-custom\">Les modules ne sont pas not\u00e9s et aucune limite de temps n'est impos\u00e9.  N\u00e9anmoins, des quizz vous sont propos\u00e9s dans le cadre de chaque module. La validation de chaque module n\u00e9cessite environ 20 minutes. Une fois le module lanc\u00e9, vous devez le valider pour recevoir votre certificat. Si vous abandonnez la formation en cours de route, vous devrez recommencer.<\/p>\n<\/div>\n<\/div>\n<\/div>\n\n\n\n<div class=\"wp-block-c83-grid-item uk-padding uk-padding-remove-vertical uk-hidden@m\">\n<div class=\"wp-block-c83-container uk-container uk-flex uk-flex-column uk-flex-right uk-flex-bottom uk-flex-nowrap\">\n<figure class=\"wp-block-c83-image uk-margin-remove-bottom uk-height-1-1\"><picture><source srcset=\"https:\/\/nepsi.leidardev.com\/\/\/\/wp-content\/uploads\/2024\/09\/professional-team-orange-150x150.png 150w, https:\/\/nepsi.leidardev.com\/\/\/\/wp-content\/uploads\/2024\/09\/professional-team-orange-300x164.png 300w, https:\/\/nepsi.leidardev.com\/\/\/\/wp-content\/uploads\/2024\/09\/professional-team-orange.png 597w\" type=\"image\/png\"\/><img loading=\"lazy\" decoding=\"async\" src=\"https:\/\/nepsi.leidardev.com\/\/\/\/wp-content\/uploads\/2024\/09\/professional-team-orange.png\" class=\"uk-object-\" style=\"aspect-ratio:16\/9\" alt=\"\" width=\"597\" height=\"326\" data-uk-cover=\"false\"\/><\/picture>\n<figcaption class=\"wp-block-c83-image-caption uk-hidden uk-text-small uk-margin-small-top uk-text-muted uk-text-left\"><\/figcaption>\n<\/figure>\n<\/div>\n<\/div>\n<\/div>\n<\/div>\n<\/div>\n\n\n\n<div class=\"wp-block-c83-vspace c83-vspace-normal\"><\/div>\n\n\n\n<div class=\"wp-block-c83-section uk-section uk-margin-remove uk-padding-remove-top uk-background-width-1-1 uk-background-top-center uk-background-norepeat\">\n<div class=\"wp-block-c83-container uk-container uk-flex uk-flex-column uk-flex-left uk-flex-stretch uk-flex-nowrap\">\n<div class=\"wp-block-c83-grid uk-grid uk-grid-medium uk-margin-remove\" uk-grid=\"masonry: false; parallax: 0; parallaxStart: 0; parallaxEnd: 0; parallaxJustify: false;\">\n<div class=\"wp-block-c83-grid-item uk-padding-remove-left uk-width-1-1 uk-width-2-3@m\">\n<div class=\"wp-block-c83-container uk-container uk-padding uk-padding-remove-top uk-padding-remove-bottom uk-padding-remove-left uk-flex uk-flex-row uk-flex-between uk-flex-top uk-flex-nowrap\"><div class=\"wp-block-c83-courses\"><ul uk-accordion='{\"active\":0,\"animation\":true,\"collapsible\":false,\"duration\":200,\"multiple\":false,\"transition\":\"ease-in-out\",\"offset\":0}'><li class=\"uk-padding\">\n                        <h3 class=\"uk-accordion-title uk-margin-remove\"><span uk-icon=\"icon: plus; ratio: 0.8;\" class=\"uk-margin-small-right\"><\/span> <strong>Pr\u00e9sentation de la silice cristalline et des bonnes pratiques<\/strong><\/h3>\n                        <div class=\"uk-accordion-content\">\n                            <p class=\"uk-margin-small-top\">Apprenez \u00e0 identifier les risques auxquels vous \u00eates expos\u00e9 sur votre lieu de travail et d\u00e9couvrez les pratiques existantes permettant de limiter une \u00e9ventuelle exposition au RCS.\r\n\r\n<\/p>\n                            <div class=\"uk-flex uk-flex-row uk-flex-between uk-flex-middle uk-margin-small-top uk-width-1-1\">\n                                <a href=\"https:\/\/training.nepsi.eu\/fr\/lesson\/introduction-to-crystalline-silica-and-good-practices\/\" class=\"uk-button uk-button-primary uk-button-large\">LANCER LE MODULE<\/a>\n                                \n                            <\/div>\n                        <\/div>\n                    <\/li><li class=\"uk-padding\">\n                        <h3 class=\"uk-accordion-title uk-margin-remove\"><span uk-icon=\"icon: plus; ratio: 0.8;\" class=\"uk-margin-small-right\"><\/span> <strong>Contr\u00f4le de la poussi\u00e8re de silice dans le cadre d\u2019activit\u00e9s sp\u00e9cifiques<\/strong><\/h3>\n                        <div class=\"uk-accordion-content\">\n                            <p class=\"uk-margin-small-top\">Ce cours traite des bonnes pratiques visant \u00e0 r\u00e9duire l\u2019exposition \u00e0 la poussi\u00e8re  de silice cristalline respirable sur le lieu de travail. Il repose sur des sc\u00e9narios r\u00e9els. <\/p>\n                            <div class=\"uk-flex uk-flex-row uk-flex-between uk-flex-middle uk-margin-small-top uk-width-1-1\">\n                                <a href=\"https:\/\/training.nepsi.eu\/fr\/lesson\/control-of-silica-dust-in-specific-activities\/\" class=\"uk-button uk-button-primary uk-button-large\">LANCER LE MODULE<\/a>\n                                \n                            <\/div>\n                        <\/div>\n                    <\/li><li class=\"uk-padding\">\n                        <h3 class=\"uk-accordion-title uk-margin-remove\"><span uk-icon=\"icon: plus; ratio: 0.8;\" class=\"uk-margin-small-right\"><\/span> <strong>Bricolage et travaux mobiles sans poussi\u00e8re<\/strong><\/h3>\n                        <div class=\"uk-accordion-content\">\n                            <p class=\"uk-margin-small-top\">Ce cours vous permettra d\u2019identifier les bonnes pratiques et de vous prot\u00e9ger contre les poussi\u00e8res dangereuses lorsque vous travaillez sur des projets de r\u00e9novation d\u2019immeubles r\u00e9sidentiels. Il est \u00e9galement destin\u00e9 aux artisans itin\u00e9rants sur leur lieu de travail.<\/p>\n                            <div class=\"uk-flex uk-flex-row uk-flex-between uk-flex-middle uk-margin-small-top uk-width-1-1\">\n                                <a href=\"https:\/\/training.nepsi.eu\/fr\/lesson\/dyi-and-mobile-work-without-dust\/\" class=\"uk-button uk-button-primary uk-button-large\">LANCER LE MODULE<\/a>\n                                \n                            <\/div>\n                        <\/div>\n                    <\/li><ul><\/div>\n\n\n<div class=\"wp-block-c83-hspace c83-hspace-normal uk-visible@m\"><\/div>\n<\/div>\n<\/div>\n\n\n\n<div class=\"wp-block-c83-grid-item uk-padding-remove-horizontal uk-width-1-1 uk-width-1-3@m\">\n<div class=\"wp-block-c83-container uk-container uk-padding-remove uk-height-1-1 uk-flex uk-flex-column uk-flex-center top uk-flex-nowrap\">\n<div class=\"wp-block-c83-grid uk-grid uk-grid-medium\" uk-grid=\"masonry: false; parallax: 0; parallaxStart: 0; parallaxEnd: 0; parallaxJustify: false;\">\n<div class=\"wp-block-c83-grid-item uk-width-1-1 uk-width-1-1@m uk-width-1-1@l uk-width-1-2@s\">\n<div class=\"wp-block-c83-section uk-section uk-padding uk-background-muted-background-darkest uk-background-cover uk-background-norepeat uk-background-blend-multiply\" style=\"background-image:url(https:\/\/nepsi.leidardev.com\/\/\/wp-content\/uploads\/2024\/09\/hand-scaled-1.jpg)\" data-src=\"https:\/\/nepsi.leidardev.com\/\/\/wp-content\/uploads\/2024\/09\/hand-scaled-1.jpg\" uk-img=\"dataSrc: https:\/\/nepsi.leidardev.com\/\/\/wp-content\/uploads\/2024\/09\/hand-scaled-1.jpg; loading: eager; margin: 50%; target: false;\">\n<div class=\"wp-block-c83-container uk-container uk-width-1-1 uk-flex uk-flex-column uk-flex-left uk-flex-top uk-flex-nowrap\">\n<h3 class=\"wp-block-c83-heading uk-text-white uk-text-left uk-heading-custom\"><strong>Guide de bonnes pratiques<\/strong><\/h3>\n\n\n\n<div class=\"wp-block-c83-vspace c83-vspace-normal\"><\/div>\n\n\n\n<a class=\"wp-block-c83-button uk-button-default uk-button\" href=\"https:\/\/guide.nepsi.eu\/\" target=\"_blank\" rel=\"noopener\" role=\"link\"><span>VISITEZ LE SITE INTERNET<\/span><\/a>\n<\/div>\n<\/div>\n<\/div>\n\n\n\n<div class=\"wp-block-c83-grid-item uk-width-1-1 uk-width-1-1@m uk-width-1-1@l uk-width-1-2@s\">\n<div class=\"wp-block-c83-section uk-section uk-padding uk-background-muted-background-darkest uk-background-cover uk-background-norepeat uk-background-blend-multiply\" style=\"background-image:url(https:\/\/nepsi.leidardev.com\/\/\/wp-content\/uploads\/2024\/10\/SME-Toolkit-hero-crop.jpg)\" data-src=\"https:\/\/nepsi.leidardev.com\/\/\/wp-content\/uploads\/2024\/10\/SME-Toolkit-hero-crop.jpg\" uk-img=\"dataSrc: https:\/\/nepsi.leidardev.com\/\/\/wp-content\/uploads\/2024\/10\/SME-Toolkit-hero-crop.jpg; loading: eager; margin: 50%; target: false;\">\n<div class=\"wp-block-c83-container uk-container uk-width-1-1 uk-flex uk-flex-column uk-flex-left uk-flex-top uk-flex-nowrap\">\n<h3 class=\"wp-block-c83-heading uk-text-white uk-text-left uk-heading-custom\"><strong>Bo\u00eete \u00e0 outils \u00e0 l'attention des PME<\/strong><\/h3>\n\n\n\n<div class=\"wp-block-c83-vspace c83-vspace-normal\"><\/div>\n\n\n\n<a class=\"wp-block-c83-button uk-button-default uk-button\" href=\"https:\/\/toolkit.nepsi.eu\/\" target=\"_blank\" rel=\"noopener\" role=\"link\"><span>VISITEZ LE SITE INTERNET<\/span><\/a>\n<\/div>\n<\/div>\n<\/div>\n<\/div>\n<\/div>\n<\/div>\n<\/div>\n<\/div>\n<\/div>","protected":false},"excerpt":{"rendered":"","protected":false},"author":1,"featured_media":0,"parent":0,"menu_order":0,"comment_status":"closed","ping_status":"closed","template":"","meta":{"footnotes":""},"class_list":["post-341","page","type-page","status-publish","hentry"],"_links":{"self":[{"href":"https:\/\/training.nepsi.eu\/fr\/wp-json\/wp\/v2\/pages\/341","targetHints":{"allow":["GET"]}}],"collection":[{"href":"https:\/\/training.nepsi.eu\/fr\/wp-json\/wp\/v2\/pages"}],"about":[{"href":"https:\/\/training.nepsi.eu\/fr\/wp-json\/wp\/v2\/types\/page"}],"author":[{"embeddable":true,"href":"https:\/\/training.nepsi.eu\/fr\/wp-json\/wp\/v2\/users\/1"}],"replies":[{"embeddable":true,"href":"https:\/\/training.nepsi.eu\/fr\/wp-json\/wp\/v2\/comments?post=341"}],"version-history":[{"count":0,"href":"https:\/\/training.nepsi.eu\/fr\/wp-json\/wp\/v2\/pages\/341\/revisions"}],"wp:attachment":[{"href":"https:\/\/training.nepsi.eu\/fr\/wp-json\/wp\/v2\/media?parent=341"}],"curies":[{"name":"wp","href":"https:\/\/api.w.org\/{rel}","templated":true}]}}