{"id":398,"date":"2024-09-19T10:23:33","date_gmt":"2024-09-19T10:23:33","guid":{"rendered":"https:\/\/nepsi.leidardev.com\/\/\/\/?page_id=398"},"modified":"2025-09-30T09:59:53","modified_gmt":"2025-09-30T09:59:53","slug":"about-us","status":"publish","type":"page","link":"https:\/\/training.nepsi.eu\/fr\/about-us\/","title":{"rendered":"\u00c0 PROPOS"},"content":{"rendered":"<div class=\"wp-block-c83-section uk-section uk-background-norepeat\">\n<div class=\"wp-block-c83-container uk-container\">\n<h1 class=\"wp-block-c83-post-title uk-text-left\">\u00c0 PROPOS<\/h1>\n\n\n\n<p class=\"wp-block-c83-text uk-text-left uk-text-lead\">NEPSI (The European Network for Silica) est un organisme cr\u00e9\u00e9 par un groupe  d'associations professionnelles et de syndicats europ\u00e9ens, \u00e9voluant dans le secteur, ayant vocation \u00e0 r\u00e9duire l'exposition des professionnels \u00e0 la silice cristalline respirable (RCS).<\/p>\n\n\n\n<p class=\"wp-block-c83-text uk-text-left\">La priorit\u00e9 de l\u2019organisme ? Mettre en \u0153uvre l'accord de dialogue social sign\u00e9 en 2006. Ce dernier vise \u00e0 promouvoir la sant\u00e9 et la s\u00e9curit\u00e9 des travailleurs en mettant en \u0153uvre des bonnes pratiques de manipulation et d'utilisation de mat\u00e9riaux contenant de la silice cristalline. Les travailleurs \u00e9voluant dans des secteurs tels que le b\u00e2timent, l\u2019exploitation mini\u00e8re et la production de verre risquent d\u2019\u00eatre expos\u00e9s \u00e0 la RCS, avec, \u00e0 la cl\u00e9, de graves probl\u00e8mes de sant\u00e9 tels que la silicose.<\/p>\n\n\n\n<p class=\"wp-block-c83-text uk-text-left uk-link-text uk-text-custom\">Pour en savoir plus sur NEPSI ou pour nous contacter, consultez le site Internet nepsi.eu <a href=\"https:\/\/nepsi.eu\/\" data-type=\"link\" data-id=\"https:\/\/nepsi.eu\/\" target=\"_blank\" rel=\"noreferrer noopener\">nepsi.eu<\/a>.<\/p>\n\n\n\n<div class=\"wp-block-c83-vspace c83-vspace-normal\"><\/div>\n\n\n\n<a class=\"wp-block-c83-button uk-button-primary uk-button uk-button-large\" href=\"https:\/\/nepsi.eu\" target=\"_blank\" rel=\"noopener\" role=\"link\"><span>nepsi.eu<\/span><\/a>\n<\/div>\n<\/div>","protected":false},"excerpt":{"rendered":"<p>NEPSI (The European Network for Silica) est un organisme cr\u00e9\u00e9 par un groupe  d'associations professionnelles et de syndicats europ\u00e9ens, \u00e9voluant dans le secteur, ayant vocation \u00e0 r\u00e9duire l'exposition des professionnels \u00e0 la silice cristalline respirable (RCS). <\/p>","protected":false},"author":1,"featured_media":0,"parent":0,"menu_order":0,"comment_status":"closed","ping_status":"closed","template":"","meta":{"footnotes":""},"class_list":["post-398","page","type-page","status-publish","hentry"],"_links":{"self":[{"href":"https:\/\/training.nepsi.eu\/fr\/wp-json\/wp\/v2\/pages\/398","targetHints":{"allow":["GET"]}}],"collection":[{"href":"https:\/\/training.nepsi.eu\/fr\/wp-json\/wp\/v2\/pages"}],"about":[{"href":"https:\/\/training.nepsi.eu\/fr\/wp-json\/wp\/v2\/types\/page"}],"author":[{"embeddable":true,"href":"https:\/\/training.nepsi.eu\/fr\/wp-json\/wp\/v2\/users\/1"}],"replies":[{"embeddable":true,"href":"https:\/\/training.nepsi.eu\/fr\/wp-json\/wp\/v2\/comments?post=398"}],"version-history":[{"count":2,"href":"https:\/\/training.nepsi.eu\/fr\/wp-json\/wp\/v2\/pages\/398\/revisions"}],"predecessor-version":[{"id":3146,"href":"https:\/\/training.nepsi.eu\/fr\/wp-json\/wp\/v2\/pages\/398\/revisions\/3146"}],"wp:attachment":[{"href":"https:\/\/training.nepsi.eu\/fr\/wp-json\/wp\/v2\/media?parent=398"}],"curies":[{"name":"wp","href":"https:\/\/api.w.org\/{rel}","templated":true}]}}