{"id":3,"date":"2024-08-12T12:57:10","date_gmt":"2024-08-12T12:57:10","guid":{"rendered":"https:\/\/nepsi.leidardev.com\/\/\/\/?page_id=3"},"modified":"2024-10-21T10:40:39","modified_gmt":"2024-10-21T10:40:39","slug":"privacy-policy","status":"publish","type":"page","link":"https:\/\/training.nepsi.eu\/hr\/privacy-policy\/","title":{"rendered":"Politika privatnosti"},"content":{"rendered":"<div class=\"wp-block-c83-section uk-section uk-background-norepeat\">\n<div class=\"wp-block-c83-container uk-container\">\n<h1 class=\"wp-block-c83-post-title uk-text-left\">Politika privatnosti<\/h1>\n\n\n\n<p class=\"wp-block-c83-text uk-text-left translation-block\">Va\u0161a privatnost nama je va\u017ena. NEPSI-jeva politika privatnosti osigurava po\u0161tovanje va\u0161e privatnosti u pogledu svih informacija koje o vama mo\u017eemo prikupiti na na\u0161oj mre\u017enoj stranici, <a href=\"https:\/\/www.nepsi.eu\/\" target=\"_self\">https:\/\/www.nepsi.eu\/<\/a> i ostalim stranicama koje posjedujemo i kojima upravljamo.<\/p>\n\n\n\n<p class=\"wp-block-c83-text uk-text-left\">Va\u0161e osobne podatke tra\u017eit \u0107emo samo kad su nam oni zaista potrebni kako bismo vam mogli pru\u017eiti uslugu. Prikupljamo ih na po\u0161ten na\u010din, zakonom dopu\u0161tenim sredstvima, vi ste o tome obavije\u0161teni i imamo va\u0161u privolu. Tako\u0111er vas informiramo o tome za\u0161to ih prikupljamo te kako \u0107emo ih koristiti.<\/p>\n\n\n\n<p class=\"wp-block-c83-text uk-text-left\">Prikupljene podatke \u010duvamo koliko je potrebno kako bismo vam mogli pru\u017eati uslugu koju tra\u017eite. Podatke koje pohranjujemo za\u0161titit \u0107emo komercijalno prihvatljivim sredstvima, kako bismo sprije\u010dili njihov gubitak ili kra\u0111u, neovla\u0161ten pristup, otkrivanje, umno\u017eavanje, upotrebu ili izmjene.<\/p>\n\n\n\n<p class=\"wp-block-c83-text uk-text-left\">Mi nikakve osobne identifikacijske podatke ne dijelimo javno niti s tre\u0107im osobama, osim kada nas na to obvezuje zakon.<\/p>\n\n\n\n<p class=\"wp-block-c83-text uk-text-left\">Na\u0161a mre\u017ena stranica mo\u017ee imati poveznice na vanjske stranice kojima mi ne upravljamo. Napominjemo da mi nemamo nikakvu kontrolu nad sadr\u017eajem i praksama tih stranica i ne mo\u017eemo preuzimati odgovornost niti obveze za njihove politike privatnosti.<\/p>\n\n\n\n<p class=\"wp-block-c83-text uk-text-left\">Vi ste slobodni odbiti na\u0161 zahtjev za dostavu osobnih podataka, ali morate znati da vam u tom slu\u010daju ne\u0107emo mo\u0107i pru\u017eiti neke od usluga koje \u017eelite.<\/p>\n\n\n\n<p class=\"wp-block-c83-text uk-text-left\">Va\u0161 nastavak kori\u0161tenja na\u0161e mre\u017ene stranice smatra se va\u0161im prihva\u0107anjem na\u0161ih praksi vezano na privatnost i osobne podatke. Ako imate bilo kakvih pitanja o tome kako obra\u0111ujemo korisni\u010dke i osobne podatke, slobodno nam se obratite.<br><\/p>\n\n\n\n<p class=\"wp-block-c83-text uk-text-left\">Ova politika stupa na snagu 1. prosinca 2020.<\/p>\n<\/div>\n<\/div>","protected":false},"excerpt":{"rendered":"","protected":false},"author":1,"featured_media":0,"parent":0,"menu_order":0,"comment_status":"closed","ping_status":"closed","template":"","meta":{"footnotes":""},"class_list":["post-3","page","type-page","status-publish","hentry"],"_links":{"self":[{"href":"https:\/\/training.nepsi.eu\/hr\/wp-json\/wp\/v2\/pages\/3","targetHints":{"allow":["GET"]}}],"collection":[{"href":"https:\/\/training.nepsi.eu\/hr\/wp-json\/wp\/v2\/pages"}],"about":[{"href":"https:\/\/training.nepsi.eu\/hr\/wp-json\/wp\/v2\/types\/page"}],"author":[{"embeddable":true,"href":"https:\/\/training.nepsi.eu\/hr\/wp-json\/wp\/v2\/users\/1"}],"replies":[{"embeddable":true,"href":"https:\/\/training.nepsi.eu\/hr\/wp-json\/wp\/v2\/comments?post=3"}],"version-history":[{"count":0,"href":"https:\/\/training.nepsi.eu\/hr\/wp-json\/wp\/v2\/pages\/3\/revisions"}],"wp:attachment":[{"href":"https:\/\/training.nepsi.eu\/hr\/wp-json\/wp\/v2\/media?parent=3"}],"curies":[{"name":"wp","href":"https:\/\/api.w.org\/{rel}","templated":true}]}}