{"id":398,"date":"2024-09-19T10:23:33","date_gmt":"2024-09-19T10:23:33","guid":{"rendered":"https:\/\/nepsi.leidardev.com\/\/\/\/?page_id=398"},"modified":"2025-09-30T09:59:53","modified_gmt":"2025-09-30T09:59:53","slug":"about-us","status":"publish","type":"page","link":"https:\/\/training.nepsi.eu\/hr\/about-us\/","title":{"rendered":"O NAMA"},"content":{"rendered":"<div class=\"wp-block-c83-section uk-section uk-background-norepeat\">\n<div class=\"wp-block-c83-container uk-container\">\n<h1 class=\"wp-block-c83-post-title uk-text-left\">O NAMA<\/h1>\n\n\n\n<p class=\"wp-block-c83-text uk-text-left uk-text-lead\">NEPSI (Europska mre\u017ea za silicij) je organizacija koju su osnovala europska sektorska udru\u017eenja i sindikati s ciljem smanjenja izlo\u017eenosti respirabilnim \u010desticama kristalnog silicija (RCS).<\/p>\n\n\n\n<p class=\"wp-block-c83-text uk-text-left\">Organizacija se fokusira na provedbu sporazuma o socijalnom dijalogu potpisanog 2006. godine, u kojem se nagla\u0161ava promicanje zdravlja i sigurnosti radnika kroz primjenu dobrih praksi rukovanja i uporabe materijala koji sadr\u017ee kristalni silicij. Za radnike u industrijama poput graditeljstva, rudarstva i proizvodnje stakla postoji rizik od izlo\u017eenosti respirabilnim \u010desticama kristalnog silicija (RCS), \u0161to mo\u017ee uzrokovati ozbiljne zdravstvene probleme, primjerice silikozu.<\/p>\n\n\n\n<p class=\"wp-block-c83-text uk-text-left uk-link-text uk-text-custom\">Kako biste saznali vi\u0161e o NEPSI-ju ili nam se obratili, posjetite <a href=\"https:\/\/nepsi.eu\/\" data-type=\"link\" data-id=\"https:\/\/nepsi.eu\/\" target=\"_blank\" rel=\"noreferrer noopener\">nepsi.eu<\/a>.<\/p>\n\n\n\n<div class=\"wp-block-c83-vspace c83-vspace-normal\"><\/div>\n\n\n\n<a class=\"wp-block-c83-button uk-button-primary uk-button uk-button-large\" href=\"https:\/\/nepsi.eu\" target=\"_blank\" rel=\"noopener\" role=\"link\"><span>nepsi.eu<\/span><\/a>\n<\/div>\n<\/div>","protected":false},"excerpt":{"rendered":"<p>NEPSI (Europska mre\u017ea za silicij) je organizacija koju su osnovala europska sektorska udru\u017eenja i sindikati s ciljem smanjenja izlo\u017eenosti respirabilnim \u010desticama kristalnog silicija (RCS). <\/p>","protected":false},"author":1,"featured_media":0,"parent":0,"menu_order":0,"comment_status":"closed","ping_status":"closed","template":"","meta":{"footnotes":""},"class_list":["post-398","page","type-page","status-publish","hentry"],"_links":{"self":[{"href":"https:\/\/training.nepsi.eu\/hr\/wp-json\/wp\/v2\/pages\/398","targetHints":{"allow":["GET"]}}],"collection":[{"href":"https:\/\/training.nepsi.eu\/hr\/wp-json\/wp\/v2\/pages"}],"about":[{"href":"https:\/\/training.nepsi.eu\/hr\/wp-json\/wp\/v2\/types\/page"}],"author":[{"embeddable":true,"href":"https:\/\/training.nepsi.eu\/hr\/wp-json\/wp\/v2\/users\/1"}],"replies":[{"embeddable":true,"href":"https:\/\/training.nepsi.eu\/hr\/wp-json\/wp\/v2\/comments?post=398"}],"version-history":[{"count":2,"href":"https:\/\/training.nepsi.eu\/hr\/wp-json\/wp\/v2\/pages\/398\/revisions"}],"predecessor-version":[{"id":3146,"href":"https:\/\/training.nepsi.eu\/hr\/wp-json\/wp\/v2\/pages\/398\/revisions\/3146"}],"wp:attachment":[{"href":"https:\/\/training.nepsi.eu\/hr\/wp-json\/wp\/v2\/media?parent=398"}],"curies":[{"name":"wp","href":"https:\/\/api.w.org\/{rel}","templated":true}]}}