{"id":400,"date":"2024-09-19T10:23:53","date_gmt":"2024-09-19T10:23:53","guid":{"rendered":"https:\/\/nepsi.leidardev.com\/\/\/\/?page_id=400"},"modified":"2025-08-04T14:33:26","modified_gmt":"2025-08-04T14:33:26","slug":"training-packs","status":"publish","type":"page","link":"https:\/\/training.nepsi.eu\/hr\/training-packs\/","title":{"rendered":"PAKETI ZA OBUKU"},"content":{"rendered":"<div class=\"wp-block-c83-section uk-section uk-background-norepeat\">\n<div class=\"wp-block-c83-container uk-container\">\n<h1 class=\"wp-block-c83-post-title uk-text-left\">PAKETI ZA OBUKU<\/h1>\n\n\n\n<p class=\"wp-block-c83-text uk-text-left uk-text-lead\">NEPSI-jevi paketi za obuku o dobroj praksi (Good Practice Training Packs) dio su koraka u usavr\u0161avanju o provedbi NEPSI-jevih dobrih praksi.<\/p>\n\n\n\n<p class=\"wp-block-c83-text uk-text-left\">Svaki paket za obuku u obliku PowerPoint prezentacije pokriva temu relevantnu za radnike u svim industrijama koji koriste materijale koji sadr\u017ee kristalni silicij. Paketi sadr\u017ee informacije o rizicima izlo\u017eenosti pra\u0161ini povezanim s odre\u0111enom temom te dobre prakse i mjere dostupne za njihovo smanjivanje. Svrha obuke je informiranje i podu\u010davanje radnika, uz podr\u0161ku instruktora, kako bi im se pomoglo u u\u010dinkovitom kori\u0161tenju mjera kontrole i smanjenju izlo\u017eenosti respirabilnim \u010desticama silicijeva dioksida (RCS) na radnom mjestu.<\/p>\n\n\n\n<p class=\"wp-block-c83-text uk-text-left\">Komplet paketa za obuku (\u2018Training pack bundle\u2019) omogu\u0107uje vam preuzimanje svih 13 PowerPoint paketa za obuku odjednom. Ili, svaki paket mo\u017eete preuzeti pojedina\u010dno.<\/p>\n\n\n\n<h2 class=\"wp-block-c83-heading uk-text-left\">Preuzmi Komplet paketa za obuku na svom jeziku:<\/h2>\n\n\n\n<div class=\"wp-block-c83-vspace c83-vspace-large\"><\/div>\n\n\n\n<div class=\"wp-block-c83-grid uk-grid uk-grid-large  uk-child-width-1-2@s uk-child-width-1-4@m\" uk-grid=\"masonry: false; parallax: 0; parallaxStart: 0; parallaxEnd: 0; parallaxJustify: false;\">\n<div class=\"wp-block-c83-grid-item\">\n<a class=\"wp-block-c83-button uk-button-primary uk-button uk-button-large\" href=\"https:\/\/nepsi.leidardev.com\/\/\/training-packs\/bulgarian\/\" target=\"_self\" rel=\"noopener\" role=\"link\"><span>Bugarski<\/span><\/a>\n<\/div>\n\n\n\n<div class=\"wp-block-c83-grid-item\">\n<a class=\"wp-block-c83-button uk-button-primary uk-button uk-button-large\" href=\"https:\/\/nepsi.leidardev.com\/\/\/training-packs\/croatian\/\" target=\"_self\" rel=\"noopener\" role=\"link\"><span>Hrvatski<\/span><\/a>\n<\/div>\n\n\n\n<div class=\"wp-block-c83-grid-item\">\n<a class=\"wp-block-c83-button uk-button-primary uk-button uk-button-large\" href=\"https:\/\/nepsi.leidardev.com\/\/\/training-packs\/czech\/\" target=\"_self\" rel=\"noopener\" role=\"link\"><span>\u010ce\u0161ki<\/span><\/a>\n<\/div>\n\n\n\n<div class=\"wp-block-c83-grid-item\">\n<a class=\"wp-block-c83-button uk-button-primary uk-button uk-button-large\" href=\"https:\/\/nepsi.leidardev.com\/\/\/training-packs\/danish\/\" target=\"_self\" rel=\"noopener\" role=\"link\"><span>Danski<\/span><\/a>\n<\/div>\n\n\n\n<div class=\"wp-block-c83-grid-item\">\n<a class=\"wp-block-c83-button uk-button-primary uk-button uk-button-large\" href=\"https:\/\/nepsi.leidardev.com\/\/\/training-packs\/dutch\/\" target=\"_self\" rel=\"noopener\" role=\"link\"><span>Nizozemski<\/span><\/a>\n<\/div>\n\n\n\n<div class=\"wp-block-c83-grid-item\">\n<a class=\"wp-block-c83-button uk-button-primary uk-button uk-button-large\" href=\"https:\/\/nepsi.leidardev.com\/\/\/training-packs\/english\/\" target=\"_self\" rel=\"noopener\" role=\"link\"><span>Engleski<\/span><\/a>\n<\/div>\n\n\n\n<div class=\"wp-block-c83-grid-item\">\n<a class=\"wp-block-c83-button uk-button-primary uk-button uk-button-large\" href=\"https:\/\/nepsi.leidardev.com\/\/\/training-packs\/estonian\/\" target=\"_self\" rel=\"noopener\" role=\"link\"><span>Estonski<\/span><\/a>\n<\/div>\n\n\n\n<div class=\"wp-block-c83-grid-item\">\n<a class=\"wp-block-c83-button uk-button-primary uk-button uk-button-large\" href=\"https:\/\/nepsi.leidardev.com\/\/\/training-packs\/finnish\/\" target=\"_self\" rel=\"noopener\" role=\"link\"><span>Finski<\/span><\/a>\n<\/div>\n\n\n\n<div class=\"wp-block-c83-grid-item\">\n<a class=\"wp-block-c83-button uk-button-primary uk-button uk-button-large\" href=\"https:\/\/nepsi.leidardev.com\/\/\/training-packs\/french\/\" target=\"_self\" rel=\"noopener\" role=\"link\"><span>Francuski<\/span><\/a>\n<\/div>\n\n\n\n<div class=\"wp-block-c83-grid-item\">\n<a class=\"wp-block-c83-button uk-button-primary uk-button uk-button-large\" href=\"https:\/\/nepsi.leidardev.com\/\/\/training-packs\/german\/\" target=\"_self\" rel=\"noopener\" role=\"link\"><span>Njema\u010dki<\/span><\/a>\n<\/div>\n\n\n\n<div class=\"wp-block-c83-grid-item\">\n<a class=\"wp-block-c83-button uk-button-primary uk-button uk-button-large\" href=\"https:\/\/nepsi.leidardev.com\/\/\/training-packs\/greek\/\" target=\"_self\" rel=\"noopener\" role=\"link\"><span>Gr\u010dki<\/span><\/a>\n<\/div>\n\n\n\n<div class=\"wp-block-c83-grid-item\">\n<a class=\"wp-block-c83-button uk-button-primary uk-button uk-button-large\" href=\"https:\/\/nepsi.leidardev.com\/\/\/training-packs\/hungarian\/\" target=\"_self\" rel=\"noopener\" role=\"link\"><span>Ma\u0111arski<\/span><\/a>\n<\/div>\n\n\n\n<div class=\"wp-block-c83-grid-item\">\n<a class=\"wp-block-c83-button uk-button-primary uk-button uk-button-large\" href=\"https:\/\/nepsi.leidardev.com\/\/\/training-packs\/italian\/\" target=\"_self\" rel=\"noopener\" role=\"link\"><span>Talijanski<\/span><\/a>\n<\/div>\n\n\n\n<div class=\"wp-block-c83-grid-item\">\n<a class=\"wp-block-c83-button uk-button-primary uk-button uk-button-large\" href=\"https:\/\/nepsi.leidardev.com\/\/\/training-packs\/latvian\/\" target=\"_self\" rel=\"noopener\" role=\"link\"><span>Latvijski<\/span><\/a>\n<\/div>\n\n\n\n<div class=\"wp-block-c83-grid-item\">\n<a class=\"wp-block-c83-button uk-button-primary uk-button uk-button-large\" href=\"https:\/\/nepsi.leidardev.com\/\/\/training-packs\/lithuanian\/\" target=\"_self\" rel=\"noopener\" role=\"link\"><span>Litavski<\/span><\/a>\n<\/div>\n\n\n\n<div class=\"wp-block-c83-grid-item\">\n<a class=\"wp-block-c83-button uk-button-primary uk-button uk-button-large\" href=\"https:\/\/nepsi.leidardev.com\/\/\/training-packs\/maltese\/\" target=\"_self\" rel=\"noopener\" role=\"link\"><span>Malte\u0161ki<\/span><\/a>\n<\/div>\n\n\n\n<div class=\"wp-block-c83-grid-item\">\n<a class=\"wp-block-c83-button uk-button-primary uk-button uk-button-large\" href=\"https:\/\/nepsi.leidardev.com\/\/\/training-packs\/polish\/\" target=\"_self\" rel=\"noopener\" role=\"link\"><span>Poljski<\/span><\/a>\n<\/div>\n\n\n\n<div class=\"wp-block-c83-grid-item\">\n<a class=\"wp-block-c83-button uk-button-primary uk-button uk-button-large\" href=\"https:\/\/nepsi.leidardev.com\/\/\/training-packs\/portuguese\/\" target=\"_self\" rel=\"noopener\" role=\"link\"><span>Portugalski<\/span><\/a>\n<\/div>\n\n\n\n<div class=\"wp-block-c83-grid-item\">\n<a class=\"wp-block-c83-button uk-button-primary uk-button uk-button-large\" href=\"https:\/\/nepsi.leidardev.com\/\/\/training-packs\/romanian\/\" target=\"_self\" rel=\"noopener\" role=\"link\"><span>Rumunjski<\/span><\/a>\n<\/div>\n\n\n\n<div class=\"wp-block-c83-grid-item\">\n<a class=\"wp-block-c83-button uk-button-primary uk-button uk-button-large\" href=\"https:\/\/nepsi.leidardev.com\/\/\/training-packs\/slovakian\/\" target=\"_self\" rel=\"noopener\" role=\"link\"><span>Slova\u010dki<\/span><\/a>\n<\/div>\n\n\n\n<div class=\"wp-block-c83-grid-item\">\n<a class=\"wp-block-c83-button uk-button-primary uk-button uk-button-large\" href=\"https:\/\/nepsi.leidardev.com\/\/\/training-packs\/slovenian\/\" target=\"_self\" rel=\"noopener\" role=\"link\"><span>Slovenski<\/span><\/a>\n<\/div>\n\n\n\n<div class=\"wp-block-c83-grid-item\">\n<a class=\"wp-block-c83-button uk-button-primary uk-button uk-button-large\" href=\"https:\/\/nepsi.leidardev.com\/\/\/training-packs\/spanish\/\" target=\"_self\" rel=\"noopener\" role=\"link\"><span>\u0160panjolski<\/span><\/a>\n<\/div>\n\n\n\n<div class=\"wp-block-c83-grid-item\">\n<a class=\"wp-block-c83-button uk-button-primary uk-button uk-button-large\" href=\"https:\/\/nepsi.leidardev.com\/\/\/training-packs\/swedish\/\" target=\"_self\" rel=\"noopener\" role=\"link\"><span>\u0160vedski<\/span><\/a>\n<\/div>\n<\/div>\n<\/div>\n<\/div>","protected":false},"excerpt":{"rendered":"","protected":false},"author":1,"featured_media":0,"parent":0,"menu_order":0,"comment_status":"closed","ping_status":"closed","template":"","meta":{"footnotes":""},"class_list":["post-400","page","type-page","status-publish","hentry"],"_links":{"self":[{"href":"https:\/\/training.nepsi.eu\/hr\/wp-json\/wp\/v2\/pages\/400","targetHints":{"allow":["GET"]}}],"collection":[{"href":"https:\/\/training.nepsi.eu\/hr\/wp-json\/wp\/v2\/pages"}],"about":[{"href":"https:\/\/training.nepsi.eu\/hr\/wp-json\/wp\/v2\/types\/page"}],"author":[{"embeddable":true,"href":"https:\/\/training.nepsi.eu\/hr\/wp-json\/wp\/v2\/users\/1"}],"replies":[{"embeddable":true,"href":"https:\/\/training.nepsi.eu\/hr\/wp-json\/wp\/v2\/comments?post=400"}],"version-history":[{"count":0,"href":"https:\/\/training.nepsi.eu\/hr\/wp-json\/wp\/v2\/pages\/400\/revisions"}],"wp:attachment":[{"href":"https:\/\/training.nepsi.eu\/hr\/wp-json\/wp\/v2\/media?parent=400"}],"curies":[{"name":"wp","href":"https:\/\/api.w.org\/{rel}","templated":true}]}}