{"id":3,"date":"2024-08-12T12:57:10","date_gmt":"2024-08-12T12:57:10","guid":{"rendered":"https:\/\/nepsi.leidardev.com\/\/\/\/?page_id=3"},"modified":"2024-10-21T10:40:39","modified_gmt":"2024-10-21T10:40:39","slug":"privacy-policy","status":"publish","type":"page","link":"https:\/\/training.nepsi.eu\/hu\/privacy-policy\/","title":{"rendered":"Adatv\u00e9delmi szab\u00e1lyzat"},"content":{"rendered":"<div class=\"wp-block-c83-section uk-section uk-background-norepeat\">\n<div class=\"wp-block-c83-container uk-container\">\n<h1 class=\"wp-block-c83-post-title uk-text-left\">Adatv\u00e9delmi szab\u00e1lyzat<\/h1>\n\n\n\n<p class=\"wp-block-c83-text uk-text-left translation-block\">Az \u00d6n adatainak v\u00e9delme fontos sz\u00e1munkra. A NEPSI politik\u00e1ja, hogy tiszteletben tartja az \u00d6n adatainak v\u00e9delm\u00e9t minden olyan inform\u00e1ci\u00f3 tekintet\u00e9ben, amelyet a weboldalunkon, a <a href=\"https:\/\/www.nepsi.eu\/\" target=\"_self\">https:\/\/www.nepsi.eu\/<\/a> oldalon \u00e9s m\u00e1s, a tulajdonunkban l\u00e9v\u0151 \u00e9s \u00e1ltalunk \u00fczemeltetett oldalakon gy\u0171jthet\u00fcnk \u00d6nr\u0151l.<\/p>\n\n\n\n<p class=\"wp-block-c83-text uk-text-left\">Csak akkor k\u00e9r\u00fcnk szem\u00e9lyes adatokat, ha val\u00f3ban sz\u00fcks\u00e9g\u00fcnk van r\u00e1juk ahhoz, hogy szolg\u00e1ltat\u00e1st ny\u00fajthassunk \u00d6nnek. Az adatokat tisztess\u00e9ges \u00e9s t\u00f6rv\u00e9nyes m\u00f3don, az \u00d6n tudt\u00e1val \u00e9s beleegyez\u00e9s\u00e9vel gy\u0171jtj\u00fck. Azt is k\u00f6z\u00f6lj\u00fck \u00d6nnel, hogy mi\u00e9rt gy\u0171jtj\u00fck \u00e9s hogyan fogjuk felhaszn\u00e1lni.<\/p>\n\n\n\n<p class=\"wp-block-c83-text uk-text-left\">Az \u00f6sszegy\u0171jt\u00f6tt inform\u00e1ci\u00f3kat csak addig \u0151rizz\u00fck meg, am\u00edg sz\u00fcks\u00e9gesek az \u00d6n \u00e1ltal k\u00e9rt szolg\u00e1ltat\u00e1s ny\u00fajt\u00e1s\u00e1hoz. Az \u00e1ltalunk t\u00e1rolt adatokat a kereskedelmi szempontb\u00f3l elfogadhat\u00f3 eszk\u00f6z\u00f6kkel v\u00e9dj\u00fck, hogy megakad\u00e1lyozzuk az adatok elveszt\u00e9s\u00e9t \u00e9s lop\u00e1s\u00e1t, tov\u00e1bb\u00e1 az azokhoz t\u00f6rt\u00e9n\u0151 jogosulatlan hozz\u00e1f\u00e9r\u00e9st \u00e9s azok nyilv\u00e1noss\u00e1gra ker\u00fcl\u00e9s\u00e9t, m\u00e1sol\u00e1s\u00e1t, felhaszn\u00e1l\u00e1s\u00e1t vagy m\u00f3dos\u00edt\u00e1s\u00e1t.<\/p>\n\n\n\n<p class=\"wp-block-c83-text uk-text-left\">Nem osztunk meg semmilyen szem\u00e9lyazonos\u00edt\u00e1sra alkalmas inform\u00e1ci\u00f3t nyilv\u00e1nosan vagy harmadik f\u00e9llel, kiv\u00e9ve, ha erre t\u00f6rv\u00e9ny k\u00f6telez minket.<\/p>\n\n\n\n<p class=\"wp-block-c83-text uk-text-left\">Weboldalunk hivatkozhat olyan k\u00fcls\u0151 oldalakra, amelyeket nem mi \u00fczemeltet\u00fcnk. Felh\u00edvjuk figyelm\u00e9t, hogy nincs befoly\u00e1sunk ezen oldalak tartalm\u00e1ra \u00e9s gyakorlat\u00e1ra, \u00e9s nem v\u00e1llalunk k\u00f6telezetts\u00e9get vagy felel\u0151ss\u00e9get az adott oldalak adatv\u00e9delmi politik\u00e1j\u00e1\u00e9rt.<\/p>\n\n\n\n<p class=\"wp-block-c83-text uk-text-left\">\u00d6n szabadon visszautas\u00edthatja a szem\u00e9lyes adataira vonatkoz\u00f3 k\u00e9r\u00e9s\u00fcnket, azzal a felt\u00e9tellel, hogy esetleg nem tudjuk biztos\u00edtani \u00d6nnek a k\u00edv\u00e1nt szolg\u00e1ltat\u00e1sok egy r\u00e9sz\u00e9t.<\/p>\n\n\n\n<p class=\"wp-block-c83-text uk-text-left\">A weboldalunk folyamatos haszn\u00e1lata az adatv\u00e9delmi \u00e9s szem\u00e9lyes adatokkal kapcsolatos gyakorlatunk elfogad\u00e1s\u00e1nak min\u0151s\u00fcl. Ha b\u00e1rmilyen k\u00e9rd\u00e9se van a felhaszn\u00e1l\u00f3i adatok \u00e9s szem\u00e9lyes inform\u00e1ci\u00f3k kezel\u00e9s\u00e9nek m\u00f3dj\u00e1r\u00f3l, forduljon hozz\u00e1nk bizalommal.<br><\/p>\n\n\n\n<p class=\"wp-block-c83-text uk-text-left\">Ez a szab\u00e1lyzat 2020.12.01-t\u0151l hat\u00e1lyos.<\/p>\n<\/div>\n<\/div>","protected":false},"excerpt":{"rendered":"","protected":false},"author":1,"featured_media":0,"parent":0,"menu_order":0,"comment_status":"closed","ping_status":"closed","template":"","meta":{"footnotes":""},"class_list":["post-3","page","type-page","status-publish","hentry"],"_links":{"self":[{"href":"https:\/\/training.nepsi.eu\/hu\/wp-json\/wp\/v2\/pages\/3","targetHints":{"allow":["GET"]}}],"collection":[{"href":"https:\/\/training.nepsi.eu\/hu\/wp-json\/wp\/v2\/pages"}],"about":[{"href":"https:\/\/training.nepsi.eu\/hu\/wp-json\/wp\/v2\/types\/page"}],"author":[{"embeddable":true,"href":"https:\/\/training.nepsi.eu\/hu\/wp-json\/wp\/v2\/users\/1"}],"replies":[{"embeddable":true,"href":"https:\/\/training.nepsi.eu\/hu\/wp-json\/wp\/v2\/comments?post=3"}],"version-history":[{"count":0,"href":"https:\/\/training.nepsi.eu\/hu\/wp-json\/wp\/v2\/pages\/3\/revisions"}],"wp:attachment":[{"href":"https:\/\/training.nepsi.eu\/hu\/wp-json\/wp\/v2\/media?parent=3"}],"curies":[{"name":"wp","href":"https:\/\/api.w.org\/{rel}","templated":true}]}}