{"id":398,"date":"2024-09-19T10:23:33","date_gmt":"2024-09-19T10:23:33","guid":{"rendered":"https:\/\/nepsi.leidardev.com\/\/\/\/?page_id=398"},"modified":"2025-09-30T09:59:53","modified_gmt":"2025-09-30T09:59:53","slug":"about-us","status":"publish","type":"page","link":"https:\/\/training.nepsi.eu\/hu\/about-us\/","title":{"rendered":"R\u00d3LUNK"},"content":{"rendered":"<div class=\"wp-block-c83-section uk-section uk-background-norepeat\">\n<div class=\"wp-block-c83-container uk-container\">\n<h1 class=\"wp-block-c83-post-title uk-text-left\">R\u00d3LUNK<\/h1>\n\n\n\n<p class=\"wp-block-c83-text uk-text-left uk-text-lead\">A NEPSI (The European Network for Silica) egy eur\u00f3pai \u00e1gazati szakmai sz\u00f6vets\u00e9gek \u00e9s szakszervezetek \u00e1ltal l\u00e9trehozott szervezet, melynek c\u00e9lja a bel\u00e9legezhet\u0151 krist\u00e1lyos szil\u00edcium-dioxidnak (RCS) val\u00f3 munkahelyi kitetts\u00e9g m\u00e9rt\u00e9k\u00e9nek cs\u00f6kkent\u00e9se.<\/p>\n\n\n\n<p class=\"wp-block-c83-text uk-text-left\">A szervezet a 2006-ban al\u00e1\u00edrt szoci\u00e1lis p\u00e1rbesz\u00e9dr\u0151l sz\u00f3l\u00f3 meg\u00e1llapod\u00e1s v\u00e9grehajt\u00e1s\u00e1ra \u00f6sszpontos\u00edt, amely a munkav\u00e1llal\u00f3k eg\u00e9szs\u00e9g\u00e9nek \u00e9s biztons\u00e1g\u00e1nak el\u0151mozd\u00edt\u00e1s\u00e1t hangs\u00falyozza a krist\u00e1lyos szil\u00edcium-dioxidot tartalmaz\u00f3 anyagok kezel\u00e9s\u00e9re \u00e9s felhaszn\u00e1l\u00e1s\u00e1ra vonatkoz\u00f3 helyes gyakorlatok alkalmaz\u00e1s\u00e1val. A dolgoz\u00f3k az olyan ipar\u00e1gakban, mint az \u00e9p\u00edt\u0151ipar, a b\u00e1ny\u00e1szat \u00e9s az \u00fcveggy\u00e1rt\u00e1s, ki vannak t\u00e9ve az RCS-nek val\u00f3 kitetts\u00e9g kock\u00e1zat\u00e1nak, ami s\u00falyos eg\u00e9szs\u00e9g\u00fcgyi probl\u00e9m\u00e1khoz, p\u00e9ld\u00e1ul szilik\u00f3zishoz vezethet.<\/p>\n\n\n\n<p class=\"wp-block-c83-text uk-text-left uk-link-text uk-text-custom\">Ha szeretne t\u00f6bbet megtudni a NEPSI-r\u0151l vagy ha kapcsolatba l\u00e9pne vel\u00fcnk, l\u00e1togasson el a <a href=\"https:\/\/nepsi.eu\/\" data-type=\"link\" data-id=\"https:\/\/nepsi.eu\/\" target=\"_blank\" rel=\"noreferrer noopener\">nepsi.eu<\/a>.<\/p>\n\n\n\n<div class=\"wp-block-c83-vspace c83-vspace-normal\"><\/div>\n\n\n\n<a class=\"wp-block-c83-button uk-button-primary uk-button uk-button-large\" href=\"https:\/\/nepsi.eu\" target=\"_blank\" rel=\"noopener\" role=\"link\"><span>nepsi.eu<\/span><\/a>\n<\/div>\n<\/div>","protected":false},"excerpt":{"rendered":"<p>A NEPSI (The European Network for Silica) egy eur\u00f3pai \u00e1gazati szakmai sz\u00f6vets\u00e9gek \u00e9s szakszervezetek \u00e1ltal l\u00e9trehozott szervezet, melynek c\u00e9lja a bel\u00e9legezhet\u0151 krist\u00e1lyos szil\u00edcium-dioxidnak (RCS) val\u00f3 munkahelyi kitetts\u00e9g m\u00e9rt\u00e9k\u00e9nek cs\u00f6kkent\u00e9se. <\/p>","protected":false},"author":1,"featured_media":0,"parent":0,"menu_order":0,"comment_status":"closed","ping_status":"closed","template":"","meta":{"footnotes":""},"class_list":["post-398","page","type-page","status-publish","hentry"],"_links":{"self":[{"href":"https:\/\/training.nepsi.eu\/hu\/wp-json\/wp\/v2\/pages\/398","targetHints":{"allow":["GET"]}}],"collection":[{"href":"https:\/\/training.nepsi.eu\/hu\/wp-json\/wp\/v2\/pages"}],"about":[{"href":"https:\/\/training.nepsi.eu\/hu\/wp-json\/wp\/v2\/types\/page"}],"author":[{"embeddable":true,"href":"https:\/\/training.nepsi.eu\/hu\/wp-json\/wp\/v2\/users\/1"}],"replies":[{"embeddable":true,"href":"https:\/\/training.nepsi.eu\/hu\/wp-json\/wp\/v2\/comments?post=398"}],"version-history":[{"count":2,"href":"https:\/\/training.nepsi.eu\/hu\/wp-json\/wp\/v2\/pages\/398\/revisions"}],"predecessor-version":[{"id":3146,"href":"https:\/\/training.nepsi.eu\/hu\/wp-json\/wp\/v2\/pages\/398\/revisions\/3146"}],"wp:attachment":[{"href":"https:\/\/training.nepsi.eu\/hu\/wp-json\/wp\/v2\/media?parent=398"}],"curies":[{"name":"wp","href":"https:\/\/api.w.org\/{rel}","templated":true}]}}