{"id":398,"date":"2024-09-19T10:23:33","date_gmt":"2024-09-19T10:23:33","guid":{"rendered":"https:\/\/nepsi.leidardev.com\/\/\/\/?page_id=398"},"modified":"2025-09-30T09:59:53","modified_gmt":"2025-09-30T09:59:53","slug":"about-us","status":"publish","type":"page","link":"https:\/\/training.nepsi.eu\/lt\/about-us\/","title":{"rendered":"APIE MUS"},"content":{"rendered":"<div class=\"wp-block-c83-section uk-section uk-background-norepeat\">\n<div class=\"wp-block-c83-container uk-container\">\n<h1 class=\"wp-block-c83-post-title uk-text-left\">APIE MUS<\/h1>\n\n\n\n<p class=\"wp-block-c83-text uk-text-left uk-text-lead\">NEPSI (Europos silicio tinklas) \u2013 tai Europos sektori\u0173 profesini\u0173 asociacij\u0173 ir profesini\u0173 s\u0105jung\u0173 suformuota organizacija, skirta profesiniam \u012fkvepiamo kristalinio silicio dioksido (RCS) poveikiui suma\u017einti.<\/p>\n\n\n\n<p class=\"wp-block-c83-text uk-text-left\">Organizacija daugiausia d\u0117mesio skiria 2006 m. pasira\u0161yto socialinio dialogo susitarimo, kuriuo siekiama skatinti darbuotoj\u0173 sveikat\u0105 ir saug\u0105 taikant ger\u0105sias praktikas, susijusias su kristalinio silicio dioksido turin\u010di\u0173 med\u017eiag\u0173 tvarkymu ir naudojimu, \u012fgyvendinimui. Statyb\u0173, kasybos, stiklo gamybos ir kit\u0173 pramon\u0117s \u0161ak\u0173 darbuotojams kyla RCS poveikio rizika, d\u0117l ko gali kilti rimt\u0173 sveikatos problem\u0173, pvz., silikoz\u0117.<\/p>\n\n\n\n<p class=\"wp-block-c83-text uk-text-left uk-link-text uk-text-custom\">Nor\u0117dami daugiau su\u017einoti apie NEPSI arba susisiekti su mumis, apsilankykite interneto svetain\u0117je nepsi.eu. <a href=\"https:\/\/nepsi.eu\/\" data-type=\"link\" data-id=\"https:\/\/nepsi.eu\/\" target=\"_blank\" rel=\"noreferrer noopener\">nepsi.eu<\/a>.<\/p>\n\n\n\n<div class=\"wp-block-c83-vspace c83-vspace-normal\"><\/div>\n\n\n\n<a class=\"wp-block-c83-button uk-button-primary uk-button uk-button-large\" href=\"https:\/\/nepsi.eu\" target=\"_blank\" rel=\"noopener\" role=\"link\"><span>nepsi.eu<\/span><\/a>\n<\/div>\n<\/div>","protected":false},"excerpt":{"rendered":"<p>NEPSI (Europos silicio tinklas) \u2013 tai Europos sektori\u0173 profesini\u0173 asociacij\u0173 ir profesini\u0173 s\u0105jung\u0173 suformuota organizacija, skirta profesiniam \u012fkvepiamo kristalinio silicio dioksido (RCS) poveikiui suma\u017einti. <\/p>","protected":false},"author":1,"featured_media":0,"parent":0,"menu_order":0,"comment_status":"closed","ping_status":"closed","template":"","meta":{"footnotes":""},"class_list":["post-398","page","type-page","status-publish","hentry"],"_links":{"self":[{"href":"https:\/\/training.nepsi.eu\/lt\/wp-json\/wp\/v2\/pages\/398","targetHints":{"allow":["GET"]}}],"collection":[{"href":"https:\/\/training.nepsi.eu\/lt\/wp-json\/wp\/v2\/pages"}],"about":[{"href":"https:\/\/training.nepsi.eu\/lt\/wp-json\/wp\/v2\/types\/page"}],"author":[{"embeddable":true,"href":"https:\/\/training.nepsi.eu\/lt\/wp-json\/wp\/v2\/users\/1"}],"replies":[{"embeddable":true,"href":"https:\/\/training.nepsi.eu\/lt\/wp-json\/wp\/v2\/comments?post=398"}],"version-history":[{"count":2,"href":"https:\/\/training.nepsi.eu\/lt\/wp-json\/wp\/v2\/pages\/398\/revisions"}],"predecessor-version":[{"id":3146,"href":"https:\/\/training.nepsi.eu\/lt\/wp-json\/wp\/v2\/pages\/398\/revisions\/3146"}],"wp:attachment":[{"href":"https:\/\/training.nepsi.eu\/lt\/wp-json\/wp\/v2\/media?parent=398"}],"curies":[{"name":"wp","href":"https:\/\/api.w.org\/{rel}","templated":true}]}}