{"id":398,"date":"2024-09-19T10:23:33","date_gmt":"2024-09-19T10:23:33","guid":{"rendered":"https:\/\/nepsi.leidardev.com\/\/\/\/?page_id=398"},"modified":"2025-09-30T09:59:53","modified_gmt":"2025-09-30T09:59:53","slug":"about-us","status":"publish","type":"page","link":"https:\/\/training.nepsi.eu\/lv\/about-us\/","title":{"rendered":"PAR MUMS"},"content":{"rendered":"<div class=\"wp-block-c83-section uk-section uk-background-norepeat\">\n<div class=\"wp-block-c83-container uk-container\">\n<h1 class=\"wp-block-c83-post-title uk-text-left\">PAR MUMS<\/h1>\n\n\n\n<p class=\"wp-block-c83-text uk-text-left uk-text-lead\">NEPSI (Eiropas Sil\u012bcija dioks\u012bda t\u012bkls) ir organiz\u0101cija, kuru izveidoja Eiropas profesion\u0101l\u0101s nozaru organiz\u0101cijas un arodbiedr\u012bbas, lai mazin\u0101tu ieelpojam\u0101 krist\u0101lisk\u0101 sil\u012bcija dioks\u012bda (RCS) izrais\u012bto arodekspoz\u012bciju.<\/p>\n\n\n\n<p class=\"wp-block-c83-text uk-text-left\">Organiz\u0101cijas uzman\u012bbas centr\u0101 ir 2006.\u00a0gad\u0101 parakst\u012bt\u0101 soci\u0101l\u0101 dialoga l\u012bguma \u012bsteno\u0161ana. \u0160aj\u0101 l\u012bgum\u0101 uzsvars tiek likts uz darbinieku vesel\u012bbas un dro\u0161\u012bbas veicin\u0101\u0161anu, \u012bstenojot labo praksi par krist\u0101lisko sil\u012bcija dioks\u012bdu saturo\u0161u materi\u0101lu apstr\u0101di un izmanto\u0161anu. T\u0101d\u0101s nozar\u0113s k\u0101, piem\u0113ram, b\u016bvniec\u012bba, kalnr\u016bpniec\u012bba un stikla ra\u017eo\u0161ana darbinieki ir pak\u013cauti RCS iedarb\u012bbas riskam, kas var izrais\u012bt nopietnas vesel\u012bbas probl\u0113mas, piem\u0113ram, silikozi.<\/p>\n\n\n\n<p class=\"wp-block-c83-text uk-text-left uk-link-text uk-text-custom\">Ja v\u0113laties uzzin\u0101t vair\u0101k pa NEPSI vai sazin\u0101ties ar mums, dodieties uz nepsi.eu <a href=\"https:\/\/nepsi.eu\/\" data-type=\"link\" data-id=\"https:\/\/nepsi.eu\/\" target=\"_blank\" rel=\"noreferrer noopener\">nepsi.eu<\/a>.<\/p>\n\n\n\n<div class=\"wp-block-c83-vspace c83-vspace-normal\"><\/div>\n\n\n\n<a class=\"wp-block-c83-button uk-button-primary uk-button uk-button-large\" href=\"https:\/\/nepsi.eu\" target=\"_blank\" rel=\"noopener\" role=\"link\"><span>nepsi.eu<\/span><\/a>\n<\/div>\n<\/div>","protected":false},"excerpt":{"rendered":"<p>NEPSI (Eiropas Sil\u012bcija dioks\u012bda t\u012bkls) ir organiz\u0101cija, kuru izveidoja Eiropas profesion\u0101l\u0101s nozaru organiz\u0101cijas un arodbiedr\u012bbas, lai mazin\u0101tu ieelpojam\u0101 krist\u0101lisk\u0101 sil\u012bcija dioks\u012bda (RCS) izrais\u012bto arodekspoz\u012bciju. <\/p>","protected":false},"author":1,"featured_media":0,"parent":0,"menu_order":0,"comment_status":"closed","ping_status":"closed","template":"","meta":{"footnotes":""},"class_list":["post-398","page","type-page","status-publish","hentry"],"_links":{"self":[{"href":"https:\/\/training.nepsi.eu\/lv\/wp-json\/wp\/v2\/pages\/398","targetHints":{"allow":["GET"]}}],"collection":[{"href":"https:\/\/training.nepsi.eu\/lv\/wp-json\/wp\/v2\/pages"}],"about":[{"href":"https:\/\/training.nepsi.eu\/lv\/wp-json\/wp\/v2\/types\/page"}],"author":[{"embeddable":true,"href":"https:\/\/training.nepsi.eu\/lv\/wp-json\/wp\/v2\/users\/1"}],"replies":[{"embeddable":true,"href":"https:\/\/training.nepsi.eu\/lv\/wp-json\/wp\/v2\/comments?post=398"}],"version-history":[{"count":2,"href":"https:\/\/training.nepsi.eu\/lv\/wp-json\/wp\/v2\/pages\/398\/revisions"}],"predecessor-version":[{"id":3146,"href":"https:\/\/training.nepsi.eu\/lv\/wp-json\/wp\/v2\/pages\/398\/revisions\/3146"}],"wp:attachment":[{"href":"https:\/\/training.nepsi.eu\/lv\/wp-json\/wp\/v2\/media?parent=398"}],"curies":[{"name":"wp","href":"https:\/\/api.w.org\/{rel}","templated":true}]}}