{"id":2,"date":"2024-08-12T12:57:10","date_gmt":"2024-08-12T12:57:10","guid":{"rendered":"https:\/\/nepsi.leidardev.com\/\/\/\/?page_id=2"},"modified":"2026-02-10T12:43:09","modified_gmt":"2026-02-10T12:43:09","slug":"home","status":"publish","type":"page","link":"https:\/\/training.nepsi.eu\/mt\/","title":{"rendered":"PA\u0120NA EWLENIJA"},"content":{"rendered":"<div class=\"wp-block-c83-section uk-section uk-margin-remove uk-padding-remove-bottom uk-background-width-1-1 uk-background-top-center uk-background-norepeat\" id=\"welcome-section\" style=\"background-image:url(https:\/\/nepsi.leidardev.com\/\/\/wp-content\/uploads\/2024\/10\/bgtriangle-reversed.svg)\" data-src=\"https:\/\/nepsi.leidardev.com\/\/\/wp-content\/uploads\/2024\/10\/bgtriangle-reversed.svg\" uk-img=\"dataSrc: https:\/\/nepsi.leidardev.com\/\/\/wp-content\/uploads\/2024\/10\/bgtriangle-reversed.svg; loading: eager; margin: 50%; target: false;\">\n<div class=\"wp-block-c83-container uk-container\">\n<div class=\"wp-block-c83-grid uk-grid uk-grid-medium uk-child-width-1-1 uk-child-width-1-2@m uk-margin-remove\" uk-grid=\"masonry: false; parallax: 0; parallaxStart: 0; parallaxEnd: 0; parallaxJustify: false;\">\n<div class=\"wp-block-c83-grid-item uk-padding-remove-horizontal\">\n<div class=\"wp-block-c83-container uk-container uk-padding-large uk-height-1-1 uk-flex uk-flex-row uk-flex-center top uk-flex-nowrap\">\n<div class=\"wp-block-c83-panel uk-panel\">\n<h2 class=\"wp-block-c83-heading uk-heading-small uk-text-bold uk-text-left uk-heading-custom uk-margin-small-bottom uk-margin-remove\" id=\"c83-website-title\">Mer\u0127ba fi\u010b-\u010bentru tat-tag\u0127lim elettroniku ta' NEPSI!<\/h2>\n\n\n\n<div class=\"wp-block-c83-vspace c83-vspace-normal\"><\/div>\n\n\n\n<p class=\"wp-block-c83-text uk-text-left uk-text-custom\">Id-dar tal-moduli tat-tag\u0127lim interattiv u tal-Pakketti ta' Ta\u0127ri\u0121 ta' Prassi Tajba  li jistg\u0127u jitni\u017c\u017clu ta' NEPSI.<\/p>\n\n\n\n<p class=\"wp-block-c83-text uk-text-left uk-text-custom\">Il-moduli tat-ta\u0127ri\u0121 kollha huma a\u010b\u010bessibbli, u \u0121ew imfassla biex jg\u0127allmuk dwar il-perikli possibbli tas-sili\u010be kristallina respirabbli (RCS) u jipprovdulek l-g\u0127odod u l-g\u0127arfien biex l-a\u0127jar tipprote\u0121i lilek innifsek minn trab perikolu\u017c fuq ix-xog\u0127ol.<\/p>\n\n\n\n<p class=\"wp-block-c83-text uk-text-secondary uk-text-left uk-text-custom\"><\/p>\n<\/div>\n\n\n\n<div class=\"wp-block-c83-hspace c83-hspace-2xlarge\"><\/div>\n<\/div>\n<\/div>\n\n\n\n<div class=\"wp-block-c83-grid-item uk-padding-remove-horizontal\">\n<div class=\"wp-block-c83-container uk-container uk-padding-remove uk-flex uk-flex-column uk-flex-center uk-flex-middle uk-flex-nowrap\">\n<figure class=\"wp-block-c83-image uk-margin-remove-bottom uk-height-medium\"><picture><img loading=\"lazy\" decoding=\"async\" src=\"https:\/\/nepsi.leidardev.com\/\/\/\/wp-content\/uploads\/2024\/09\/professional-team-orange.png\" class=\"uk-object-contain\" style=\"aspect-ratio:16\/9\" alt=\"\" width=\"597\" height=\"326\" data-uk-cover=\"false\"\/><\/picture>\n<figcaption class=\"wp-block-c83-image-caption uk-hidden uk-text-small uk-margin-small-top uk-text-muted uk-text-left\"><\/figcaption>\n<\/figure>\n\n\n\n<div class=\"wp-block-c83-panel uk-panel uk-background-secondary uk-width-1-1\">\n<div class=\"wp-block-c83-section uk-section uk-padding uk-background-secondary uk-background-norepeat uk-background-blend-screen\" style=\"background-image:url(https:\/\/nepsi.leidardev.com\/\/\/\/wp-content\/uploads\/2024\/09\/bgdirt.png)\" data-src=\"https:\/\/nepsi.leidardev.com\/\/\/\/wp-content\/uploads\/2024\/09\/bgdirt.png\" uk-img=\"dataSrc: https:\/\/nepsi.leidardev.com\/\/\/\/wp-content\/uploads\/2024\/09\/bgdirt.png; loading: eager; margin: 50%; target: false;\">\n<div class=\"wp-block-c83-container uk-container uk-padding-remove\">\n<h3 class=\"wp-block-c83-heading uk-text-white uk-text-bold uk-text-left uk-heading-secondary uk-heading-custom\">Il-moduli tag\u0127na<\/h3>\n\n\n\n<p class=\"wp-block-c83-text uk-text-white uk-text-left uk-text-custom\">A\u010b\u010bessa l-moduli tat-tag\u0127lim interattiv ta' NEPSI, li jag\u0127tuk l-g\u0127odod u l-g\u0127arfien biex tipprote\u0121i lilek innifsek fuq ix-xog\u0127ol.<\/p>\n\n\n\n<a class=\"wp-block-c83-button uk-button-secondary uk-button\" href=\"\/mt\/modules\/\" target=\"_self\" rel=\"noopener\" role=\"link\"><span>IBDA T-TAG\u0126LIM<\/span><\/a>\n<\/div>\n<\/div>\n<\/div>\n<\/div>\n<\/div>\n<\/div>\n<\/div>\n\n\n\n<div class=\"wp-block-c83-container uk-container\">\n<div class=\"wp-block-c83-grid uk-grid uk-grid-medium uk-grid-match\" uk-grid=\"masonry: false; parallax: 0; parallaxStart: 0; parallaxEnd: 0; parallaxJustify: false;\" uk-height-match=\"target: ; row: true;\">\n<div class=\"wp-block-c83-grid-item uk-width-1-1 uk-width-1-2@m uk-width-1-3@l uk-width-1-2@s\">\n<div class=\"wp-block-c83-panel uk-panel uk-background-primary-light uk-height-1-1\">\n<div class=\"wp-block-c83-section uk-section uk-padding-remove uk-height-1-1 uk-background-width-1-1 uk-background-bottom-right uk-background-norepeat\" style=\"background-image:url(https:\/\/nepsi.leidardev.com\/\/\/\/wp-content\/uploads\/2024\/09\/bgclouds-ratio.png)\" data-src=\"https:\/\/nepsi.leidardev.com\/\/\/\/wp-content\/uploads\/2024\/09\/bgclouds-ratio.png\" uk-img=\"dataSrc: https:\/\/nepsi.leidardev.com\/\/\/\/wp-content\/uploads\/2024\/09\/bgclouds-ratio.png; loading: eager; margin: 50%; target: false;\">\n<div class=\"wp-block-c83-container uk-container uk-height-1-1 uk-flex uk-flex-column uk-flex-between uk-flex-top uk-flex-nowrap\">\n<div class=\"wp-block-c83-panel uk-panel uk-padding\">\n<h3 class=\"wp-block-c83-heading uk-text-left uk-heading-primary\"><strong>Pakketti tat-ta\u0127ri\u0121<\/strong><\/h3>\n\n\n\n<p class=\"wp-block-c83-text uk-text-accent-1 uk-text-left uk-text-custom\">Il-Pakketti tat-Ta\u0127ri\u0121 ta' Prassi Tajba ta' NEPSI huma g\u0127all-\u0127addiema kollha li ju\u017caw il-materjali li fihom is-sili\u010be kristallina.<\/p>\n\n\n\n<div class=\"wp-block-c83-vspace c83-vspace-xlarge is-style-primary\"><\/div>\n<\/div>\n\n\n\n<div class=\"wp-block-c83-panel uk-panel uk-padding uk-width-1-1\">\n<a class=\"wp-block-c83-button uk-button-primary uk-button\" href=\"\/mt\/training-packs\/\" target=\"_self\" rel=\"noopener\" role=\"link\"><span>IKSEB TIEG\u0126EK<\/span><\/a>\n<\/div>\n<\/div>\n<\/div>\n<\/div>\n<\/div>\n\n\n\n<div class=\"wp-block-c83-grid-item uk-width-1-1 uk-width-1-2@m uk-width-1-3@l uk-width-1-2@s\">\n<div class=\"wp-block-c83-panel uk-panel uk-background-primary uk-height-1-1\">\n<div class=\"wp-block-c83-section uk-section uk-padding-remove uk-height-1-1 uk-background-width-1-1 uk-background-bottom-right uk-background-norepeat\" style=\"background-image:url(https:\/\/nepsi.leidardev.com\/\/\/\/wp-content\/uploads\/2024\/09\/bgstars-ratio.png)\" data-src=\"https:\/\/nepsi.leidardev.com\/\/\/\/wp-content\/uploads\/2024\/09\/bgstars-ratio.png\" uk-img=\"dataSrc: https:\/\/nepsi.leidardev.com\/\/\/\/wp-content\/uploads\/2024\/09\/bgstars-ratio.png; loading: eager; margin: 50%; target: false;\">\n<div class=\"wp-block-c83-container uk-container uk-height-1-1 uk-flex uk-flex-column uk-flex-between uk-flex-top uk-flex-nowrap\">\n<div class=\"wp-block-c83-panel uk-panel uk-padding\">\n<h3 class=\"wp-block-c83-heading uk-text-left uk-heading-primary\"><strong>Dwarna<\/strong><\/h3>\n\n\n\n<p class=\"wp-block-c83-text uk-text-accent-1 uk-text-left uk-text-custom\">NEPSI hija bba\u017cata fuq ftehim ta' djalogu so\u010bjali bejn is-setturi tal-industrija u t-tradeunions biex tit\u0127ares is-sa\u0127\u0127a tal-\u0127addiema mill-esponiment g\u0127as-sili\u010be kristallina li tista' tin\u0121ibed man-nifs.<\/p>\n\n\n\n<div class=\"wp-block-c83-vspace c83-vspace-xlarge is-style-primary\"><\/div>\n<\/div>\n\n\n\n<div class=\"wp-block-c83-panel uk-panel uk-padding uk-width-1-1\">\n<a class=\"wp-block-c83-button uk-button-primary uk-button\" href=\"\/mt\/about-us\/\" target=\"_self\" rel=\"noopener\" role=\"link\"><span>SIR AF AKTAR<\/span><\/a>\n<\/div>\n<\/div>\n<\/div>\n<\/div>\n<\/div>\n\n\n\n<div class=\"wp-block-c83-grid-item uk-width-1-1 uk-width-1-1@m uk-width-1-3@l\">\n<div class=\"wp-block-c83-grid uk-grid uk-grid-medium\" uk-grid=\"masonry: false; parallax: 0; parallaxStart: 0; parallaxEnd: 0; parallaxJustify: false;\">\n<div class=\"wp-block-c83-grid-item uk-width-1-1 uk-width-1-2@m uk-width-1-1@l\">\n<div class=\"wp-block-c83-section uk-section uk-padding uk-background-muted-background-darker uk-background-cover uk-background-norepeat uk-background-blend-multiply\" style=\"background-image:url(https:\/\/nepsi.leidardev.com\/\/\/wp-content\/uploads\/2024\/09\/hand-scaled-1.jpg)\" data-src=\"https:\/\/nepsi.leidardev.com\/\/\/wp-content\/uploads\/2024\/09\/hand-scaled-1.jpg\" uk-img=\"dataSrc: https:\/\/nepsi.leidardev.com\/\/\/wp-content\/uploads\/2024\/09\/hand-scaled-1.jpg; loading: eager; margin: 50%; target: false;\">\n<div class=\"wp-block-c83-container uk-container uk-width-1-1 uk-flex uk-flex-column uk-flex-left uk-flex-top uk-flex-nowrap\">\n<h3 class=\"wp-block-c83-heading uk-text-white uk-text-left uk-heading-custom\">Gwida tal-Prassi Tajba<\/h3>\n\n\n\n<div class=\"wp-block-c83-vspace c83-vspace-normal\"><\/div>\n\n\n\n<a class=\"wp-block-c83-button uk-button-default uk-button\" href=\"https:\/\/guide.nepsi.eu\/\" target=\"_blank\" rel=\"noopener\" role=\"link\"><span>\u017bur is-sit web tag\u0127na<\/span><\/a>\n<\/div>\n<\/div>\n<\/div>\n\n\n\n<div class=\"wp-block-c83-grid-item uk-width-1-1 uk-width-1-2@m uk-width-1-1@l\">\n<div class=\"wp-block-c83-section uk-section uk-padding uk-background-muted-background-darkest uk-background-cover uk-background-norepeat uk-background-blend-multiply\" style=\"background-image:url(https:\/\/nepsi.leidardev.com\/\/\/wp-content\/uploads\/2024\/10\/SME-Toolkit-hero-crop.jpg)\" data-src=\"https:\/\/nepsi.leidardev.com\/\/\/wp-content\/uploads\/2024\/10\/SME-Toolkit-hero-crop.jpg\" uk-img=\"dataSrc: https:\/\/nepsi.leidardev.com\/\/\/wp-content\/uploads\/2024\/10\/SME-Toolkit-hero-crop.jpg; loading: eager; margin: 50%; target: false;\">\n<div class=\"wp-block-c83-container uk-container uk-width-1-1 uk-flex uk-flex-column uk-flex-left uk-flex-top uk-flex-nowrap\">\n<h3 class=\"wp-block-c83-heading uk-text-white uk-text-left uk-heading-custom\"><strong>Sett ta' g\u0127odod g\u0127all-SMEs<\/strong><\/h3>\n\n\n\n<div class=\"wp-block-c83-vspace c83-vspace-normal\"><\/div>\n\n\n\n<a class=\"wp-block-c83-button uk-button-default uk-button\" href=\"https:\/\/toolkit.nepsi.eu\/\" target=\"_blank\" rel=\"noopener\" role=\"link\"><span>\u017bur is-sit web tag\u0127na<\/span><\/a>\n<\/div>\n<\/div>\n<\/div>\n<\/div>\n<\/div>\n<\/div>\n<\/div>\n<\/div>\n\n\n\n<div class=\"wp-block-c83-vspace c83-vspace-tiny\"><\/div>","protected":false},"excerpt":{"rendered":"","protected":false},"author":1,"featured_media":0,"parent":0,"menu_order":0,"comment_status":"closed","ping_status":"closed","template":"","meta":{"footnotes":""},"class_list":["post-2","page","type-page","status-publish","hentry"],"_links":{"self":[{"href":"https:\/\/training.nepsi.eu\/mt\/wp-json\/wp\/v2\/pages\/2","targetHints":{"allow":["GET"]}}],"collection":[{"href":"https:\/\/training.nepsi.eu\/mt\/wp-json\/wp\/v2\/pages"}],"about":[{"href":"https:\/\/training.nepsi.eu\/mt\/wp-json\/wp\/v2\/types\/page"}],"author":[{"embeddable":true,"href":"https:\/\/training.nepsi.eu\/mt\/wp-json\/wp\/v2\/users\/1"}],"replies":[{"embeddable":true,"href":"https:\/\/training.nepsi.eu\/mt\/wp-json\/wp\/v2\/comments?post=2"}],"version-history":[{"count":3,"href":"https:\/\/training.nepsi.eu\/mt\/wp-json\/wp\/v2\/pages\/2\/revisions"}],"predecessor-version":[{"id":3160,"href":"https:\/\/training.nepsi.eu\/mt\/wp-json\/wp\/v2\/pages\/2\/revisions\/3160"}],"wp:attachment":[{"href":"https:\/\/training.nepsi.eu\/mt\/wp-json\/wp\/v2\/media?parent=2"}],"curies":[{"name":"wp","href":"https:\/\/api.w.org\/{rel}","templated":true}]}}