{"id":3,"date":"2024-08-12T12:57:10","date_gmt":"2024-08-12T12:57:10","guid":{"rendered":"https:\/\/nepsi.leidardev.com\/\/\/\/?page_id=3"},"modified":"2024-10-21T10:40:39","modified_gmt":"2024-10-21T10:40:39","slug":"privacy-policy","status":"publish","type":"page","link":"https:\/\/training.nepsi.eu\/mt\/privacy-policy\/","title":{"rendered":"Politika tal-Privatezza"},"content":{"rendered":"<div class=\"wp-block-c83-section uk-section uk-background-norepeat\">\n<div class=\"wp-block-c83-container uk-container\">\n<h1 class=\"wp-block-c83-post-title uk-text-left\">Politika tal-Privatezza<\/h1>\n\n\n\n<p class=\"wp-block-c83-text uk-text-left translation-block\">Il-privatezza tieg\u0127ek hija importanti g\u0127alina. Hija l-politika ta' NEPSI li nirrispettaw il-privatezza tieg\u0127ek rigward kwalunkwe informazzjoni li nistg\u0127u ni\u0121bru ming\u0127andek fuq is-sit web tag\u0127na, <a href=\"https:\/\/www.nepsi.eu\/\" target=\"_self\">https:\/\/www.nepsi.eu\/<\/a>, u siti o\u0127ra li g\u0127andna u li n\u0127addmu.<\/p>\n\n\n\n<p class=\"wp-block-c83-text uk-text-left\">A\u0127na nitolbu biss informazzjoni personali meta verament g\u0127andna b\u017connha biex nipprovdulek servizz. A\u0127na ni\u0121bruha b'mezzi \u0121usti u legali, bl-g\u0127arfien u l-kunsens tieg\u0127ek. A\u0127na ng\u0127arrfuk ukoll g\u0127aliex qed ni\u0121bruha u kif se tintu\u017ca.<\/p>\n\n\n\n<p class=\"wp-block-c83-text uk-text-left\">A\u0127na n\u017commu biss l-informazzjoni mi\u0121bura sakemm ikun me\u0127tie\u0121 biex nipprovdulek is-servizz mitlub tieg\u0127ek. Liema dejta na\u0127\u017cnu, se nipprote\u0121u b'mezzi kummer\u010bjalment a\u010b\u010bettabbli biex nipprevjenu t-telf u s-serq, u kif ukoll l-a\u010b\u010bess, l-i\u017cvelar, l-ikkupjar, l-u\u017cu jew il-modifika mhux awtorizzati.<\/p>\n\n\n\n<p class=\"wp-block-c83-text uk-text-left\">A\u0127na ma naqsmu l-ebda informazzjoni li tidentifika lilek pubblikament jew ma' partijiet terzi, \u0127lief meta jkun me\u0127tie\u0121 mil-li\u0121i.<\/p>\n\n\n\n<p class=\"wp-block-c83-text uk-text-left\">Is-sit web tag\u0127na tista' tillinkja ma' siti esterni li mhumiex im\u0127addmin minna. Jekk jog\u0127\u0121bok kun af li m'g\u0127andna l-ebda kontroll fuq il-kontenut u l-prattiki ta' dawn is-siti, u ma nistg\u0127ux na\u010b\u010bettaw responsabbilt\u00e0 g\u0127all-politiki tal-privatezza rispettivi tag\u0127hom.<\/p>\n\n\n\n<p class=\"wp-block-c83-text uk-text-left\">Inti liberu\/a li tirrifjuta t-talba tag\u0127na g\u0127all-informazzjoni personali tieg\u0127ek, bil-fehim li tkun taf li ma nkunux nistg\u0127u nipprovdulek xi w\u0127ud mis-servizzi mixtieqa tieg\u0127ek.<\/p>\n\n\n\n<p class=\"wp-block-c83-text uk-text-left\">L-u\u017cu kontinwu tas-sit web tag\u0127na se jitqies b\u0127ala a\u010b\u010bettazzjoni tal-prattiki tag\u0127na dwar il-privatezza u l-informazzjoni personali. Jekk g\u0127andek xi mistoqsijiet dwar kif nimmani\u0121\u0121jaw id-dejta tal-utent u l-informazzjoni personali tieg\u0127u, tista' tikkuntattjana.<br><\/p>\n\n\n\n<p class=\"wp-block-c83-text uk-text-left\">Din il-politika tid\u0127ol fis-se\u0127\u0127 mill-01\/12\/2020.<\/p>\n<\/div>\n<\/div>","protected":false},"excerpt":{"rendered":"","protected":false},"author":1,"featured_media":0,"parent":0,"menu_order":0,"comment_status":"closed","ping_status":"closed","template":"","meta":{"footnotes":""},"class_list":["post-3","page","type-page","status-publish","hentry"],"_links":{"self":[{"href":"https:\/\/training.nepsi.eu\/mt\/wp-json\/wp\/v2\/pages\/3","targetHints":{"allow":["GET"]}}],"collection":[{"href":"https:\/\/training.nepsi.eu\/mt\/wp-json\/wp\/v2\/pages"}],"about":[{"href":"https:\/\/training.nepsi.eu\/mt\/wp-json\/wp\/v2\/types\/page"}],"author":[{"embeddable":true,"href":"https:\/\/training.nepsi.eu\/mt\/wp-json\/wp\/v2\/users\/1"}],"replies":[{"embeddable":true,"href":"https:\/\/training.nepsi.eu\/mt\/wp-json\/wp\/v2\/comments?post=3"}],"version-history":[{"count":0,"href":"https:\/\/training.nepsi.eu\/mt\/wp-json\/wp\/v2\/pages\/3\/revisions"}],"wp:attachment":[{"href":"https:\/\/training.nepsi.eu\/mt\/wp-json\/wp\/v2\/media?parent=3"}],"curies":[{"name":"wp","href":"https:\/\/api.w.org\/{rel}","templated":true}]}}