{"id":398,"date":"2024-09-19T10:23:33","date_gmt":"2024-09-19T10:23:33","guid":{"rendered":"https:\/\/nepsi.leidardev.com\/\/\/\/?page_id=398"},"modified":"2025-09-30T09:59:53","modified_gmt":"2025-09-30T09:59:53","slug":"about-us","status":"publish","type":"page","link":"https:\/\/training.nepsi.eu\/mt\/about-us\/","title":{"rendered":"Dwarna"},"content":{"rendered":"<div class=\"wp-block-c83-section uk-section uk-background-norepeat\">\n<div class=\"wp-block-c83-container uk-container\">\n<h1 class=\"wp-block-c83-post-title uk-text-left\">Dwarna<\/h1>\n\n\n\n<p class=\"wp-block-c83-text uk-text-left uk-text-lead\">NEPSI (In-Netwerk Ewropew g\u0127as-Sili\u010be) hija organizzazzjoni ffurmata minn grupp ta' asso\u010bjazzjonijiet kummer\u010bjali settorjali Ewropej u unions tax-xog\u0127ol biex inaqqsu l-esponiment waqt ix-xog\u0127ol g\u0127as-sili\u010be kristallina li tin\u0121ibed man-nifs (RCS).<\/p>\n\n\n\n<p class=\"wp-block-c83-text uk-text-left\">L-organizzazzjoni tiffoka fuq l-implimentazzjoni tal-ftehim ta' djalogu so\u010bjali ffirmat fl-2006 li jenfasizza fuq il-promozzjoni tas-sa\u0127\u0127a u s-sigurt\u00e0 tal-\u0127addiema permezz tal-implimentazzjoni ta' prassi tajbin g\u0127all-immani\u0121\u0121jar u l-u\u017cu ta' materjali li fihom is-sili\u010be kristallina. Il-\u0127addiema f'industriji b\u0127all-kostruzzjoni, il-minjieri, u l-produzzjoni tal-\u0127\u0121ie\u0121, huma f'riskju ta' esponiment g\u0127all-RCS, li jista' jwassal g\u0127al problemi serji tas-sa\u0127\u0127a b\u0127as-siliko\u017ci.<\/p>\n\n\n\n<p class=\"wp-block-c83-text uk-text-left uk-link-text uk-text-custom\">Biex issir taf aktar dwar NEPSI, jew biex tikkuntattjana, \u017cur <a href=\"https:\/\/nepsi.eu\/\" data-type=\"link\" data-id=\"https:\/\/nepsi.eu\/\" target=\"_blank\" rel=\"noreferrer noopener\">nepsi.eu<\/a>.<\/p>\n\n\n\n<div class=\"wp-block-c83-vspace c83-vspace-normal\"><\/div>\n\n\n\n<a class=\"wp-block-c83-button uk-button-primary uk-button uk-button-large\" href=\"https:\/\/nepsi.eu\" target=\"_blank\" rel=\"noopener\" role=\"link\"><span>nepsi.eu<\/span><\/a>\n<\/div>\n<\/div>","protected":false},"excerpt":{"rendered":"<p>NEPSI (In-Netwerk Ewropew g\u0127as-Sili\u010be) hija organizzazzjoni ffurmata minn grupp ta' asso\u010bjazzjonijiet kummer\u010bjali settorjali Ewropej u unions tax-xog\u0127ol biex inaqqsu l-esponiment waqt ix-xog\u0127ol g\u0127as-sili\u010be kristallina li tin\u0121ibed man-nifs (RCS). <\/p>","protected":false},"author":1,"featured_media":0,"parent":0,"menu_order":0,"comment_status":"closed","ping_status":"closed","template":"","meta":{"footnotes":""},"class_list":["post-398","page","type-page","status-publish","hentry"],"_links":{"self":[{"href":"https:\/\/training.nepsi.eu\/mt\/wp-json\/wp\/v2\/pages\/398","targetHints":{"allow":["GET"]}}],"collection":[{"href":"https:\/\/training.nepsi.eu\/mt\/wp-json\/wp\/v2\/pages"}],"about":[{"href":"https:\/\/training.nepsi.eu\/mt\/wp-json\/wp\/v2\/types\/page"}],"author":[{"embeddable":true,"href":"https:\/\/training.nepsi.eu\/mt\/wp-json\/wp\/v2\/users\/1"}],"replies":[{"embeddable":true,"href":"https:\/\/training.nepsi.eu\/mt\/wp-json\/wp\/v2\/comments?post=398"}],"version-history":[{"count":2,"href":"https:\/\/training.nepsi.eu\/mt\/wp-json\/wp\/v2\/pages\/398\/revisions"}],"predecessor-version":[{"id":3146,"href":"https:\/\/training.nepsi.eu\/mt\/wp-json\/wp\/v2\/pages\/398\/revisions\/3146"}],"wp:attachment":[{"href":"https:\/\/training.nepsi.eu\/mt\/wp-json\/wp\/v2\/media?parent=398"}],"curies":[{"name":"wp","href":"https:\/\/api.w.org\/{rel}","templated":true}]}}