{"id":400,"date":"2024-09-19T10:23:53","date_gmt":"2024-09-19T10:23:53","guid":{"rendered":"https:\/\/nepsi.leidardev.com\/\/\/\/?page_id=400"},"modified":"2025-08-04T14:33:26","modified_gmt":"2025-08-04T14:33:26","slug":"training-packs","status":"publish","type":"page","link":"https:\/\/training.nepsi.eu\/mt\/training-packs\/","title":{"rendered":"Pakketti tat-ta\u0127ri\u0121"},"content":{"rendered":"<div class=\"wp-block-c83-section uk-section uk-background-norepeat\">\n<div class=\"wp-block-c83-container uk-container\">\n<h1 class=\"wp-block-c83-post-title uk-text-left\">Pakketti tat-ta\u0127ri\u0121<\/h1>\n\n\n\n<p class=\"wp-block-c83-text uk-text-left uk-text-lead\">Il-Pakketti ta' Ta\u0127ri\u0121 ta' Prassi Tajba ta' NEPSI huma parti mill-istadju tal-edukazzjoni fl-implimentazzjoni tal-Prassi Tajbin ta' NEPSI.<\/p>\n\n\n\n<p class=\"wp-block-c83-text uk-text-left\">Kull pakkett ta' Ta\u0127ri\u0121 ta' PowerPoint ikopri su\u0121\u0121ett rilevanti g\u0127all-\u0127addiema fl-industriji kollha li ju\u017caw materjali li fihom is-sili\u010be kristallina. Il-pakketti jipprovdu informazzjoni dwar ir-riskji tal-esponiment g\u0127at-trab relatati mas-su\u0121\u0121ett u l-prassi tajbin u l-mi\u017curi disponibbli biex inaqqsuhom. L-g\u0127an tat-ta\u0127ri\u0121 huwa li jinforma u jeduka lill-\u0127addiema, bl-appo\u0121\u0121 ta' istruttur, biex jg\u0127inhom ju\u017caw il-mi\u017curi ta' kontroll b'mod effettiv u jnaqqsu l-esponiment tag\u0127hom g\u0127as-sili\u010be kristallina respirabbli (RCS) fuq il-post tax-xog\u0127ol.<\/p>\n\n\n\n<p class=\"wp-block-c83-text uk-text-left\">Is-\u2018Sett ta' pakketti ta' ta\u0127ri\u0121' jippermettilek tni\u017c\u017cel it-13-il pakkett ta' ta\u0127ri\u0121 ta' PowerPoint kollha f'daqqa. Inkella, tista' tni\u017c\u017cel il-pakketti individwalment.<\/p>\n\n\n\n<h2 class=\"wp-block-c83-heading uk-text-left\">Ni\u017c\u017cel il-pakkett ta' ta\u0127ri\u0121 bil-lingwa tieg\u0127ek:<\/h2>\n\n\n\n<div class=\"wp-block-c83-vspace c83-vspace-large\"><\/div>\n\n\n\n<div class=\"wp-block-c83-grid uk-grid uk-grid-large  uk-child-width-1-2@s uk-child-width-1-4@m\" uk-grid=\"masonry: false; parallax: 0; parallaxStart: 0; parallaxEnd: 0; parallaxJustify: false;\">\n<div class=\"wp-block-c83-grid-item\">\n<a class=\"wp-block-c83-button uk-button-primary uk-button uk-button-large\" href=\"https:\/\/nepsi.leidardev.com\/\/\/training-packs\/bulgarian\/\" target=\"_self\" rel=\"noopener\" role=\"link\"><span>Bulgaru<\/span><\/a>\n<\/div>\n\n\n\n<div class=\"wp-block-c83-grid-item\">\n<a class=\"wp-block-c83-button uk-button-primary uk-button uk-button-large\" href=\"https:\/\/nepsi.leidardev.com\/\/\/training-packs\/croatian\/\" target=\"_self\" rel=\"noopener\" role=\"link\"><span>Kroat<\/span><\/a>\n<\/div>\n\n\n\n<div class=\"wp-block-c83-grid-item\">\n<a class=\"wp-block-c83-button uk-button-primary uk-button uk-button-large\" href=\"https:\/\/nepsi.leidardev.com\/\/\/training-packs\/czech\/\" target=\"_self\" rel=\"noopener\" role=\"link\"><span>\u010aek<\/span><\/a>\n<\/div>\n\n\n\n<div class=\"wp-block-c83-grid-item\">\n<a class=\"wp-block-c83-button uk-button-primary uk-button uk-button-large\" href=\"https:\/\/nepsi.leidardev.com\/\/\/training-packs\/danish\/\" target=\"_self\" rel=\"noopener\" role=\"link\"><span>Dani\u017c<\/span><\/a>\n<\/div>\n\n\n\n<div class=\"wp-block-c83-grid-item\">\n<a class=\"wp-block-c83-button uk-button-primary uk-button uk-button-large\" href=\"https:\/\/nepsi.leidardev.com\/\/\/training-packs\/dutch\/\" target=\"_self\" rel=\"noopener\" role=\"link\"><span>Olandi\u017c<\/span><\/a>\n<\/div>\n\n\n\n<div class=\"wp-block-c83-grid-item\">\n<a class=\"wp-block-c83-button uk-button-primary uk-button uk-button-large\" href=\"https:\/\/nepsi.leidardev.com\/\/\/training-packs\/english\/\" target=\"_self\" rel=\"noopener\" role=\"link\"><span>Malti<\/span><\/a>\n<\/div>\n\n\n\n<div class=\"wp-block-c83-grid-item\">\n<a class=\"wp-block-c83-button uk-button-primary uk-button uk-button-large\" href=\"https:\/\/nepsi.leidardev.com\/\/\/training-packs\/estonian\/\" target=\"_self\" rel=\"noopener\" role=\"link\"><span>Estonjan<\/span><\/a>\n<\/div>\n\n\n\n<div class=\"wp-block-c83-grid-item\">\n<a class=\"wp-block-c83-button uk-button-primary uk-button uk-button-large\" href=\"https:\/\/nepsi.leidardev.com\/\/\/training-packs\/finnish\/\" target=\"_self\" rel=\"noopener\" role=\"link\"><span>Finlandi\u017c<\/span><\/a>\n<\/div>\n\n\n\n<div class=\"wp-block-c83-grid-item\">\n<a class=\"wp-block-c83-button uk-button-primary uk-button uk-button-large\" href=\"https:\/\/nepsi.leidardev.com\/\/\/training-packs\/french\/\" target=\"_self\" rel=\"noopener\" role=\"link\"><span>Fran\u010bi\u017c<\/span><\/a>\n<\/div>\n\n\n\n<div class=\"wp-block-c83-grid-item\">\n<a class=\"wp-block-c83-button uk-button-primary uk-button uk-button-large\" href=\"https:\/\/nepsi.leidardev.com\/\/\/training-packs\/german\/\" target=\"_self\" rel=\"noopener\" role=\"link\"><span>\u0120ermani\u017c<\/span><\/a>\n<\/div>\n\n\n\n<div class=\"wp-block-c83-grid-item\">\n<a class=\"wp-block-c83-button uk-button-primary uk-button uk-button-large\" href=\"https:\/\/nepsi.leidardev.com\/\/\/training-packs\/greek\/\" target=\"_self\" rel=\"noopener\" role=\"link\"><span>Grieg<\/span><\/a>\n<\/div>\n\n\n\n<div class=\"wp-block-c83-grid-item\">\n<a class=\"wp-block-c83-button uk-button-primary uk-button uk-button-large\" href=\"https:\/\/nepsi.leidardev.com\/\/\/training-packs\/hungarian\/\" target=\"_self\" rel=\"noopener\" role=\"link\"><span>Ungeri\u017c<\/span><\/a>\n<\/div>\n\n\n\n<div class=\"wp-block-c83-grid-item\">\n<a class=\"wp-block-c83-button uk-button-primary uk-button uk-button-large\" href=\"https:\/\/nepsi.leidardev.com\/\/\/training-packs\/italian\/\" target=\"_self\" rel=\"noopener\" role=\"link\"><span>Taljan<\/span><\/a>\n<\/div>\n\n\n\n<div class=\"wp-block-c83-grid-item\">\n<a class=\"wp-block-c83-button uk-button-primary uk-button uk-button-large\" href=\"https:\/\/nepsi.leidardev.com\/\/\/training-packs\/latvian\/\" target=\"_self\" rel=\"noopener\" role=\"link\"><span>Latvjan<\/span><\/a>\n<\/div>\n\n\n\n<div class=\"wp-block-c83-grid-item\">\n<a class=\"wp-block-c83-button uk-button-primary uk-button uk-button-large\" href=\"https:\/\/nepsi.leidardev.com\/\/\/training-packs\/lithuanian\/\" target=\"_self\" rel=\"noopener\" role=\"link\"><span>Litwan<\/span><\/a>\n<\/div>\n\n\n\n<div class=\"wp-block-c83-grid-item\">\n<a class=\"wp-block-c83-button uk-button-primary uk-button uk-button-large\" href=\"https:\/\/nepsi.leidardev.com\/\/\/training-packs\/maltese\/\" target=\"_self\" rel=\"noopener\" role=\"link\"><span>Malti<\/span><\/a>\n<\/div>\n\n\n\n<div class=\"wp-block-c83-grid-item\">\n<a class=\"wp-block-c83-button uk-button-primary uk-button uk-button-large\" href=\"https:\/\/nepsi.leidardev.com\/\/\/training-packs\/polish\/\" target=\"_self\" rel=\"noopener\" role=\"link\"><span>Pollakk<\/span><\/a>\n<\/div>\n\n\n\n<div class=\"wp-block-c83-grid-item\">\n<a class=\"wp-block-c83-button uk-button-primary uk-button uk-button-large\" href=\"https:\/\/nepsi.leidardev.com\/\/\/training-packs\/portuguese\/\" target=\"_self\" rel=\"noopener\" role=\"link\"><span>Portugi\u017c<\/span><\/a>\n<\/div>\n\n\n\n<div class=\"wp-block-c83-grid-item\">\n<a class=\"wp-block-c83-button uk-button-primary uk-button uk-button-large\" href=\"https:\/\/nepsi.leidardev.com\/\/\/training-packs\/romanian\/\" target=\"_self\" rel=\"noopener\" role=\"link\"><span>Rumen<\/span><\/a>\n<\/div>\n\n\n\n<div class=\"wp-block-c83-grid-item\">\n<a class=\"wp-block-c83-button uk-button-primary uk-button uk-button-large\" href=\"https:\/\/nepsi.leidardev.com\/\/\/training-packs\/slovakian\/\" target=\"_self\" rel=\"noopener\" role=\"link\"><span>Slovakk<\/span><\/a>\n<\/div>\n\n\n\n<div class=\"wp-block-c83-grid-item\">\n<a class=\"wp-block-c83-button uk-button-primary uk-button uk-button-large\" href=\"https:\/\/nepsi.leidardev.com\/\/\/training-packs\/slovenian\/\" target=\"_self\" rel=\"noopener\" role=\"link\"><span>Sloven<\/span><\/a>\n<\/div>\n\n\n\n<div class=\"wp-block-c83-grid-item\">\n<a class=\"wp-block-c83-button uk-button-primary uk-button uk-button-large\" href=\"https:\/\/nepsi.leidardev.com\/\/\/training-packs\/spanish\/\" target=\"_self\" rel=\"noopener\" role=\"link\"><span>Spanjol<\/span><\/a>\n<\/div>\n\n\n\n<div class=\"wp-block-c83-grid-item\">\n<a class=\"wp-block-c83-button uk-button-primary uk-button uk-button-large\" href=\"https:\/\/nepsi.leidardev.com\/\/\/training-packs\/swedish\/\" target=\"_self\" rel=\"noopener\" role=\"link\"><span>\u017bvedi\u017c<\/span><\/a>\n<\/div>\n<\/div>\n<\/div>\n<\/div>","protected":false},"excerpt":{"rendered":"","protected":false},"author":1,"featured_media":0,"parent":0,"menu_order":0,"comment_status":"closed","ping_status":"closed","template":"","meta":{"footnotes":""},"class_list":["post-400","page","type-page","status-publish","hentry"],"_links":{"self":[{"href":"https:\/\/training.nepsi.eu\/mt\/wp-json\/wp\/v2\/pages\/400","targetHints":{"allow":["GET"]}}],"collection":[{"href":"https:\/\/training.nepsi.eu\/mt\/wp-json\/wp\/v2\/pages"}],"about":[{"href":"https:\/\/training.nepsi.eu\/mt\/wp-json\/wp\/v2\/types\/page"}],"author":[{"embeddable":true,"href":"https:\/\/training.nepsi.eu\/mt\/wp-json\/wp\/v2\/users\/1"}],"replies":[{"embeddable":true,"href":"https:\/\/training.nepsi.eu\/mt\/wp-json\/wp\/v2\/comments?post=400"}],"version-history":[{"count":0,"href":"https:\/\/training.nepsi.eu\/mt\/wp-json\/wp\/v2\/pages\/400\/revisions"}],"wp:attachment":[{"href":"https:\/\/training.nepsi.eu\/mt\/wp-json\/wp\/v2\/media?parent=400"}],"curies":[{"name":"wp","href":"https:\/\/api.w.org\/{rel}","templated":true}]}}