{"id":3,"date":"2024-08-12T12:57:10","date_gmt":"2024-08-12T12:57:10","guid":{"rendered":"https:\/\/nepsi.leidardev.com\/\/\/\/?page_id=3"},"modified":"2024-10-21T10:40:39","modified_gmt":"2024-10-21T10:40:39","slug":"privacy-policy","status":"publish","type":"page","link":"https:\/\/training.nepsi.eu\/pl\/privacy-policy\/","title":{"rendered":"Polityka prywatno\u015bci"},"content":{"rendered":"<div class=\"wp-block-c83-section uk-section uk-background-norepeat\">\n<div class=\"wp-block-c83-container uk-container\">\n<h1 class=\"wp-block-c83-post-title uk-text-left\">Polityka prywatno\u015bci<\/h1>\n\n\n\n<p class=\"wp-block-c83-text uk-text-left translation-block\">Prywatno\u015b\u0107 u\u017cytkownika jest dla NEPSI bardzo wa\u017cna. NEPSI szanuje prywatno\u015b\u0107 wszelkich informacji, kt\u00f3re pozyskuje od u\u017cytkownik\u00f3w za po\u015brednictwem swojej witryny internetowej, <a href=\"https:\/\/www.nepsi.eu\/\" target=\"_self\">https:\/\/www.nepsi.eu\/<\/a> i innych witryn, kt\u00f3re NEPSI posiada i obs\u0142uguje.<\/p>\n\n\n\n<p class=\"wp-block-c83-text uk-text-left\">NEPSI prosi o podanie danych osobowych tylko wtedy, gdy s\u0105 one naprawd\u0119 niezb\u0119dne do \u015bwiadczenia us\u0142ug. S\u0105 one gromadzone w spos\u00f3b uczciwy i zgodny z prawem, za wiedz\u0105 i zgod\u0105 u\u017cytkownika. NEPSI informuje r\u00f3wnie\u017c o celach gromadzenia danych i sposobach ich wykorzystywania.<\/p>\n\n\n\n<p class=\"wp-block-c83-text uk-text-left\">Zebrane informacje s\u0105 przechowywane tylko przez czas konieczny do \u015bwiadczenia us\u0142ug. Przechowywane dane b\u0119d\u0105 chronione za pomoc\u0105 komercyjnie akceptowalnych \u015brodk\u00f3w, aby zapobiec ich utracie i kradzie\u017cy, a tak\u017ce nieautoryzowanemu dost\u0119powi, ujawnieniu, kopiowaniu, wykorzystaniu lub modyfikacji.<\/p>\n\n\n\n<p class=\"wp-block-c83-text uk-text-left\">\u017badne dane osobowe nie b\u0119d\u0105 upubliczniane ani udost\u0119pniane osobom trzecim, chyba \u017ce jest to wymagane przez przepisy prawa.<\/p>\n\n\n\n<p class=\"wp-block-c83-text uk-text-left\">Witryna internetowa NEPSI mo\u017ce zawiera\u0107 \u0142\u0105cza do witryn zewn\u0119trznych, kt\u00f3re nie s\u0105 obs\u0142ugiwane przez NEPSI. Nale\u017cy pami\u0119ta\u0107, \u017ce NEPSI nie sprawuje kontroli nad tre\u015bci\u0105 i praktykami stosowanymi w tych witrynach i nie ponosi odpowiedzialno\u015bci za obowi\u0105zuj\u0105ce w nich zasady ochrony prywatno\u015bci.<\/p>\n\n\n\n<p class=\"wp-block-c83-text uk-text-left\">U\u017cytkownik mo\u017ce odrzuci\u0107 pro\u015bb\u0119 o podanie danych osobowych, maj\u0105c \u015bwiadomo\u015b\u0107, \u017ce NEPSI mo\u017ce nie by\u0107 w stanie zapewni\u0107 mu niekt\u00f3rych us\u0142ug.<\/p>\n\n\n\n<p class=\"wp-block-c83-text uk-text-left\">Dalsze korzystanie z witryny b\u0119dzie traktowane jako akceptacja praktyk NEPSI dotycz\u0105cych prywatno\u015bci i danych osobowych. W razie jakichkolwiek pyta\u0144 dotycz\u0105cych sposobu post\u0119powania z danymi u\u017cytkownika i danymi osobowymi, prosimy o kontakt.<br><\/p>\n\n\n\n<p class=\"wp-block-c83-text uk-text-left\">Niniejsze zasady obowi\u0105zuj\u0105 od dnia 01.12.2020\u00a0r.<\/p>\n<\/div>\n<\/div>","protected":false},"excerpt":{"rendered":"","protected":false},"author":1,"featured_media":0,"parent":0,"menu_order":0,"comment_status":"closed","ping_status":"closed","template":"","meta":{"footnotes":""},"class_list":["post-3","page","type-page","status-publish","hentry"],"_links":{"self":[{"href":"https:\/\/training.nepsi.eu\/pl\/wp-json\/wp\/v2\/pages\/3","targetHints":{"allow":["GET"]}}],"collection":[{"href":"https:\/\/training.nepsi.eu\/pl\/wp-json\/wp\/v2\/pages"}],"about":[{"href":"https:\/\/training.nepsi.eu\/pl\/wp-json\/wp\/v2\/types\/page"}],"author":[{"embeddable":true,"href":"https:\/\/training.nepsi.eu\/pl\/wp-json\/wp\/v2\/users\/1"}],"replies":[{"embeddable":true,"href":"https:\/\/training.nepsi.eu\/pl\/wp-json\/wp\/v2\/comments?post=3"}],"version-history":[{"count":0,"href":"https:\/\/training.nepsi.eu\/pl\/wp-json\/wp\/v2\/pages\/3\/revisions"}],"wp:attachment":[{"href":"https:\/\/training.nepsi.eu\/pl\/wp-json\/wp\/v2\/media?parent=3"}],"curies":[{"name":"wp","href":"https:\/\/api.w.org\/{rel}","templated":true}]}}