{"id":398,"date":"2024-09-19T10:23:33","date_gmt":"2024-09-19T10:23:33","guid":{"rendered":"https:\/\/nepsi.leidardev.com\/\/\/\/?page_id=398"},"modified":"2025-09-30T09:59:53","modified_gmt":"2025-09-30T09:59:53","slug":"about-us","status":"publish","type":"page","link":"https:\/\/training.nepsi.eu\/pl\/about-us\/","title":{"rendered":"O NAS"},"content":{"rendered":"<div class=\"wp-block-c83-section uk-section uk-background-norepeat\">\n<div class=\"wp-block-c83-container uk-container\">\n<h1 class=\"wp-block-c83-post-title uk-text-left\">O NAS<\/h1>\n\n\n\n<p class=\"wp-block-c83-text uk-text-left uk-text-lead\">NEPSI (The European Network for Silica) to organizacja utworzona przez grup\u0119 europejskich stowarzysze\u0144 bran\u017cowych i zwi\u0105zk\u00f3w zawodowych w celu zmniejszenia nara\u017cenia na respirabiln\u0105 krzemionk\u0119 krystaliczn\u0105 (RKK) w miejscu pracy.<\/p>\n\n\n\n<p class=\"wp-block-c83-text uk-text-left\">Koncentruje si\u0119 ona na wdra\u017caniu umowy dialogu spo\u0142ecznego podpisanej w 2006\u00a0r., kt\u00f3ra k\u0142adzie nacisk na promowanie zdrowia i bezpiecze\u0144stwa pracownik\u00f3w poprzez wdra\u017canie dobrych praktyk w zakresie obs\u0142ugi i stosowania materia\u0142\u00f3w zawieraj\u0105cych krzemionk\u0119 krystaliczn\u0105. Pracownicy w bran\u017cach takich jak budownictwo, g\u00f3rnictwo i produkcja szk\u0142a s\u0105 nara\u017ceni na ekspozycj\u0119 na RKK, co mo\u017ce prowadzi\u0107 do powa\u017cnych problem\u00f3w zdrowotnych, w tym pylicy krzemowej.<\/p>\n\n\n\n<p class=\"wp-block-c83-text uk-text-left uk-link-text uk-text-custom\">Aby dowiedzie\u0107 si\u0119 wi\u0119cej o NEPSI lub skontaktowa\u0107 si\u0119 z nami, odwied\u017a stron\u0119 <a href=\"https:\/\/nepsi.eu\/\" data-type=\"link\" data-id=\"https:\/\/nepsi.eu\/\" target=\"_blank\" rel=\"noreferrer noopener\">nepsi.eu<\/a>.<\/p>\n\n\n\n<div class=\"wp-block-c83-vspace c83-vspace-normal\"><\/div>\n\n\n\n<a class=\"wp-block-c83-button uk-button-primary uk-button uk-button-large\" href=\"https:\/\/nepsi.eu\" target=\"_blank\" rel=\"noopener\" role=\"link\"><span>nepsi.eu<\/span><\/a>\n<\/div>\n<\/div>","protected":false},"excerpt":{"rendered":"<p>NEPSI (The European Network for Silica) to organizacja utworzona przez grup\u0119 europejskich stowarzysze\u0144 bran\u017cowych i zwi\u0105zk\u00f3w zawodowych w celu zmniejszenia nara\u017cenia na respirabiln\u0105 krzemionk\u0119 krystaliczn\u0105 (RKK) w miejscu pracy. <\/p>","protected":false},"author":1,"featured_media":0,"parent":0,"menu_order":0,"comment_status":"closed","ping_status":"closed","template":"","meta":{"footnotes":""},"class_list":["post-398","page","type-page","status-publish","hentry"],"_links":{"self":[{"href":"https:\/\/training.nepsi.eu\/pl\/wp-json\/wp\/v2\/pages\/398","targetHints":{"allow":["GET"]}}],"collection":[{"href":"https:\/\/training.nepsi.eu\/pl\/wp-json\/wp\/v2\/pages"}],"about":[{"href":"https:\/\/training.nepsi.eu\/pl\/wp-json\/wp\/v2\/types\/page"}],"author":[{"embeddable":true,"href":"https:\/\/training.nepsi.eu\/pl\/wp-json\/wp\/v2\/users\/1"}],"replies":[{"embeddable":true,"href":"https:\/\/training.nepsi.eu\/pl\/wp-json\/wp\/v2\/comments?post=398"}],"version-history":[{"count":2,"href":"https:\/\/training.nepsi.eu\/pl\/wp-json\/wp\/v2\/pages\/398\/revisions"}],"predecessor-version":[{"id":3146,"href":"https:\/\/training.nepsi.eu\/pl\/wp-json\/wp\/v2\/pages\/398\/revisions\/3146"}],"wp:attachment":[{"href":"https:\/\/training.nepsi.eu\/pl\/wp-json\/wp\/v2\/media?parent=398"}],"curies":[{"name":"wp","href":"https:\/\/api.w.org\/{rel}","templated":true}]}}