{"id":3,"date":"2024-08-12T12:57:10","date_gmt":"2024-08-12T12:57:10","guid":{"rendered":"https:\/\/nepsi.leidardev.com\/\/\/\/?page_id=3"},"modified":"2024-10-21T10:40:39","modified_gmt":"2024-10-21T10:40:39","slug":"privacy-policy","status":"publish","type":"page","link":"https:\/\/training.nepsi.eu\/pt\/privacy-policy\/","title":{"rendered":"Pol\u00edtica de privacidade"},"content":{"rendered":"<div class=\"wp-block-c83-section uk-section uk-background-norepeat\">\n<div class=\"wp-block-c83-container uk-container\">\n<h1 class=\"wp-block-c83-post-title uk-text-left\">Pol\u00edtica de privacidade<\/h1>\n\n\n\n<p class=\"wp-block-c83-text uk-text-left translation-block\">\u00c9 pol\u00edtica da NEPSI respeitar a sua privacidade em rela\u00e7\u00e3o a qualquer informa\u00e7\u00e3o sua que possamos recolher no nosso s\u00edtio Web, <a href=\"https:\/\/www.nepsi.eu\/\" target=\"_self\">https:\/\/www.nepsi.eu\/<\/a>, e noutros s\u00edtios que possu\u00edmos e operamos.<\/p>\n\n\n\n<p class=\"wp-block-c83-text uk-text-left\">Apenas solicitamos informa\u00e7\u00f5es pessoais quando realmente necessitamos delas para lhe prestar um servi\u00e7o. Recolhemo-las por meios justos e legais, com o seu conhecimento e consentimento. Tamb\u00e9m o informamos da raz\u00e3o pela qual as estamos a recolher e da forma como ser\u00e3o utilizadas.<\/p>\n\n\n\n<p class=\"wp-block-c83-text uk-text-left\">Conservamos as informa\u00e7\u00f5es recolhidas apenas durante o tempo necess\u00e1rio para lhe prestar o servi\u00e7o solicitado. Os dados que armazenamos s\u00e3o protegidos por meios comercialmente aceit\u00e1veis para evitar perdas e roubos, bem como o acesso, a divulga\u00e7\u00e3o, a c\u00f3pia, a utiliza\u00e7\u00e3o ou a modifica\u00e7\u00e3o n\u00e3o autorizados.<\/p>\n\n\n\n<p class=\"wp-block-c83-text uk-text-left\">N\u00e3o partilhamos quaisquer informa\u00e7\u00f5es de identifica\u00e7\u00e3o pessoal publicamente ou com terceiros, exceto quando exigido por lei.<\/p>\n\n\n\n<p class=\"wp-block-c83-text uk-text-left\">O nosso s\u00edtio Web pode ter liga\u00e7\u00f5es a s\u00edtios externos que n\u00e3o s\u00e3o operados por n\u00f3s. Tenha em aten\u00e7\u00e3o que n\u00e3o temos qualquer controlo sobre o conte\u00fado e as pr\u00e1ticas desses s\u00edtios e n\u00e3o podemos aceitar responsabilidade ou obriga\u00e7\u00e3o pelas respetivas pol\u00edticas de privacidade.<\/p>\n\n\n\n<p class=\"wp-block-c83-text uk-text-left\">O utilizador \u00e9 livre de recusar o nosso pedido de informa\u00e7\u00f5es pessoais, tendo em conta que poderemos n\u00e3o conseguir fornecer-lhe alguns dos servi\u00e7os que pretende<\/p>\n\n\n\n<p class=\"wp-block-c83-text uk-text-left\">A utiliza\u00e7\u00e3o continuada do nosso s\u00edtio Web ser\u00e1 considerada como aceita\u00e7\u00e3o das nossas pr\u00e1ticas em mat\u00e9ria de privacidade e informa\u00e7\u00f5es pessoais.Se tiver alguma d\u00favida sobre a forma como tratamos os dados do utilizador e as informa\u00e7\u00f5es pessoais, n\u00e3o hesite em contactar-nos.<br><\/p>\n\n\n\n<p class=\"wp-block-c83-text uk-text-left\">Esta pol\u00edtica \u00e9 efetiva a partir de 01\/12\/2020.<\/p>\n<\/div>\n<\/div>","protected":false},"excerpt":{"rendered":"","protected":false},"author":1,"featured_media":0,"parent":0,"menu_order":0,"comment_status":"closed","ping_status":"closed","template":"","meta":{"footnotes":""},"class_list":["post-3","page","type-page","status-publish","hentry"],"_links":{"self":[{"href":"https:\/\/training.nepsi.eu\/pt\/wp-json\/wp\/v2\/pages\/3","targetHints":{"allow":["GET"]}}],"collection":[{"href":"https:\/\/training.nepsi.eu\/pt\/wp-json\/wp\/v2\/pages"}],"about":[{"href":"https:\/\/training.nepsi.eu\/pt\/wp-json\/wp\/v2\/types\/page"}],"author":[{"embeddable":true,"href":"https:\/\/training.nepsi.eu\/pt\/wp-json\/wp\/v2\/users\/1"}],"replies":[{"embeddable":true,"href":"https:\/\/training.nepsi.eu\/pt\/wp-json\/wp\/v2\/comments?post=3"}],"version-history":[{"count":0,"href":"https:\/\/training.nepsi.eu\/pt\/wp-json\/wp\/v2\/pages\/3\/revisions"}],"wp:attachment":[{"href":"https:\/\/training.nepsi.eu\/pt\/wp-json\/wp\/v2\/media?parent=3"}],"curies":[{"name":"wp","href":"https:\/\/api.w.org\/{rel}","templated":true}]}}