{"id":398,"date":"2024-09-19T10:23:33","date_gmt":"2024-09-19T10:23:33","guid":{"rendered":"https:\/\/nepsi.leidardev.com\/\/\/\/?page_id=398"},"modified":"2025-09-30T09:59:53","modified_gmt":"2025-09-30T09:59:53","slug":"about-us","status":"publish","type":"page","link":"https:\/\/training.nepsi.eu\/pt\/about-us\/","title":{"rendered":"SOBRE N\u00d3S"},"content":{"rendered":"<div class=\"wp-block-c83-section uk-section uk-background-norepeat\">\n<div class=\"wp-block-c83-container uk-container\">\n<h1 class=\"wp-block-c83-post-title uk-text-left\">SOBRE N\u00d3S<\/h1>\n\n\n\n<p class=\"wp-block-c83-text uk-text-left uk-text-lead\">A NEPSI (A Rede Europeia de S\u00edlica) \u00e9 uma organiza\u00e7\u00e3o formada por um grupo de associa\u00e7\u00f5es comerciais setoriais e sindicatos europeus para reduzir a exposi\u00e7\u00e3o profissional \u00e0 s\u00edlica cristalina respir\u00e1vel (SCR).<\/p>\n\n\n\n<p class=\"wp-block-c83-text uk-text-left\">A organiza\u00e7\u00e3o centra-se na implementa\u00e7\u00e3o do acordo de di\u00e1logo social assinado em 2006, que enfatiza a promo\u00e7\u00e3o da sa\u00fade e seguran\u00e7a dos trabalhadores atrav\u00e9s da implementa\u00e7\u00e3o de boas pr\u00e1ticas para o manuseamento e utiliza\u00e7\u00e3o de materiais que cont\u00eam s\u00edlica cristalina. Os trabalhadores de setores como a constru\u00e7\u00e3o, a explora\u00e7\u00e3o mineira e a produ\u00e7\u00e3o de vidro correm o risco de exposi\u00e7\u00e3o \u00e0 SCR, que pode causar problemas de sa\u00fade graves, como a silicose.<\/p>\n\n\n\n<p class=\"wp-block-c83-text uk-text-left uk-link-text uk-text-custom\">Para saber mais sobre a NEPSI, ou para nos contactar, visite nepsi.eu <a href=\"https:\/\/nepsi.eu\/\" data-type=\"link\" data-id=\"https:\/\/nepsi.eu\/\" target=\"_blank\" rel=\"noreferrer noopener\">nepsi.eu<\/a>.<\/p>\n\n\n\n<div class=\"wp-block-c83-vspace c83-vspace-normal\"><\/div>\n\n\n\n<a class=\"wp-block-c83-button uk-button-primary uk-button uk-button-large\" href=\"https:\/\/nepsi.eu\" target=\"_blank\" rel=\"noopener\" role=\"link\"><span>nepsi.eu<\/span><\/a>\n<\/div>\n<\/div>","protected":false},"excerpt":{"rendered":"<p>A NEPSI (A Rede Europeia de S\u00edlica) \u00e9 uma organiza\u00e7\u00e3o formada por um grupo de associa\u00e7\u00f5es comerciais setoriais e sindicatos europeus para reduzir a exposi\u00e7\u00e3o profissional \u00e0 s\u00edlica cristalina respir\u00e1vel (SCR). <\/p>","protected":false},"author":1,"featured_media":0,"parent":0,"menu_order":0,"comment_status":"closed","ping_status":"closed","template":"","meta":{"footnotes":""},"class_list":["post-398","page","type-page","status-publish","hentry"],"_links":{"self":[{"href":"https:\/\/training.nepsi.eu\/pt\/wp-json\/wp\/v2\/pages\/398","targetHints":{"allow":["GET"]}}],"collection":[{"href":"https:\/\/training.nepsi.eu\/pt\/wp-json\/wp\/v2\/pages"}],"about":[{"href":"https:\/\/training.nepsi.eu\/pt\/wp-json\/wp\/v2\/types\/page"}],"author":[{"embeddable":true,"href":"https:\/\/training.nepsi.eu\/pt\/wp-json\/wp\/v2\/users\/1"}],"replies":[{"embeddable":true,"href":"https:\/\/training.nepsi.eu\/pt\/wp-json\/wp\/v2\/comments?post=398"}],"version-history":[{"count":2,"href":"https:\/\/training.nepsi.eu\/pt\/wp-json\/wp\/v2\/pages\/398\/revisions"}],"predecessor-version":[{"id":3146,"href":"https:\/\/training.nepsi.eu\/pt\/wp-json\/wp\/v2\/pages\/398\/revisions\/3146"}],"wp:attachment":[{"href":"https:\/\/training.nepsi.eu\/pt\/wp-json\/wp\/v2\/media?parent=398"}],"curies":[{"name":"wp","href":"https:\/\/api.w.org\/{rel}","templated":true}]}}