{"id":3,"date":"2024-08-12T12:57:10","date_gmt":"2024-08-12T12:57:10","guid":{"rendered":"https:\/\/nepsi.leidardev.com\/\/\/\/?page_id=3"},"modified":"2024-10-21T10:40:39","modified_gmt":"2024-10-21T10:40:39","slug":"privacy-policy","status":"publish","type":"page","link":"https:\/\/training.nepsi.eu\/ro\/privacy-policy\/","title":{"rendered":"Politica de confiden\u021bialitate"},"content":{"rendered":"<div class=\"wp-block-c83-section uk-section uk-background-norepeat\">\n<div class=\"wp-block-c83-container uk-container\">\n<h1 class=\"wp-block-c83-post-title uk-text-left\">Politica de confiden\u021bialitate<\/h1>\n\n\n\n<p class=\"wp-block-c83-text uk-text-left translation-block\">\u00centruc\u00e2t pre\u021buim confiden\u021bialitatea datelor dumneavoastr\u0103 personale, NEPSI se angajeaz\u0103 s\u0103 protejeze aceste date \u0219i s\u0103 respecte orice informa\u021bii colectate de la dumneavoastr\u0103 pe site-ul nostru <a href=\"https:\/\/www.nepsi.eu\/\" target=\"_self\">https:\/\/www.nepsi.eu\/<\/a>, \u0219i pe alte site-uri pe care le administr\u0103m.<\/p>\n\n\n\n<p class=\"wp-block-c83-text uk-text-left\">Solicit\u0103m doar date personale care sunt cu adev\u0103rat necesare pentru serviciul pe care vi-l oferim. Le colect\u0103m prin mijloace corecte \u0219i legale, cu acordul \u0219i \u00een\u0219tiin\u021barea dumneavoastr\u0103. De asemenea, v\u0103 inform\u0103m cu privire la motivul colect\u0103rii acestor date \u0219i modul \u00een care vor fi utilizate.<\/p>\n\n\n\n<p class=\"wp-block-c83-text uk-text-left\">P\u0103str\u0103m informa\u021biile adunate doar at\u00e2t timp c\u00e2t este necesar pentru a v\u0103 furniza serviciul solicitat. Datele pe care le stoc\u0103m sunt protejate prin mijloace considerate acceptabile din punct de vedere comercial, pentru a preveni pierderea sau furtul acestora, precum \u0219i accesul, divulgarea, copierea, utilizarea sau modificarea neautorizat\u0103.<\/p>\n\n\n\n<p class=\"wp-block-c83-text uk-text-left\">Nu divulg\u0103m nicio informa\u021bie personal\u0103 prin care pute\u021bi fi identificat \u00een mod public sau c\u0103tre ter\u021bi, cu excep\u021bia situa\u021biilor \u00een care legea ne oblig\u0103 s\u0103 o facem.<\/p>\n\n\n\n<p class=\"wp-block-c83-text uk-text-left\">Site-ul nostru poate con\u021bine linkuri c\u0103tre site-uri externe care nu sunt administrate de noi. V\u0103 rug\u0103m s\u0103 ave\u021bi \u00een vedere c\u0103 nu avem control asupra con\u021binutului \u0219i practicilor acestor site-uri \u0219i nu ne asum\u0103m nicio responsabilitate sau r\u0103spundere pentru politicile lor de confiden\u021bialitate.<\/p>\n\n\n\n<p class=\"wp-block-c83-text uk-text-left\">Ave\u021bi libertatea de a refuza cererea noastr\u0103 de a ne furniza datele dumneavoastr\u0103 personale, cu precizarea c\u0103 este posibil ca anumite servicii s\u0103 nu v\u0103 mai fie disponibile.<\/p>\n\n\n\n<p class=\"wp-block-c83-text uk-text-left\">Continuarea utiliz\u0103rii site-ului nostru va fi considerat\u0103 drept acceptare a practicilor noastre referitoare la confiden\u021bialitate \u0219i la datele personale. Dac\u0103 ave\u021bi \u00eentreb\u0103ri legate de modul \u00een care gestion\u0103m datele utilizatorilor \u0219i informa\u021biile personale, nu ezita\u021bi s\u0103 ne contacta\u021bi.<br><\/p>\n\n\n\n<p class=\"wp-block-c83-text uk-text-left\">Prezenta politic\u0103 a intrat \u00een vigoare \u00eencep\u00e2nd cu data de 01\/12\/2020.<\/p>\n<\/div>\n<\/div>","protected":false},"excerpt":{"rendered":"","protected":false},"author":1,"featured_media":0,"parent":0,"menu_order":0,"comment_status":"closed","ping_status":"closed","template":"","meta":{"footnotes":""},"class_list":["post-3","page","type-page","status-publish","hentry"],"_links":{"self":[{"href":"https:\/\/training.nepsi.eu\/ro\/wp-json\/wp\/v2\/pages\/3","targetHints":{"allow":["GET"]}}],"collection":[{"href":"https:\/\/training.nepsi.eu\/ro\/wp-json\/wp\/v2\/pages"}],"about":[{"href":"https:\/\/training.nepsi.eu\/ro\/wp-json\/wp\/v2\/types\/page"}],"author":[{"embeddable":true,"href":"https:\/\/training.nepsi.eu\/ro\/wp-json\/wp\/v2\/users\/1"}],"replies":[{"embeddable":true,"href":"https:\/\/training.nepsi.eu\/ro\/wp-json\/wp\/v2\/comments?post=3"}],"version-history":[{"count":0,"href":"https:\/\/training.nepsi.eu\/ro\/wp-json\/wp\/v2\/pages\/3\/revisions"}],"wp:attachment":[{"href":"https:\/\/training.nepsi.eu\/ro\/wp-json\/wp\/v2\/media?parent=3"}],"curies":[{"name":"wp","href":"https:\/\/api.w.org\/{rel}","templated":true}]}}