{"id":398,"date":"2024-09-19T10:23:33","date_gmt":"2024-09-19T10:23:33","guid":{"rendered":"https:\/\/nepsi.leidardev.com\/\/\/\/?page_id=398"},"modified":"2025-09-30T09:59:53","modified_gmt":"2025-09-30T09:59:53","slug":"about-us","status":"publish","type":"page","link":"https:\/\/training.nepsi.eu\/ro\/about-us\/","title":{"rendered":"Despre noi"},"content":{"rendered":"<div class=\"wp-block-c83-section uk-section uk-background-norepeat\">\n<div class=\"wp-block-c83-container uk-container\">\n<h1 class=\"wp-block-c83-post-title uk-text-left\">Despre noi<\/h1>\n\n\n\n<p class=\"wp-block-c83-text uk-text-left uk-text-lead\">Re\u021beaua European\u0103 pentru Siliciu, cunoscut\u0103 sub acronimul NEPSI, este o organiza\u021bie care reune\u0219te asocia\u021biile sectoriale europene ale angaja\u021bilor \u0219i angajatorilor \u0219i care are ca scop reducerea expunerii profesionale la silicea cristalin\u0103 respirabil\u0103 (SCR).<\/p>\n\n\n\n<p class=\"wp-block-c83-text uk-text-left\">Prioritatea acestei organiza\u021bii este implementarea acordului de dialog social semnat \u00een 2006, care pune accent pe promovarea s\u0103n\u0103t\u0103\u021bii \u0219i securit\u0103\u021bii lucr\u0103torilor prin aplicarea bunelor practici \u00een manipularea \u0219i utilizarea materialelor ce con\u021bin silice cristalin\u0103. Muncitorii din diverse sectoare precum construc\u021biile, mineritul \u0219i produc\u021bia de sticl\u0103, sunt expu\u0219i riscului pe care \u00eel prezint\u0103 SCR, care poate cauza probleme grave de s\u0103n\u0103tate, cum ar fi silicoza.<\/p>\n\n\n\n<p class=\"wp-block-c83-text uk-text-left uk-link-text uk-text-custom\">Pentru mai multe informa\u021bii cu privire la NEPSI sau pentru a lua leg\u0103tura cu noi, accesa\u021bi nepsi.eu <a href=\"https:\/\/nepsi.eu\/\" data-type=\"link\" data-id=\"https:\/\/nepsi.eu\/\" target=\"_blank\" rel=\"noreferrer noopener\">nepsi.eu<\/a>.<\/p>\n\n\n\n<div class=\"wp-block-c83-vspace c83-vspace-normal\"><\/div>\n\n\n\n<a class=\"wp-block-c83-button uk-button-primary uk-button uk-button-large\" href=\"https:\/\/nepsi.eu\" target=\"_blank\" rel=\"noopener\" role=\"link\"><span>nepsi.eu<\/span><\/a>\n<\/div>\n<\/div>","protected":false},"excerpt":{"rendered":"<p>Re\u021beaua European\u0103 pentru Siliciu, cunoscut\u0103 sub acronimul NEPSI, este o organiza\u021bie care reune\u0219te asocia\u021biile sectoriale europene ale angaja\u021bilor \u0219i angajatorilor \u0219i care are ca scop reducerea expunerii profesionale la silicea cristalin\u0103 respirabil\u0103 (SCR). <\/p>","protected":false},"author":1,"featured_media":0,"parent":0,"menu_order":0,"comment_status":"closed","ping_status":"closed","template":"","meta":{"footnotes":""},"class_list":["post-398","page","type-page","status-publish","hentry"],"_links":{"self":[{"href":"https:\/\/training.nepsi.eu\/ro\/wp-json\/wp\/v2\/pages\/398","targetHints":{"allow":["GET"]}}],"collection":[{"href":"https:\/\/training.nepsi.eu\/ro\/wp-json\/wp\/v2\/pages"}],"about":[{"href":"https:\/\/training.nepsi.eu\/ro\/wp-json\/wp\/v2\/types\/page"}],"author":[{"embeddable":true,"href":"https:\/\/training.nepsi.eu\/ro\/wp-json\/wp\/v2\/users\/1"}],"replies":[{"embeddable":true,"href":"https:\/\/training.nepsi.eu\/ro\/wp-json\/wp\/v2\/comments?post=398"}],"version-history":[{"count":2,"href":"https:\/\/training.nepsi.eu\/ro\/wp-json\/wp\/v2\/pages\/398\/revisions"}],"predecessor-version":[{"id":3146,"href":"https:\/\/training.nepsi.eu\/ro\/wp-json\/wp\/v2\/pages\/398\/revisions\/3146"}],"wp:attachment":[{"href":"https:\/\/training.nepsi.eu\/ro\/wp-json\/wp\/v2\/media?parent=398"}],"curies":[{"name":"wp","href":"https:\/\/api.w.org\/{rel}","templated":true}]}}