{"id":3,"date":"2024-08-12T12:57:10","date_gmt":"2024-08-12T12:57:10","guid":{"rendered":"https:\/\/nepsi.leidardev.com\/\/\/\/?page_id=3"},"modified":"2024-10-21T10:40:39","modified_gmt":"2024-10-21T10:40:39","slug":"privacy-policy","status":"publish","type":"page","link":"https:\/\/training.nepsi.eu\/sk\/privacy-policy\/","title":{"rendered":"Z\u00e1sady ochrany osobn\u00fdch \u00fadajov"},"content":{"rendered":"<div class=\"wp-block-c83-section uk-section uk-background-norepeat\">\n<div class=\"wp-block-c83-container uk-container\">\n<h1 class=\"wp-block-c83-post-title uk-text-left\">Z\u00e1sady ochrany osobn\u00fdch \u00fadajov<\/h1>\n\n\n\n<p class=\"wp-block-c83-text uk-text-left translation-block\">Va\u0161e s\u00fakromie je pre n\u00e1s d\u00f4le\u017eit\u00e9. Z\u00e1sadou spolo\u010dnosti NEPSI je re\u0161pektova\u0165 va\u0161e s\u00fakromie, s oh\u013eadom na ak\u00e9ko\u013evek inform\u00e1cie, ktor\u00e9 n\u00e1m poskytnete na na\u0161ej webovej str\u00e1nke <a href=\"https:\/\/www.nepsi.eu\/\" target=\"_self\">https:\/\/www.nepsi.eu\/<\/a> a in\u00fdch str\u00e1nkach, ktor\u00e9 vlastn\u00edme a prev\u00e1dzkujeme.<\/p>\n\n\n\n<p class=\"wp-block-c83-text uk-text-left\">Osobn\u00e9 \u00fadaje po\u017eadujeme iba ak s\u00fa nevyhnutn\u00e9 na poskytnutie slu\u017eby. Zhroma\u017e\u010fujeme ich s va\u0161\u00edm vedom\u00edm a s\u00fahlasom z\u00e1konn\u00fdmi prostriedkami. Obozn\u00e1mime v\u00e1s s t\u00fdm, pre\u010do ich zhroma\u017e\u010fujeme a ako bud\u00fa pou\u017eit\u00e9.<\/p>\n\n\n\n<p class=\"wp-block-c83-text uk-text-left\">Zhroma\u017eden\u00e9 inform\u00e1cie uchov\u00e1vame len po dobu nevyhnutn\u00fa na poskytnutie vami po\u017eadovanej slu\u017eby. Aby sme predi\u0161li strate a kr\u00e1de\u017ei, ako aj neopr\u00e1vnen\u00e9mu pr\u00edstupu, zverejneniu, kop\u00edrovaniu, pou\u017eitiu alebo \u00faprave uchov\u00e1van\u00fdch \u00fadajov, vyu\u017e\u00edvame komer\u010dne prijate\u013en\u00e9 prostriedky.<\/p>\n\n\n\n<p class=\"wp-block-c83-text uk-text-left\">Osobn\u00e9 \u00fadaje nezdie\u013eame verejne ani s tret\u00edmi stranami, s v\u00fdnimkou pr\u00edpadov, ke\u010f je to pr\u00e1vne nevyhnutn\u00e9.<\/p>\n\n\n\n<p class=\"wp-block-c83-text uk-text-left\">Na\u0161a webov\u00e1 str\u00e1nka m\u00f4\u017ee odkazova\u0165 na extern\u00e9 str\u00e1nky, ktor\u00e9 neprev\u00e1dzkujeme. Na obsah a postupy t\u00fdchto str\u00e1nok nem\u00e1me dosah, a preto nepreber\u00e1me zodpovednos\u0165 za ich z\u00e1sady ochrany osobn\u00fdch \u00fadajov.<\/p>\n\n\n\n<p class=\"wp-block-c83-text uk-text-left\">M\u00f4\u017eete n\u00e1m odmietnu\u0165 poskytn\u00fa\u0165 svoje osobn\u00e9 \u00fadaje av\u0161ak potom v\u00e1m mo\u017eno nebudeme vedie\u0165 poskytn\u00fa\u0165 niektor\u00e9 z po\u017eadovan\u00fdch slu\u017eieb.<\/p>\n\n\n\n<p class=\"wp-block-c83-text uk-text-left\">\u010eal\u0161\u00edm pou\u017e\u00edvan\u00edm na\u0161ej webovej str\u00e1nky vyjadrujete s\u00fahlas s na\u0161imi postupmi t\u00fdkaj\u00facimi sa ochrany s\u00fakromia a osobn\u00fdch \u00fadajov. Ak m\u00e1te ak\u00e9ko\u013evek ot\u00e1zky ako naklad\u00e1me s \u00fadajmi pou\u017e\u00edvate\u013eov a osobn\u00fdmi \u00fadajmi, nev\u00e1hajte n\u00e1s kontaktova\u0165.<br><\/p>\n\n\n\n<p class=\"wp-block-c83-text uk-text-left\">Tieto Z\u00e1sady s\u00fa \u00fa\u010dinn\u00e9 od 12. janu\u00e1ra 2020.<\/p>\n<\/div>\n<\/div>","protected":false},"excerpt":{"rendered":"","protected":false},"author":1,"featured_media":0,"parent":0,"menu_order":0,"comment_status":"closed","ping_status":"closed","template":"","meta":{"footnotes":""},"class_list":["post-3","page","type-page","status-publish","hentry"],"_links":{"self":[{"href":"https:\/\/training.nepsi.eu\/sk\/wp-json\/wp\/v2\/pages\/3","targetHints":{"allow":["GET"]}}],"collection":[{"href":"https:\/\/training.nepsi.eu\/sk\/wp-json\/wp\/v2\/pages"}],"about":[{"href":"https:\/\/training.nepsi.eu\/sk\/wp-json\/wp\/v2\/types\/page"}],"author":[{"embeddable":true,"href":"https:\/\/training.nepsi.eu\/sk\/wp-json\/wp\/v2\/users\/1"}],"replies":[{"embeddable":true,"href":"https:\/\/training.nepsi.eu\/sk\/wp-json\/wp\/v2\/comments?post=3"}],"version-history":[{"count":0,"href":"https:\/\/training.nepsi.eu\/sk\/wp-json\/wp\/v2\/pages\/3\/revisions"}],"wp:attachment":[{"href":"https:\/\/training.nepsi.eu\/sk\/wp-json\/wp\/v2\/media?parent=3"}],"curies":[{"name":"wp","href":"https:\/\/api.w.org\/{rel}","templated":true}]}}