{"id":398,"date":"2024-09-19T10:23:33","date_gmt":"2024-09-19T10:23:33","guid":{"rendered":"https:\/\/nepsi.leidardev.com\/\/\/\/?page_id=398"},"modified":"2025-09-30T09:59:53","modified_gmt":"2025-09-30T09:59:53","slug":"about-us","status":"publish","type":"page","link":"https:\/\/training.nepsi.eu\/sk\/about-us\/","title":{"rendered":"O N\u00c1S"},"content":{"rendered":"<div class=\"wp-block-c83-section uk-section uk-background-norepeat\">\n<div class=\"wp-block-c83-container uk-container\">\n<h1 class=\"wp-block-c83-post-title uk-text-left\">O N\u00c1S<\/h1>\n\n\n\n<p class=\"wp-block-c83-text uk-text-left uk-text-lead\">NEPSI (Eur\u00f3pska sie\u0165 pre oxid kremi\u010dit\u00fd) je organiz\u00e1cia vytvoren\u00e1 skupinou eur\u00f3pskych sektorov\u00fdch obchodn\u00fdch zdru\u017een\u00ed a odborov\u00fdch zv\u00e4zov, ktor\u00fdch cie\u013eom je zn\u00ed\u017ei\u0165 vystavenie d\u00fdchate\u013en\u00e9mu kry\u0161talick\u00e9mu oxidu kremi\u010dit\u00e9mu (RCS) na pracovisku.<\/p>\n\n\n\n<p class=\"wp-block-c83-text uk-text-left\">Cie\u013eom organiz\u00e1cie je implement\u00e1cia dohody o soci\u00e1lnom dial\u00f3gu, podp\u00edsanej v roku 2006, ktor\u00e1 kladie d\u00f4raz na podporu zdravia a bezpe\u010dnosti pracovn\u00edkov za\u010dlenen\u00edm osved\u010den\u00fdch postupov pri manipul\u00e1cii a pou\u017e\u00edvan\u00ed materi\u00e1lov obsahuj\u00facich kry\u0161talick\u00fd oxid kremi\u010dit\u00fd. Pracovn\u00edci v odvetviach, ako je stavebn\u00edctvo, ban\u00edctvo a v\u00fdroba skla, \u010delia riziku vd\u00fdchnutia RCS, ktor\u00fd m\u00f4\u017ee sp\u00f4sobi\u0165 v\u00e1\u017ene zdravotn\u00e9 probl\u00e9my, napr. silik\u00f3zu.<\/p>\n\n\n\n<p class=\"wp-block-c83-text uk-text-left uk-link-text uk-text-custom\">Ak sa chcete dozvedie\u0165 o NEPSI viac alebo n\u00e1s kontaktova\u0165, nav\u0161t\u00edvte str\u00e1nku <a href=\"https:\/\/nepsi.eu\/\" data-type=\"link\" data-id=\"https:\/\/nepsi.eu\/\" target=\"_blank\" rel=\"noreferrer noopener\">nepsi.eu<\/a>.<\/p>\n\n\n\n<div class=\"wp-block-c83-vspace c83-vspace-normal\"><\/div>\n\n\n\n<a class=\"wp-block-c83-button uk-button-primary uk-button uk-button-large\" href=\"https:\/\/nepsi.eu\" target=\"_blank\" rel=\"noopener\" role=\"link\"><span>nepsi.eu<\/span><\/a>\n<\/div>\n<\/div>","protected":false},"excerpt":{"rendered":"<p>NEPSI (Eur\u00f3pska sie\u0165 pre oxid kremi\u010dit\u00fd) je organiz\u00e1cia vytvoren\u00e1 skupinou eur\u00f3pskych sektorov\u00fdch obchodn\u00fdch zdru\u017een\u00ed a odborov\u00fdch zv\u00e4zov, ktor\u00fdch cie\u013eom je zn\u00ed\u017ei\u0165 vystavenie d\u00fdchate\u013en\u00e9mu kry\u0161talick\u00e9mu oxidu kremi\u010dit\u00e9mu (RCS) na pracovisku. <\/p>","protected":false},"author":1,"featured_media":0,"parent":0,"menu_order":0,"comment_status":"closed","ping_status":"closed","template":"","meta":{"footnotes":""},"class_list":["post-398","page","type-page","status-publish","hentry"],"_links":{"self":[{"href":"https:\/\/training.nepsi.eu\/sk\/wp-json\/wp\/v2\/pages\/398","targetHints":{"allow":["GET"]}}],"collection":[{"href":"https:\/\/training.nepsi.eu\/sk\/wp-json\/wp\/v2\/pages"}],"about":[{"href":"https:\/\/training.nepsi.eu\/sk\/wp-json\/wp\/v2\/types\/page"}],"author":[{"embeddable":true,"href":"https:\/\/training.nepsi.eu\/sk\/wp-json\/wp\/v2\/users\/1"}],"replies":[{"embeddable":true,"href":"https:\/\/training.nepsi.eu\/sk\/wp-json\/wp\/v2\/comments?post=398"}],"version-history":[{"count":2,"href":"https:\/\/training.nepsi.eu\/sk\/wp-json\/wp\/v2\/pages\/398\/revisions"}],"predecessor-version":[{"id":3146,"href":"https:\/\/training.nepsi.eu\/sk\/wp-json\/wp\/v2\/pages\/398\/revisions\/3146"}],"wp:attachment":[{"href":"https:\/\/training.nepsi.eu\/sk\/wp-json\/wp\/v2\/media?parent=398"}],"curies":[{"name":"wp","href":"https:\/\/api.w.org\/{rel}","templated":true}]}}