{"id":3,"date":"2024-08-12T12:57:10","date_gmt":"2024-08-12T12:57:10","guid":{"rendered":"https:\/\/nepsi.leidardev.com\/\/\/\/?page_id=3"},"modified":"2024-10-21T10:40:39","modified_gmt":"2024-10-21T10:40:39","slug":"privacy-policy","status":"publish","type":"page","link":"https:\/\/training.nepsi.eu\/sl\/privacy-policy\/","title":{"rendered":"Politika zasebnosti"},"content":{"rendered":"<div class=\"wp-block-c83-section uk-section uk-background-norepeat\">\n<div class=\"wp-block-c83-container uk-container\">\n<h1 class=\"wp-block-c83-post-title uk-text-left\">Politika zasebnosti<\/h1>\n\n\n\n<p class=\"wp-block-c83-text uk-text-left translation-block\">Va\u0161a zasebnost nam je pomembna. Politika podjetja NEPSI je spo\u0161tovati va\u0161o zasebnost glede vseh informacij, ki jih lahko zberemo od vas na na\u0161i spletni strani <a href=\"https:\/\/www.nepsi.eu\/\" target=\"_self\">https:\/\/www.nepsi.eu\/<\/a> in drugih spletnih mestih, ki so v na\u0161i lasti in jih upravljamo.<\/p>\n\n\n\n<p class=\"wp-block-c83-text uk-text-left\">Osebne podatke zahtevamo le, kadar jih resni\u010dno potrebujemo za opravljanje storitve. Zbiramo jih na po\u0161ten in zakonit na\u010din, z va\u0161im vedenjem in soglasjem. Prav tako vas obvestimo, zakaj jih zbiramo in kako bodo uporabljeni.<\/p>\n\n\n\n<p class=\"wp-block-c83-text uk-text-left\">Zbrane podatke hranimo le toliko \u010dasa, kolikor je potrebno, da vam zagotovimo zahtevano storitev. Podatke, ki jih shranimo, bomo za\u0161\u010ditili na komercialno sprejemljiv na\u010din, da prepre\u010dimo izgubo in krajo ter nepoobla\u0161\u010den dostop, razkritje, kopiranje, uporabo ali spreminjanje.<\/p>\n\n\n\n<p class=\"wp-block-c83-text uk-text-left\">Osebnih podatkov ne delimo javno ali s tretjimi osebami, razen \u010de to zahteva zakon.<\/p>\n\n\n\n<p class=\"wp-block-c83-text uk-text-left\">Na\u0161e spletno mesto lahko vsebuje povezave do zunanjih spletnih mest, ki jih ne upravljamo mi. Upo\u0161tevajte, da nimamo nadzora nad vsebino in praksami teh spletnih mest in ne moremo prevzeti odgovornosti za njihove politike zasebnosti.<\/p>\n\n\n\n<p class=\"wp-block-c83-text uk-text-left\">Na\u0161o zahtevo za va\u0161e osebne podatke lahko zavrnete, pri \u010demer se morate zavedate, da vam morda ne bomo mogli zagotoviti nekaterih \u017eelenih storitev.<\/p>\n\n\n\n<p class=\"wp-block-c83-text uk-text-left\">Va\u0161a nadaljnja uporaba na\u0161ega spletnega mesta bo veljala za sprejetje na\u0161ih praks glede zasebnosti in osebnih podatkov. \u010ce imate kakr\u0161na koli vpra\u0161anja o tem, kako ravnamo z uporabni\u0161kimi in osebnimi podatki, nas kontaktirajte.<br><\/p>\n\n\n\n<p class=\"wp-block-c83-text uk-text-left\">Ta politika velja od 1.\u00a012.\u00a02020.<\/p>\n<\/div>\n<\/div>","protected":false},"excerpt":{"rendered":"","protected":false},"author":1,"featured_media":0,"parent":0,"menu_order":0,"comment_status":"closed","ping_status":"closed","template":"","meta":{"footnotes":""},"class_list":["post-3","page","type-page","status-publish","hentry"],"_links":{"self":[{"href":"https:\/\/training.nepsi.eu\/sl\/wp-json\/wp\/v2\/pages\/3","targetHints":{"allow":["GET"]}}],"collection":[{"href":"https:\/\/training.nepsi.eu\/sl\/wp-json\/wp\/v2\/pages"}],"about":[{"href":"https:\/\/training.nepsi.eu\/sl\/wp-json\/wp\/v2\/types\/page"}],"author":[{"embeddable":true,"href":"https:\/\/training.nepsi.eu\/sl\/wp-json\/wp\/v2\/users\/1"}],"replies":[{"embeddable":true,"href":"https:\/\/training.nepsi.eu\/sl\/wp-json\/wp\/v2\/comments?post=3"}],"version-history":[{"count":0,"href":"https:\/\/training.nepsi.eu\/sl\/wp-json\/wp\/v2\/pages\/3\/revisions"}],"wp:attachment":[{"href":"https:\/\/training.nepsi.eu\/sl\/wp-json\/wp\/v2\/media?parent=3"}],"curies":[{"name":"wp","href":"https:\/\/api.w.org\/{rel}","templated":true}]}}