{"id":398,"date":"2024-09-19T10:23:33","date_gmt":"2024-09-19T10:23:33","guid":{"rendered":"https:\/\/nepsi.leidardev.com\/\/\/\/?page_id=398"},"modified":"2025-09-30T09:59:53","modified_gmt":"2025-09-30T09:59:53","slug":"about-us","status":"publish","type":"page","link":"https:\/\/training.nepsi.eu\/sl\/about-us\/","title":{"rendered":"O NAS"},"content":{"rendered":"<div class=\"wp-block-c83-section uk-section uk-background-norepeat\">\n<div class=\"wp-block-c83-container uk-container\">\n<h1 class=\"wp-block-c83-post-title uk-text-left\">O NAS<\/h1>\n\n\n\n<p class=\"wp-block-c83-text uk-text-left uk-text-lead\">NEPSI ali Evropska mre\u017ea za silicijev dioksid je organizacija, ki jo je ustanovila skupina evropskih sektorskih trgovinskih zdru\u017eenj in sindikatov za zmanj\u0161anje poklicne izpostavljenosti vdihljivemu kristalnemu silicijevemu dioksidu (RCS).<\/p>\n\n\n\n<p class=\"wp-block-c83-text uk-text-left\">Organizacija se osredoto\u010da na izvajanje sporazuma o socialnem dialogu iz leta 2006, ki poudarja spodbujanje zdravja in varnosti zaposlenih z izvajanjem dobrih praks za ravnanje z materiali, ki vsebujejo kristalni silicijev dioksid, in njihovo uporabo. Delavci v panogah, kot so gradbeni\u0161tvo, rudarstvo in proizvodnja stekla, so izpostavljeni RCS, kar lahko povzro\u010di resne zdravstvene te\u017eave, kot je silikoza.<\/p>\n\n\n\n<p class=\"wp-block-c83-text uk-text-left uk-link-text uk-text-custom\">\u010ce \u017eelite izvedeti ve\u010d o NEPSI ali nas kontaktirati, obi\u0161\u010dite nepsi.eu. <a href=\"https:\/\/nepsi.eu\/\" data-type=\"link\" data-id=\"https:\/\/nepsi.eu\/\" target=\"_blank\" rel=\"noreferrer noopener\">nepsi.eu<\/a>.<\/p>\n\n\n\n<div class=\"wp-block-c83-vspace c83-vspace-normal\"><\/div>\n\n\n\n<a class=\"wp-block-c83-button uk-button-primary uk-button uk-button-large\" href=\"https:\/\/nepsi.eu\" target=\"_blank\" rel=\"noopener\" role=\"link\"><span>nepsi.eu<\/span><\/a>\n<\/div>\n<\/div>","protected":false},"excerpt":{"rendered":"<p>NEPSI ali Evropska mre\u017ea za silicijev dioksid je organizacija, ki jo je ustanovila skupina evropskih sektorskih trgovinskih zdru\u017eenj in sindikatov za zmanj\u0161anje poklicne izpostavljenosti vdihljivemu kristalnemu silicijevemu dioksidu (RCS). <\/p>","protected":false},"author":1,"featured_media":0,"parent":0,"menu_order":0,"comment_status":"closed","ping_status":"closed","template":"","meta":{"footnotes":""},"class_list":["post-398","page","type-page","status-publish","hentry"],"_links":{"self":[{"href":"https:\/\/training.nepsi.eu\/sl\/wp-json\/wp\/v2\/pages\/398","targetHints":{"allow":["GET"]}}],"collection":[{"href":"https:\/\/training.nepsi.eu\/sl\/wp-json\/wp\/v2\/pages"}],"about":[{"href":"https:\/\/training.nepsi.eu\/sl\/wp-json\/wp\/v2\/types\/page"}],"author":[{"embeddable":true,"href":"https:\/\/training.nepsi.eu\/sl\/wp-json\/wp\/v2\/users\/1"}],"replies":[{"embeddable":true,"href":"https:\/\/training.nepsi.eu\/sl\/wp-json\/wp\/v2\/comments?post=398"}],"version-history":[{"count":2,"href":"https:\/\/training.nepsi.eu\/sl\/wp-json\/wp\/v2\/pages\/398\/revisions"}],"predecessor-version":[{"id":3146,"href":"https:\/\/training.nepsi.eu\/sl\/wp-json\/wp\/v2\/pages\/398\/revisions\/3146"}],"wp:attachment":[{"href":"https:\/\/training.nepsi.eu\/sl\/wp-json\/wp\/v2\/media?parent=398"}],"curies":[{"name":"wp","href":"https:\/\/api.w.org\/{rel}","templated":true}]}}