{"id":25,"date":"2024-08-14T08:47:57","date_gmt":"2024-08-14T08:47:57","guid":{"rendered":"https:\/\/nepsi.leidardev.com\/\/\/\/?page_id=25"},"modified":"2024-10-17T14:40:06","modified_gmt":"2024-10-17T14:40:06","slug":"entrance","status":"publish","type":"page","link":"https:\/\/training.nepsi.eu\/sv\/entrance\/","title":{"rendered":"Entrance"},"content":{"rendered":"\n<div class=\"wp-block-c83-section uk-section uk-background-norepeat\">\n<div class=\"wp-block-c83-container uk-container uk-container-xsmall uk-width-1-1 uk-flex uk-flex-row uk-flex-column@s left uk-flex-center@s top uk-flex-middle@s uk-flex-nowrap\">\n<div class=\"wp-block-c83-panel uk-panel uk-width-1-1 uk-width-1-2@m uk-width-1-3@xl uk-width-3-4@s\"><div class=\"wpforms-container wpforms-block wpforms-block-660ea244-0acb-44ff-b6d4-5dad86996455 c83-wpforms c83-lms-user-login-form wpforms-render-modern\" id=\"wpforms-20\"><form id=\"wpforms-form-20\" class=\"wpforms-validate wpforms-form\" data-formid=\"20\" method=\"post\" enctype=\"multipart\/form-data\" action=\"\/sv\/wp-json\/wp\/v2\/pages\/25\" data-token=\"641aa4b981885a510adb70a51d7a802f\" data-token-time=\"1776090680\"><noscript class=\"wpforms-error-noscript\">Aktivera JavaScript i din webbl\u00e4sare f\u00f6r att fylla i formul\u00e4ret.<\/noscript><div id=\"wpforms-error-noscript\" style=\"display: none;\">Aktivera JavaScript i din webbl\u00e4sare f\u00f6r att fylla i formul\u00e4ret.<\/div><div class=\"wpforms-field-container\">\t\t<div id=\"wpforms-20-field_5-container\"\n\t\t\tclass=\"wpforms-field wpforms-field-text\"\n\t\t\tdata-field-type=\"text\"\n\t\t\tdata-field-id=\"5\"\n\t\t\t>\n\t\t\t<label class=\"wpforms-field-label\" for=\"wpforms-20-field_5\" >me Remember Login<\/label>\n\t\t\t<input type=\"text\" id=\"wpforms-20-field_5\" class=\"wpforms-field-medium\" name=\"wpforms[fields][5]\" >\n\t\t<\/div>\n\t\t<div id=\"wpforms-20-field_1-container\" class=\"wpforms-field wpforms-field-text\" data-field-id=\"1\"><label class=\"wpforms-field-label\" for=\"wpforms-20-field_1\">Login <span class=\"wpforms-required-label\" aria-hidden=\"true\">*<\/span><\/label><input type=\"text\" id=\"wpforms-20-field_1\" class=\"wpforms-field-large wpforms-field-required\" name=\"wpforms[fields][1]\" aria-errormessage=\"wpforms-20-field_1-error\" required><\/div><div id=\"wpforms-20-field_2-container\" class=\"wpforms-field wpforms-field-password\" data-field-id=\"2\"><label class=\"wpforms-field-label\" for=\"wpforms-20-field_2\">Password <span class=\"wpforms-required-label\" aria-hidden=\"true\">*<\/span><\/label><input type=\"password\" id=\"wpforms-20-field_2\" class=\"wpforms-field-large wpforms-field-required\" name=\"wpforms[fields][2]\" spellcheck=\"false\" aria-errormessage=\"wpforms-20-field_2-error\" required><\/div><div id=\"wpforms-20-field_4-container\" class=\"wpforms-field wpforms-field-html\" data-field-id=\"4\"><div id=\"wpforms-20-field_4\" aria-errormessage=\"wpforms-20-field_4-error\"><a href=\"\/password-reset\">Lost your password?<\/a><\/div><\/div><div id=\"wpforms-20-field_3-container\" class=\"wpforms-field wpforms-field-checkbox\" data-field-id=\"3\"><fieldset><legend class=\"wpforms-field-label wpforms-label-hide\" aria-hidden=\"false\">Remember me<\/legend><ul id=\"wpforms-20-field_3\"><li class=\"choice-0 depth-1\"><input type=\"checkbox\" id=\"wpforms-20-field_3_0\" name=\"wpforms[fields][3][]\" value=\"Remember me\" aria-errormessage=\"wpforms-20-field_3_0-error\"  ><label class=\"wpforms-field-label-inline\" for=\"wpforms-20-field_3_0\">Remember me<\/label><\/li><\/ul><\/fieldset><\/div><script>\n\t\t\t\t( function() {\n\t\t\t\t\tconst style = document.createElement( 'style' );\n\t\t\t\t\tstyle.appendChild( document.createTextNode( '#wpforms-20-field_5-container { position: absolute !important; overflow: hidden !important; display: inline !important; height: 1px !important; width: 1px !important; z-index: -1000 !important; padding: 0 !important; } #wpforms-20-field_5-container input { visibility: hidden; } #wpforms-conversational-form-page #wpforms-20-field_5-container label { counter-increment: none; }' ) );\n\t\t\t\t\tdocument.head.appendChild( style );\n\t\t\t\t\tdocument.currentScript?.remove();\n\t\t\t\t} )();\n\t\t\t<\/script><\/div><!-- .wpforms-field-container --><div class=\"wpforms-submit-container\" ><input type=\"hidden\" name=\"wpforms[id]\" value=\"20\"><input type=\"hidden\" name=\"page_title\" value=\"\"><input type=\"hidden\" name=\"page_url\" value=\"https:\/\/training.nepsi.eu\/sv\/wp-json\/wp\/v2\/pages\/25\"><input type=\"hidden\" name=\"url_referer\" value=\"\"><button type=\"submit\" name=\"wpforms[submit]\" id=\"wpforms-submit-20\" class=\"wpforms-submit uk-button-primary uk-button-large\" aria-live=\"assertive\" value=\"wpforms-submit\">Submit<\/button><\/div><\/form><\/div>  <!-- .wpforms-container --><\/div>\n<\/div>\n<\/div>\n","protected":false},"excerpt":{"rendered":"","protected":false},"author":1,"featured_media":0,"parent":0,"menu_order":0,"comment_status":"closed","ping_status":"closed","template":"","meta":{"footnotes":""},"class_list":["post-25","page","type-page","status-publish","hentry"],"_links":{"self":[{"href":"https:\/\/training.nepsi.eu\/sv\/wp-json\/wp\/v2\/pages\/25","targetHints":{"allow":["GET"]}}],"collection":[{"href":"https:\/\/training.nepsi.eu\/sv\/wp-json\/wp\/v2\/pages"}],"about":[{"href":"https:\/\/training.nepsi.eu\/sv\/wp-json\/wp\/v2\/types\/page"}],"author":[{"embeddable":true,"href":"https:\/\/training.nepsi.eu\/sv\/wp-json\/wp\/v2\/users\/1"}],"replies":[{"embeddable":true,"href":"https:\/\/training.nepsi.eu\/sv\/wp-json\/wp\/v2\/comments?post=25"}],"version-history":[{"count":0,"href":"https:\/\/training.nepsi.eu\/sv\/wp-json\/wp\/v2\/pages\/25\/revisions"}],"wp:attachment":[{"href":"https:\/\/training.nepsi.eu\/sv\/wp-json\/wp\/v2\/media?parent=25"}],"curies":[{"name":"wp","href":"https:\/\/api.w.org\/{rel}","templated":true}]}}