{"id":3,"date":"2024-08-12T12:57:10","date_gmt":"2024-08-12T12:57:10","guid":{"rendered":"https:\/\/nepsi.leidardev.com\/\/\/\/?page_id=3"},"modified":"2024-10-21T10:40:39","modified_gmt":"2024-10-21T10:40:39","slug":"privacy-policy","status":"publish","type":"page","link":"https:\/\/training.nepsi.eu\/sv\/privacy-policy\/","title":{"rendered":"Integritetspolicy"},"content":{"rendered":"<div class=\"wp-block-c83-section uk-section uk-background-norepeat\">\n<div class=\"wp-block-c83-container uk-container\">\n<h1 class=\"wp-block-c83-post-title uk-text-left\">Integritetspolicy<\/h1>\n\n\n\n<p class=\"wp-block-c83-text uk-text-left translation-block\">Din integritet \u00e4r viktig f\u00f6r oss. Det \u00e4r NEPSIs policy att respektera din integritet g\u00e4llande all information vi kan samla in fr\u00e5n dig fr\u00e5n v\u00e5r webbplats <a href=\"https:\/\/www.nepsi.eu\/\" target=\"_self\">https:\/\/www.nepsi.eu\/<\/a> och andra webbplatser vi \u00e4ger och driver.<\/p>\n\n\n\n<p class=\"wp-block-c83-text uk-text-left\">Vi ber endast om personlig information d\u00e5 vi verkligen beh\u00f6ver den f\u00f6r att erbjuda dig en tj\u00e4nst. Vi samlar in p\u00e5 den r\u00e4ttvisa och lagliga s\u00e4tt med din vetskap och ditt godk\u00e4nnande. Vi informerar dig ocks\u00e5 om varf\u00f6r vi samlar in informationen och hur den kommer att anv\u00e4ndas.<\/p>\n\n\n\n<p class=\"wp-block-c83-text uk-text-left\">\"Vi beh\u00e5ller insamlad information endast s\u00e5 l\u00e4nge som vi beh\u00f6ver den f\u00f6r att tillhandah\u00e5lla den tj\u00e4nst du beg\u00e4rt. De uppgifter vi lagrar skyddar vi inom ramen f\u00f6r kommersiellt acceptabla medel f\u00f6r att f\u00f6rhindra f\u00f6rlust och st\u00f6ld, obeh\u00f6rig \u00e5tkomst, utl\u00e4mnande, kopiering, anv\u00e4ndning eller modifiering.\"<\/p>\n\n\n\n<p class=\"wp-block-c83-text uk-text-left\">Vi delar ingen personligt identifierbar information offentligt eller med tredje part, utom d\u00e5 det kr\u00e4vs enligt lag.<\/p>\n\n\n\n<p class=\"wp-block-c83-text uk-text-left\">V\u00e5r webbplats kan l\u00e4nka till externa webbplatser som inte drivs av oss. Observera att vi inte har n\u00e5gon kontroll \u00f6ver inneh\u00e5ll och praxis p\u00e5 dessa webbplatser och att vi inte kan vara ansvariga f\u00f6r deras respektive integritetspolicyer.<\/p>\n\n\n\n<p class=\"wp-block-c83-text uk-text-left\">Du kan neka v\u00e5r beg\u00e4ran om tillg\u00e5ng till dina personuppgifter med vetskapen att vi kanske inte kan tillhandah\u00e5lla alla beg\u00e4rda tj\u00e4nster.<\/p>\n\n\n\n<p class=\"wp-block-c83-text uk-text-left\">Med din fortsatta anv\u00e4ndning av v\u00e5r webbplats godk\u00e4nner du v\u00e5ra rutiner kring integritet och personuppgifter. Vid eventuella fr\u00e5gor om hur vi behandlar anv\u00e4ndaruppgifter och personuppgifter \u00e4r du v\u00e4lkommen att kontakta oss.<br><\/p>\n\n\n\n<p class=\"wp-block-c83-text uk-text-left\">Denna policy g\u00e4ller fr\u00e5n och med 1 december 2020.<\/p>\n<\/div>\n<\/div>","protected":false},"excerpt":{"rendered":"","protected":false},"author":1,"featured_media":0,"parent":0,"menu_order":0,"comment_status":"closed","ping_status":"closed","template":"","meta":{"footnotes":""},"class_list":["post-3","page","type-page","status-publish","hentry"],"_links":{"self":[{"href":"https:\/\/training.nepsi.eu\/sv\/wp-json\/wp\/v2\/pages\/3","targetHints":{"allow":["GET"]}}],"collection":[{"href":"https:\/\/training.nepsi.eu\/sv\/wp-json\/wp\/v2\/pages"}],"about":[{"href":"https:\/\/training.nepsi.eu\/sv\/wp-json\/wp\/v2\/types\/page"}],"author":[{"embeddable":true,"href":"https:\/\/training.nepsi.eu\/sv\/wp-json\/wp\/v2\/users\/1"}],"replies":[{"embeddable":true,"href":"https:\/\/training.nepsi.eu\/sv\/wp-json\/wp\/v2\/comments?post=3"}],"version-history":[{"count":0,"href":"https:\/\/training.nepsi.eu\/sv\/wp-json\/wp\/v2\/pages\/3\/revisions"}],"wp:attachment":[{"href":"https:\/\/training.nepsi.eu\/sv\/wp-json\/wp\/v2\/media?parent=3"}],"curies":[{"name":"wp","href":"https:\/\/api.w.org\/{rel}","templated":true}]}}