{"id":400,"date":"2024-09-19T10:23:53","date_gmt":"2024-09-19T10:23:53","guid":{"rendered":"https:\/\/nepsi.leidardev.com\/\/\/\/?page_id=400"},"modified":"2025-08-04T14:33:26","modified_gmt":"2025-08-04T14:33:26","slug":"training-packs","status":"publish","type":"page","link":"https:\/\/training.nepsi.eu\/sv\/training-packs\/","title":{"rendered":"UTBILDNINGSPAKET"},"content":{"rendered":"<div class=\"wp-block-c83-section uk-section uk-background-norepeat\">\n<div class=\"wp-block-c83-container uk-container\">\n<h1 class=\"wp-block-c83-post-title uk-text-left\">UTBILDNINGSPAKET<\/h1>\n\n\n\n<p class=\"wp-block-c83-text uk-text-left uk-text-lead\">NEPSI-utbildningspaketen f\u00f6r god praxis \u00e4r en del av utbildningssteget i implementeringen av NEPSIs goda praxis.<\/p>\n\n\n\n<p class=\"wp-block-c83-text uk-text-left\">Varje PowerPoint-utbildningspaket t\u00e4cker ett \u00e4mne som \u00e4r relevant f\u00f6r arbetare inom alla branscher som anv\u00e4nder material som inneh\u00e5ller kristallin kvarts. Paketen ger information om risker med att uts\u00e4ttas f\u00f6r damm relaterade till \u00e4mnet och god praxis samt tillg\u00e4ngliga \u00e5tg\u00e4rder f\u00f6r att minska dem. Syftet med utbildningen \u00e4r att informera och utbilda arbetare, med st\u00f6d av en ledare, f\u00f6r att hj\u00e4lpa dem att anv\u00e4nda skydds\u00e5tg\u00e4rderna effektivt och minska deras exponering f\u00f6r respirabel kristallin kvarts (RCS) p\u00e5 arbetsplatsen.<\/p>\n\n\n\n<p class=\"wp-block-c83-text uk-text-left\">Med det \u201dsamlade utbildningspaketet\u201d kan du ladda ner alla 13 PowerPoint-utbildningspaketen samtidigt. Du kan ocks\u00e5 v\u00e4lja att ladda ner dem var f\u00f6r sig.<\/p>\n\n\n\n<h2 class=\"wp-block-c83-heading uk-text-left\">Ladda ner det samlade utbildningspaketet p\u00e5 ditt spr\u00e5k:<\/h2>\n\n\n\n<div class=\"wp-block-c83-vspace c83-vspace-large\"><\/div>\n\n\n\n<div class=\"wp-block-c83-grid uk-grid uk-grid-large  uk-child-width-1-2@s uk-child-width-1-4@m\" uk-grid=\"masonry: false; parallax: 0; parallaxStart: 0; parallaxEnd: 0; parallaxJustify: false;\">\n<div class=\"wp-block-c83-grid-item\">\n<a class=\"wp-block-c83-button uk-button-primary uk-button uk-button-large\" href=\"https:\/\/nepsi.leidardev.com\/\/\/training-packs\/bulgarian\/\" target=\"_self\" rel=\"noopener\" role=\"link\"><span>Bulgariska<\/span><\/a>\n<\/div>\n\n\n\n<div class=\"wp-block-c83-grid-item\">\n<a class=\"wp-block-c83-button uk-button-primary uk-button uk-button-large\" href=\"https:\/\/nepsi.leidardev.com\/\/\/training-packs\/croatian\/\" target=\"_self\" rel=\"noopener\" role=\"link\"><span>Kroatiska<\/span><\/a>\n<\/div>\n\n\n\n<div class=\"wp-block-c83-grid-item\">\n<a class=\"wp-block-c83-button uk-button-primary uk-button uk-button-large\" href=\"https:\/\/nepsi.leidardev.com\/\/\/training-packs\/czech\/\" target=\"_self\" rel=\"noopener\" role=\"link\"><span>Tjeckiska<\/span><\/a>\n<\/div>\n\n\n\n<div class=\"wp-block-c83-grid-item\">\n<a class=\"wp-block-c83-button uk-button-primary uk-button uk-button-large\" href=\"https:\/\/nepsi.leidardev.com\/\/\/training-packs\/danish\/\" target=\"_self\" rel=\"noopener\" role=\"link\"><span>Danska<\/span><\/a>\n<\/div>\n\n\n\n<div class=\"wp-block-c83-grid-item\">\n<a class=\"wp-block-c83-button uk-button-primary uk-button uk-button-large\" href=\"https:\/\/nepsi.leidardev.com\/\/\/training-packs\/dutch\/\" target=\"_self\" rel=\"noopener\" role=\"link\"><span>d\u00e1n\u0161tina<\/span><\/a>\n<\/div>\n\n\n\n<div class=\"wp-block-c83-grid-item\">\n<a class=\"wp-block-c83-button uk-button-primary uk-button uk-button-large\" href=\"https:\/\/nepsi.leidardev.com\/\/\/training-packs\/english\/\" target=\"_self\" rel=\"noopener\" role=\"link\"><span>Engelska<\/span><\/a>\n<\/div>\n\n\n\n<div class=\"wp-block-c83-grid-item\">\n<a class=\"wp-block-c83-button uk-button-primary uk-button uk-button-large\" href=\"https:\/\/nepsi.leidardev.com\/\/\/training-packs\/estonian\/\" target=\"_self\" rel=\"noopener\" role=\"link\"><span>Estniska<\/span><\/a>\n<\/div>\n\n\n\n<div class=\"wp-block-c83-grid-item\">\n<a class=\"wp-block-c83-button uk-button-primary uk-button uk-button-large\" href=\"https:\/\/nepsi.leidardev.com\/\/\/training-packs\/finnish\/\" target=\"_self\" rel=\"noopener\" role=\"link\"><span>Finska<\/span><\/a>\n<\/div>\n\n\n\n<div class=\"wp-block-c83-grid-item\">\n<a class=\"wp-block-c83-button uk-button-primary uk-button uk-button-large\" href=\"https:\/\/nepsi.leidardev.com\/\/\/training-packs\/french\/\" target=\"_self\" rel=\"noopener\" role=\"link\"><span>Franska<\/span><\/a>\n<\/div>\n\n\n\n<div class=\"wp-block-c83-grid-item\">\n<a class=\"wp-block-c83-button uk-button-primary uk-button uk-button-large\" href=\"https:\/\/nepsi.leidardev.com\/\/\/training-packs\/german\/\" target=\"_self\" rel=\"noopener\" role=\"link\"><span>Tyska<\/span><\/a>\n<\/div>\n\n\n\n<div class=\"wp-block-c83-grid-item\">\n<a class=\"wp-block-c83-button uk-button-primary uk-button uk-button-large\" href=\"https:\/\/nepsi.leidardev.com\/\/\/training-packs\/greek\/\" target=\"_self\" rel=\"noopener\" role=\"link\"><span>Grekiska<\/span><\/a>\n<\/div>\n\n\n\n<div class=\"wp-block-c83-grid-item\">\n<a class=\"wp-block-c83-button uk-button-primary uk-button uk-button-large\" href=\"https:\/\/nepsi.leidardev.com\/\/\/training-packs\/hungarian\/\" target=\"_self\" rel=\"noopener\" role=\"link\"><span>Ungerska<\/span><\/a>\n<\/div>\n\n\n\n<div class=\"wp-block-c83-grid-item\">\n<a class=\"wp-block-c83-button uk-button-primary uk-button uk-button-large\" href=\"https:\/\/nepsi.leidardev.com\/\/\/training-packs\/italian\/\" target=\"_self\" rel=\"noopener\" role=\"link\"><span>Italienska<\/span><\/a>\n<\/div>\n\n\n\n<div class=\"wp-block-c83-grid-item\">\n<a class=\"wp-block-c83-button uk-button-primary uk-button uk-button-large\" href=\"https:\/\/nepsi.leidardev.com\/\/\/training-packs\/latvian\/\" target=\"_self\" rel=\"noopener\" role=\"link\"><span>Lettiska<\/span><\/a>\n<\/div>\n\n\n\n<div class=\"wp-block-c83-grid-item\">\n<a class=\"wp-block-c83-button uk-button-primary uk-button uk-button-large\" href=\"https:\/\/nepsi.leidardev.com\/\/\/training-packs\/lithuanian\/\" target=\"_self\" rel=\"noopener\" role=\"link\"><span>Litauiska<\/span><\/a>\n<\/div>\n\n\n\n<div class=\"wp-block-c83-grid-item\">\n<a class=\"wp-block-c83-button uk-button-primary uk-button uk-button-large\" href=\"https:\/\/nepsi.leidardev.com\/\/\/training-packs\/maltese\/\" target=\"_self\" rel=\"noopener\" role=\"link\"><span>Maltesiska<\/span><\/a>\n<\/div>\n\n\n\n<div class=\"wp-block-c83-grid-item\">\n<a class=\"wp-block-c83-button uk-button-primary uk-button uk-button-large\" href=\"https:\/\/nepsi.leidardev.com\/\/\/training-packs\/polish\/\" target=\"_self\" rel=\"noopener\" role=\"link\"><span>Polska<\/span><\/a>\n<\/div>\n\n\n\n<div class=\"wp-block-c83-grid-item\">\n<a class=\"wp-block-c83-button uk-button-primary uk-button uk-button-large\" href=\"https:\/\/nepsi.leidardev.com\/\/\/training-packs\/portuguese\/\" target=\"_self\" rel=\"noopener\" role=\"link\"><span>Portugisiska<\/span><\/a>\n<\/div>\n\n\n\n<div class=\"wp-block-c83-grid-item\">\n<a class=\"wp-block-c83-button uk-button-primary uk-button uk-button-large\" href=\"https:\/\/nepsi.leidardev.com\/\/\/training-packs\/romanian\/\" target=\"_self\" rel=\"noopener\" role=\"link\"><span>Rum\u00e4nska<\/span><\/a>\n<\/div>\n\n\n\n<div class=\"wp-block-c83-grid-item\">\n<a class=\"wp-block-c83-button uk-button-primary uk-button uk-button-large\" href=\"https:\/\/nepsi.leidardev.com\/\/\/training-packs\/slovakian\/\" target=\"_self\" rel=\"noopener\" role=\"link\"><span>Slovakiska<\/span><\/a>\n<\/div>\n\n\n\n<div class=\"wp-block-c83-grid-item\">\n<a class=\"wp-block-c83-button uk-button-primary uk-button uk-button-large\" href=\"https:\/\/nepsi.leidardev.com\/\/\/training-packs\/slovenian\/\" target=\"_self\" rel=\"noopener\" role=\"link\"><span>Slovenska<\/span><\/a>\n<\/div>\n\n\n\n<div class=\"wp-block-c83-grid-item\">\n<a class=\"wp-block-c83-button uk-button-primary uk-button uk-button-large\" href=\"https:\/\/nepsi.leidardev.com\/\/\/training-packs\/spanish\/\" target=\"_self\" rel=\"noopener\" role=\"link\"><span>Spanska<\/span><\/a>\n<\/div>\n\n\n\n<div class=\"wp-block-c83-grid-item\">\n<a class=\"wp-block-c83-button uk-button-primary uk-button uk-button-large\" href=\"https:\/\/nepsi.leidardev.com\/\/\/training-packs\/swedish\/\" target=\"_self\" rel=\"noopener\" role=\"link\"><span>Svenska<\/span><\/a>\n<\/div>\n<\/div>\n<\/div>\n<\/div>","protected":false},"excerpt":{"rendered":"","protected":false},"author":1,"featured_media":0,"parent":0,"menu_order":0,"comment_status":"closed","ping_status":"closed","template":"","meta":{"footnotes":""},"class_list":["post-400","page","type-page","status-publish","hentry"],"_links":{"self":[{"href":"https:\/\/training.nepsi.eu\/sv\/wp-json\/wp\/v2\/pages\/400","targetHints":{"allow":["GET"]}}],"collection":[{"href":"https:\/\/training.nepsi.eu\/sv\/wp-json\/wp\/v2\/pages"}],"about":[{"href":"https:\/\/training.nepsi.eu\/sv\/wp-json\/wp\/v2\/types\/page"}],"author":[{"embeddable":true,"href":"https:\/\/training.nepsi.eu\/sv\/wp-json\/wp\/v2\/users\/1"}],"replies":[{"embeddable":true,"href":"https:\/\/training.nepsi.eu\/sv\/wp-json\/wp\/v2\/comments?post=400"}],"version-history":[{"count":0,"href":"https:\/\/training.nepsi.eu\/sv\/wp-json\/wp\/v2\/pages\/400\/revisions"}],"wp:attachment":[{"href":"https:\/\/training.nepsi.eu\/sv\/wp-json\/wp\/v2\/media?parent=400"}],"curies":[{"name":"wp","href":"https:\/\/api.w.org\/{rel}","templated":true}]}}